{"id":11453,"date":"2023-10-26T11:40:04","date_gmt":"2023-10-26T09:40:04","guid":{"rendered":"https:\/\/tannery-sheepskin.com\/wholesale\/"},"modified":"2023-10-26T11:43:16","modified_gmt":"2023-10-26T09:43:16","slug":"wholesale","status":"publish","type":"page","link":"https:\/\/tannery-sheepskin.com\/en\/wholesale\/","title":{"rendered":"Wholesale"},"content":{"rendered":"<p>[vc_row][vc_column][vc_separator][vc_column_text css_animation=&#8221;fadeIn&#8221;]We are a proud supplier of high quality sheepskins, and we would like to invite wholesale customers who are looking for excellent materials for leather products. Our sheepskins are characterized not only by exceptional quality, but also by a variety of colors and designs, which will allow you to create unique products.[\/vc_column_text][\/vc_column][\/vc_row][vc_row][vc_column][\/vc_column][\/vc_row][vc_row][vc_column][vc_column_text css_animation=&#8221;slideInLeft&#8221;]<\/p>\n<h3 dir=\"ltr\">Why Choose Our Wholesale Offer<\/h3>\n<ul>\n<li dir=\"ltr\">\n<p dir=\"ltr\" role=\"presentation\"><strong>Excellent Quality<\/strong>: Our leathers are carefully selected and subject to rigorous quality controls, which guarantees their durability and aesthetics.<\/p>\n<\/li>\n<li dir=\"ltr\">\n<p dir=\"ltr\" role=\"presentation\"><strong>Wide Offer<\/strong>: We offer a variety of sheepskins, including smooth, natural, perforated, with fur and many others, in various colors and sizes.<\/ p><\/li>\n<li dir=\"ltr\">\n<p dir=\"ltr\" role=\"presentation\"><strong>Competitive Prices<\/strong>: We provide attractive wholesale prices, which allows you to achieve satisfactory margins in your business.<\/p>\n<\/li>\n<li dir=\"ltr\">\n<p dir=\"ltr\" role=\"presentation\"><strong>Customer Support<\/strong>: Our customer service team is ready to help you choose the right skins and provide any necessary information.<\/p>\n<\/li>\n<li dir=\"ltr\">\n<p dir=\"ltr\" role=\"presentation\"><strong>Fast Delivery<\/strong>: We make sure that wholesale orders are processed efficiently and delivered on the agreed date.<\/p>\n<\/li>\n<\/ul>\n<p>[\/vc_column_text][\/vc_column][\/vc_row][vc_row][vc_column][\/vc_column][\/vc_row][vc_row][vc_column][vc_column_text css_animation=&#8221;slideInLeft&#8221;]<\/p>\n<h3 dir=\"ltr\">How to Start Wholesale Cooperation<\/h3>\n<p dir=\"ltr\">If you are interested in our wholesale offer, please contact us. Our sales team is ready to provide you with all the information, pricing and answers to your questions. Together we can customize an offer to meet your individual needs.<\/p>\n<p>[\/vc_column_text][\/vc_column][\/vc_row][vc_row][vc_column][\/vc_column][\/vc_row][vc_row][vc_column][vc_column_text css_animation=&#8221;slideInLeft&#8221;]<\/p>\n<h3>Contact<\/h3>\n<p>[\/vc_column_text][\/vc_column][\/vc_row][vc_row][vc_column css_animation=&#8221;slideInLeft&#8221; el_class=&#8221;contact-form&#8221;]\n<div class=\"wpcf7 no-js\" id=\"wpcf7-f11450-o1\" lang=\"pl-PL\" dir=\"ltr\">\n<div class=\"screen-reader-response\"><p role=\"status\" aria-live=\"polite\" aria-atomic=\"true\"><\/p> <ul><\/ul><\/div>\n<form action=\"\/en\/wp-json\/wp\/v2\/pages\/11453#wpcf7-f11450-o1\" method=\"post\" class=\"wpcf7-form init\" aria-label=\"Formularz kontaktowy\" novalidate=\"novalidate\" data-status=\"init\">\n<div style=\"display: none;\">\n<input type=\"hidden\" name=\"_wpcf7\" value=\"11450\" \/>\n<input type=\"hidden\" name=\"_wpcf7_version\" value=\"5.8.7\" \/>\n<input type=\"hidden\" name=\"_wpcf7_locale\" value=\"pl_PL\" \/>\n<input type=\"hidden\" name=\"_wpcf7_unit_tag\" value=\"wpcf7-f11450-o1\" \/>\n<input type=\"hidden\" name=\"_wpcf7_container_post\" value=\"0\" \/>\n<input type=\"hidden\" name=\"_wpcf7_posted_data_hash\" value=\"\" \/>\n<input type=\"hidden\" name=\"_wpcf7cf_hidden_group_fields\" value=\"[]\" \/>\n<input type=\"hidden\" name=\"_wpcf7cf_hidden_groups\" value=\"[]\" \/>\n<input type=\"hidden\" name=\"_wpcf7cf_visible_groups\" value=\"[]\" \/>\n<input type=\"hidden\" name=\"_wpcf7cf_repeaters\" value=\"[]\" \/>\n<input type=\"hidden\" name=\"_wpcf7cf_steps\" value=\"{}\" \/>\n<input type=\"hidden\" name=\"_wpcf7cf_options\" value=\"{&quot;form_id&quot;:11450,&quot;conditions&quot;:[],&quot;settings&quot;:{&quot;animation&quot;:&quot;yes&quot;,&quot;animation_intime&quot;:200,&quot;animation_outtime&quot;:200,&quot;conditions_ui&quot;:&quot;normal&quot;,&quot;notice_dismissed&quot;:false,&quot;notice_dismissed_rollback-cf7-5.8.6&quot;:true,&quot;notice_dismissed_update-cf7-5.9.6&quot;:true,&quot;notice_dismissed_update-cf7-6.1.4&quot;:true}}\" \/>\n<\/div>\n<p><label> Company name<br \/>\n<span class=\"wpcf7-form-control-wrap\" data-name=\"company\"><input size=\"40\" class=\"wpcf7-form-control wpcf7-text\" autocomplete=\"company\" aria-invalid=\"false\" value=\"\" type=\"text\" name=\"company\" \/><\/span> <\/label>\n<\/p>\n<p><label> Your name*<br \/>\n<span class=\"wpcf7-form-control-wrap\" data-name=\"personName\"><input size=\"40\" class=\"wpcf7-form-control wpcf7-text wpcf7-validates-as-required\" autocomplete=\"personName\" aria-required=\"true\" aria-invalid=\"false\" value=\"\" type=\"text\" name=\"personName\" \/><\/span> <\/label>\n<\/p>\n<p><label> E-mail*<br \/>\n<span class=\"wpcf7-form-control-wrap\" data-name=\"email\"><input size=\"40\" class=\"wpcf7-form-control wpcf7-email wpcf7-validates-as-required wpcf7-text wpcf7-validates-as-email\" autocomplete=\"email\" aria-required=\"true\" aria-invalid=\"false\" value=\"\" type=\"email\" name=\"email\" \/><\/span> <\/label>\n<\/p>\n<p><label> Phone*<br \/>\n<span class=\"wpcf7-form-control-wrap\" data-name=\"phone\"><input size=\"40\" class=\"wpcf7-form-control wpcf7-tel wpcf7-validates-as-required wpcf7-text wpcf7-validates-as-tel\" autocomplete=\"tel\" aria-required=\"true\" aria-invalid=\"false\" value=\"\" type=\"tel\" name=\"phone\" \/><\/span> <\/label>\n<\/p>\n<p><label> Country*<br \/>\n<span class=\"wpcf7-form-control-wrap\" data-name=\"country\"><input size=\"40\" class=\"wpcf7-form-control wpcf7-text wpcf7-validates-as-required\" aria-required=\"true\" aria-invalid=\"false\" value=\"\" type=\"text\" name=\"country\" \/><\/span> <\/label>\n<\/p>\n<p><label> Subject*<br \/>\n<span class=\"wpcf7-form-control-wrap\" data-name=\"subject\"><input size=\"40\" class=\"wpcf7-form-control wpcf7-text wpcf7-validates-as-required\" aria-required=\"true\" aria-invalid=\"false\" value=\"\" type=\"text\" name=\"subject\" \/><\/span> <\/label>\n<\/p>\n<p><label> Message (opcional)<br \/>\n<span class=\"wpcf7-form-control-wrap\" data-name=\"message\"><textarea cols=\"40\" rows=\"10\" class=\"wpcf7-form-control wpcf7-textarea\" aria-invalid=\"false\" name=\"message\"><\/textarea><\/span> <\/label>\n<\/p>\n<p><input class=\"wpcf7-form-control wpcf7-submit has-spinner\" type=\"submit\" value=\"Send\" \/>\n<\/p><div class=\"wpcf7-response-output\" aria-hidden=\"true\"><\/div>\n<\/form>\n<\/div>\n[\/vc_column][\/vc_row]<\/p>\n","protected":false},"excerpt":{"rendered":"<p>[vc_row][vc_column][vc_separator][vc_column_text css_animation=&#8221;fadeIn&#8221;]We are a proud supplier of high quality sheepskins, and we would like to invite wholesale customers who are\u2026<\/p>\n","protected":false},"author":4,"featured_media":0,"parent":0,"menu_order":0,"comment_status":"closed","ping_status":"closed","template":"","meta":[],"yoast_head":"<!-- This site is optimized with the Yoast SEO Premium plugin v18.2.1 (Yoast SEO v18.4.1) - https:\/\/yoast.com\/wordpress\/plugins\/seo\/ -->\n<title>Wholesale<\/title>\n<meta name=\"description\" content=\"We are a proud supplier of high quality sheepskins and would like to invite wholesale customers to join us.\" \/>\n<meta name=\"robots\" content=\"index, follow, max-snippet:-1, max-image-preview:large, max-video-preview:-1\" \/>\n<link rel=\"canonical\" href=\"https:\/\/tannery-sheepskin.com\/en\/wholesale\/\" \/>\n<meta property=\"og:locale\" content=\"en_US\" \/>\n<meta property=\"og:type\" content=\"article\" \/>\n<meta property=\"og:title\" content=\"Wholesale\" \/>\n<meta property=\"og:description\" content=\"We are a proud supplier of high quality sheepskins and would like to invite wholesale customers to join us.\" \/>\n<meta property=\"og:url\" content=\"https:\/\/tannery-sheepskin.com\/en\/wholesale\/\" \/>\n<meta property=\"og:site_name\" content=\"Producent owczych sk\u00f3r dekoracyjnych | Tannery Sheepskin | KalSk\u00f3r\" \/>\n<meta property=\"article:modified_time\" content=\"2023-10-26T09:43:16+00:00\" \/>\n<meta name=\"twitter:card\" content=\"summary_large_image\" \/>\n<meta name=\"twitter:label1\" content=\"Est. reading time\" \/>\n\t<meta name=\"twitter:data1\" content=\"2 minutes\" \/>\n<script type=\"application\/ld+json\" class=\"yoast-schema-graph\">{\"@context\":\"https:\/\/schema.org\",\"@graph\":[{\"@type\":[\"Organization\",\"Place\"],\"@id\":\"https:\/\/tannery-sheepskin.com\/en\/#organization\",\"name\":\"Tannery Sheepskin KalSk\u00f3r\",\"url\":\"https:\/\/tannery-sheepskin.com\/en\/\",\"sameAs\":[],\"logo\":{\"@id\":\"https:\/\/tannery-sheepskin.com\/en\/wholesale\/#local-main-organization-logo\"},\"image\":{\"@id\":\"https:\/\/tannery-sheepskin.com\/en\/wholesale\/#local-main-organization-logo\"},\"address\":{\"@id\":\"https:\/\/tannery-sheepskin.com\/en\/wholesale\/#local-main-place-address\"},\"geo\":{\"@type\":\"GeoCoordinates\",\"latitude\":\"49.4412818\",\"longitude\":\"20.0215325\"},\"telephone\":[\"882-550-122\",\"888-267-329\"],\"openingHoursSpecification\":[{\"@type\":\"OpeningHoursSpecification\",\"dayOfWeek\":[\"Monday\",\"Tuesday\",\"Wednesday\",\"Thursday\",\"Friday\",\"Saturday\",\"Sunday\"],\"opens\":\"09:00\",\"closes\":\"17:00\"}],\"email\":\"detal@wyprawa-skor.pl\",\"taxID\":\"7352805338\"},{\"@type\":\"WebSite\",\"@id\":\"https:\/\/tannery-sheepskin.com\/en\/#website\",\"url\":\"https:\/\/tannery-sheepskin.com\/en\/\",\"name\":\"Producent owczych sk\u00f3r dekoracyjnych | Tannery Sheepskin | KalSk\u00f3r\",\"description\":\"Firma KALSK\u00d3R istnieje na rynku od 1989r i od tych w\u0142a\u015bnie lat cieszy si\u0119 bardzo dobrym zaufaniem w\u015br\u00f3d wszystkich klient\u00f3w. Zajmujemy si\u0119 produkcj\u0105 wysokiej jako\u015bci ko\u017cuch\u00f3w damskich, m\u0119skich, sk\u00f3r dekoracyjnych oraz ko\u017cuch\u00f3w dzieci\u0119cych, a tak\u017ce produkcj\u0105 kamizelek, czapek, r\u0119kawiczek oraz bucik\u00f3w ze sk\u00f3r futerkowych. Ko\u017cuchy kt\u00f3re posiadamy produkowane s\u0105 na najlepszych sk\u00f3rach kt\u00f3re sami importujemy, dlatego nasze ko\u017cuchy sa mi\u0119ciutkie, leciutkie i bardzo \u0142adnie uszyte kt\u00f3re s\u0105 idealnie dopasowane do figury. Nasza firma ka\u017cdego roku wprowadza nowe wzory pod\u0105\u017caj\u0105ce za trendami mody. Firma Kalsk\u00f3r zajmuje si\u0119 tak\u017ce szerok\u0105 produkcj\u0105 wszelkich rodzai sk\u00f3r dekoracyjnych. Sk\u00f3ry kt\u00f3re posiadamy produkowane s\u0105 na naturalnych garbnikach dlatego sk\u00f3ra jest mi\u0119kka, puszysta, o l\u015bni\u0105cym bia\u0142ym w\u0142osie, najlepsze na Podhalu\",\"publisher\":{\"@id\":\"https:\/\/tannery-sheepskin.com\/en\/#organization\"},\"potentialAction\":[{\"@type\":\"SearchAction\",\"target\":{\"@type\":\"EntryPoint\",\"urlTemplate\":\"https:\/\/tannery-sheepskin.com\/en\/?s={search_term_string}\"},\"query-input\":\"required name=search_term_string\"}],\"inLanguage\":\"en-US\"},{\"@type\":\"WebPage\",\"@id\":\"https:\/\/tannery-sheepskin.com\/en\/wholesale\/#webpage\",\"url\":\"https:\/\/tannery-sheepskin.com\/en\/wholesale\/\",\"name\":\"Wholesale\",\"isPartOf\":{\"@id\":\"https:\/\/tannery-sheepskin.com\/en\/#website\"},\"datePublished\":\"2023-10-26T09:40:04+00:00\",\"dateModified\":\"2023-10-26T09:43:16+00:00\",\"description\":\"We are a proud supplier of high quality sheepskins and would like to invite wholesale customers to join us.\",\"breadcrumb\":{\"@id\":\"https:\/\/tannery-sheepskin.com\/en\/wholesale\/#breadcrumb\"},\"inLanguage\":\"en-US\",\"potentialAction\":[{\"@type\":\"ReadAction\",\"target\":[\"https:\/\/tannery-sheepskin.com\/en\/wholesale\/\"]}]},{\"@type\":\"BreadcrumbList\",\"@id\":\"https:\/\/tannery-sheepskin.com\/en\/wholesale\/#breadcrumb\",\"itemListElement\":[{\"@type\":\"ListItem\",\"position\":1,\"name\":\"Strona g\u0142\u00f3wna\",\"item\":\"https:\/\/tannery-sheepskin.com\/en\/home\/\"},{\"@type\":\"ListItem\",\"position\":2,\"name\":\"Wholesale\"}]},{\"@type\":\"PostalAddress\",\"@id\":\"https:\/\/tannery-sheepskin.com\/en\/wholesale\/#local-main-place-address\",\"streetAddress\":\"ul Zakopia\u0144ska 25B, 34-424 Szaflary\",\"addressLocality\":\"Szaflary\",\"postalCode\":\"34-424\",\"addressRegion\":\"Ma\u0142opolska\",\"addressCountry\":\"PL\"},{\"@type\":\"ImageObject\",\"@id\":\"https:\/\/tannery-sheepskin.com\/en\/wholesale\/#local-main-organization-logo\",\"inLanguage\":\"en-US\",\"url\":\"https:\/\/tannery-sheepskin.com\/wp-content\/uploads\/2021\/11\/logo-min-1.png\",\"contentUrl\":\"https:\/\/tannery-sheepskin.com\/wp-content\/uploads\/2021\/11\/logo-min-1.png\",\"width\":265,\"height\":81,\"caption\":\"Tannery Sheepskin KalSk\u00f3r\"}]}<\/script>\n<meta name=\"geo.placename\" content=\"Szaflary\" \/>\n<meta name=\"geo.position\" content=\"49.4412818;20.0215325\" \/>\n<meta name=\"geo.region\" content=\"Poland\" \/>\n<!-- \/ Yoast SEO Premium plugin. -->","yoast_head_json":{"title":"Wholesale","description":"We are a proud supplier of high quality sheepskins and would like to invite wholesale customers to join us.","robots":{"index":"index","follow":"follow","max-snippet":"max-snippet:-1","max-image-preview":"max-image-preview:large","max-video-preview":"max-video-preview:-1"},"canonical":"https:\/\/tannery-sheepskin.com\/en\/wholesale\/","og_locale":"en_US","og_type":"article","og_title":"Wholesale","og_description":"We are a proud supplier of high quality sheepskins and would like to invite wholesale customers to join us.","og_url":"https:\/\/tannery-sheepskin.com\/en\/wholesale\/","og_site_name":"Producent owczych sk\u00f3r dekoracyjnych | Tannery Sheepskin | KalSk\u00f3r","article_modified_time":"2023-10-26T09:43:16+00:00","twitter_card":"summary_large_image","twitter_misc":{"Est. reading time":"2 minutes"},"schema":{"@context":"https:\/\/schema.org","@graph":[{"@type":["Organization","Place"],"@id":"https:\/\/tannery-sheepskin.com\/en\/#organization","name":"Tannery Sheepskin KalSk\u00f3r","url":"https:\/\/tannery-sheepskin.com\/en\/","sameAs":[],"logo":{"@id":"https:\/\/tannery-sheepskin.com\/en\/wholesale\/#local-main-organization-logo"},"image":{"@id":"https:\/\/tannery-sheepskin.com\/en\/wholesale\/#local-main-organization-logo"},"address":{"@id":"https:\/\/tannery-sheepskin.com\/en\/wholesale\/#local-main-place-address"},"geo":{"@type":"GeoCoordinates","latitude":"49.4412818","longitude":"20.0215325"},"telephone":["882-550-122","888-267-329","882-550-122","888-267-329"],"openingHoursSpecification":[{"@type":"OpeningHoursSpecification","dayOfWeek":["Monday","Tuesday","Wednesday","Thursday","Friday","Saturday","Sunday"],"opens":"09:00","closes":"17:00"}],"email":"detal@wyprawa-skor.pl","taxID":"7352805338"},{"@type":"WebSite","@id":"https:\/\/tannery-sheepskin.com\/en\/#website","url":"https:\/\/tannery-sheepskin.com\/en\/","name":"Producent owczych sk\u00f3r dekoracyjnych | Tannery Sheepskin | KalSk\u00f3r","description":"Firma KALSK\u00d3R istnieje na rynku od 1989r i od tych w\u0142a\u015bnie lat cieszy si\u0119 bardzo dobrym zaufaniem w\u015br\u00f3d wszystkich klient\u00f3w. Zajmujemy si\u0119 produkcj\u0105 wysokiej jako\u015bci ko\u017cuch\u00f3w damskich, m\u0119skich, sk\u00f3r dekoracyjnych oraz ko\u017cuch\u00f3w dzieci\u0119cych, a tak\u017ce produkcj\u0105 kamizelek, czapek, r\u0119kawiczek oraz bucik\u00f3w ze sk\u00f3r futerkowych. Ko\u017cuchy kt\u00f3re posiadamy produkowane s\u0105 na najlepszych sk\u00f3rach kt\u00f3re sami importujemy, dlatego nasze ko\u017cuchy sa mi\u0119ciutkie, leciutkie i bardzo \u0142adnie uszyte kt\u00f3re s\u0105 idealnie dopasowane do figury. Nasza firma ka\u017cdego roku wprowadza nowe wzory pod\u0105\u017caj\u0105ce za trendami mody. Firma Kalsk\u00f3r zajmuje si\u0119 tak\u017ce szerok\u0105 produkcj\u0105 wszelkich rodzai sk\u00f3r dekoracyjnych. Sk\u00f3ry kt\u00f3re posiadamy produkowane s\u0105 na naturalnych garbnikach dlatego sk\u00f3ra jest mi\u0119kka, puszysta, o l\u015bni\u0105cym bia\u0142ym w\u0142osie, najlepsze na Podhalu","publisher":{"@id":"https:\/\/tannery-sheepskin.com\/en\/#organization"},"potentialAction":[{"@type":"SearchAction","target":{"@type":"EntryPoint","urlTemplate":"https:\/\/tannery-sheepskin.com\/en\/?s={search_term_string}"},"query-input":"required name=search_term_string"}],"inLanguage":"en-US"},{"@type":"WebPage","@id":"https:\/\/tannery-sheepskin.com\/en\/wholesale\/#webpage","url":"https:\/\/tannery-sheepskin.com\/en\/wholesale\/","name":"Wholesale","isPartOf":{"@id":"https:\/\/tannery-sheepskin.com\/en\/#website"},"datePublished":"2023-10-26T09:40:04+00:00","dateModified":"2023-10-26T09:43:16+00:00","description":"We are a proud supplier of high quality sheepskins and would like to invite wholesale customers to join us.","breadcrumb":{"@id":"https:\/\/tannery-sheepskin.com\/en\/wholesale\/#breadcrumb"},"inLanguage":"en-US","potentialAction":[{"@type":"ReadAction","target":["https:\/\/tannery-sheepskin.com\/en\/wholesale\/"]}]},{"@type":"BreadcrumbList","@id":"https:\/\/tannery-sheepskin.com\/en\/wholesale\/#breadcrumb","itemListElement":[{"@type":"ListItem","position":1,"name":"Strona g\u0142\u00f3wna","item":"https:\/\/tannery-sheepskin.com\/en\/home\/"},{"@type":"ListItem","position":2,"name":"Wholesale"}]},{"@type":"PostalAddress","@id":"https:\/\/tannery-sheepskin.com\/en\/wholesale\/#local-main-place-address","streetAddress":"ul Zakopia\u0144ska 25B, 34-424 Szaflary","addressLocality":"Szaflary","postalCode":"34-424","addressRegion":"Ma\u0142opolska","addressCountry":"PL"},{"@type":"ImageObject","@id":"https:\/\/tannery-sheepskin.com\/en\/wholesale\/#local-main-organization-logo","inLanguage":"en-US","url":"https:\/\/tannery-sheepskin.com\/wp-content\/uploads\/2021\/11\/logo-min-1.png","contentUrl":"https:\/\/tannery-sheepskin.com\/wp-content\/uploads\/2021\/11\/logo-min-1.png","width":265,"height":81,"caption":"Tannery Sheepskin KalSk\u00f3r"}]},"geo.placename":"Szaflary","geo.position":{"lat":"49.4412818","long":"20.0215325"},"geo.region":"Poland"},"_links":{"self":[{"href":"https:\/\/tannery-sheepskin.com\/en\/wp-json\/wp\/v2\/pages\/11453"}],"collection":[{"href":"https:\/\/tannery-sheepskin.com\/en\/wp-json\/wp\/v2\/pages"}],"about":[{"href":"https:\/\/tannery-sheepskin.com\/en\/wp-json\/wp\/v2\/types\/page"}],"author":[{"embeddable":true,"href":"https:\/\/tannery-sheepskin.com\/en\/wp-json\/wp\/v2\/users\/4"}],"replies":[{"embeddable":true,"href":"https:\/\/tannery-sheepskin.com\/en\/wp-json\/wp\/v2\/comments?post=11453"}],"version-history":[{"count":5,"href":"https:\/\/tannery-sheepskin.com\/en\/wp-json\/wp\/v2\/pages\/11453\/revisions"}],"predecessor-version":[{"id":11458,"href":"https:\/\/tannery-sheepskin.com\/en\/wp-json\/wp\/v2\/pages\/11453\/revisions\/11458"}],"wp:attachment":[{"href":"https:\/\/tannery-sheepskin.com\/en\/wp-json\/wp\/v2\/media?parent=11453"}],"curies":[{"name":"wp","href":"https:\/\/api.w.org\/{rel}","templated":true}]}}