{"id":730,"date":"2019-04-11T08:27:23","date_gmt":"2019-04-11T06:27:23","guid":{"rendered":"http:\/\/tannery-sheepskin.com\/contact\/"},"modified":"2023-10-26T10:44:07","modified_gmt":"2023-10-26T08:44:07","slug":"contact","status":"publish","type":"page","link":"https:\/\/tannery-sheepskin.com\/en\/contact\/","title":{"rendered":"Contact"},"content":{"rendered":"<p>[vc_row][vc_column][vc_column_text]<strong>Tannery Sheepskin \u2013 KalSk\u00f3r, st. Zakopia\u0144ska 25B, 34-424 Szaflary, (lesser poland)<\/strong><\/p>\n<p>Send email:\u00a0<a href=\"mailto:detal@wyprawa-skor.pl\">detal@wyprawa-skor.pl<\/a>\u00a0\/\/\u00a0<a href=\"mailto:tannerysheepskin@gmail.com\">tannerysheepskin@gmail.com<\/a><br \/>\nWholesale &#8211; minimum order 20 items:\u00a0<a href=\"tel:+48888267329\">888-267-329<\/a><br \/>\nRetail sales, shipments, complaints:\u00a0<a href=\"tel:+48882550122\">882-550-122<\/a><\/p>\n<p><strong>Bank Polska Kasa Opieki S.A &#8211; Swift: PKOPPLPW<\/strong><br \/>\nPLN account &#8211; 90 1240 1574 1111 0010 9524 2821<br \/>\nEUR account &#8211; 79 1240 1574 1978 0010 9524 2834<br \/>\nUSD account &#8211; 61 1240 1574 1787 0010 9573 9842<br \/>\nGBP account &#8211; 59 1240 1574 1789 0010 9524 2847[\/vc_column_text][\/vc_column][\/vc_row]<\/p>\n<p>[vc_row][vc_column offset=&#8221;vc_col-lg-6&#8243; el_class=&#8221;contact-form&#8221;][vc_column_text]<\/p>\n<h3>Contact form<\/h3>\n<p>[\/vc_column_text]\n<div class=\"wpcf7 no-js\" id=\"wpcf7-f11439-o1\" lang=\"pl-PL\" dir=\"ltr\">\n<div class=\"screen-reader-response\"><p role=\"status\" aria-live=\"polite\" aria-atomic=\"true\"><\/p> <ul><\/ul><\/div>\n<form action=\"\/en\/wp-json\/wp\/v2\/pages\/730#wpcf7-f11439-o1\" method=\"post\" class=\"wpcf7-form init\" aria-label=\"Formularz kontaktowy\" novalidate=\"novalidate\" data-status=\"init\">\n<div style=\"display: none;\">\n<input type=\"hidden\" name=\"_wpcf7\" value=\"11439\" \/>\n<input type=\"hidden\" name=\"_wpcf7_version\" value=\"5.8.7\" \/>\n<input type=\"hidden\" name=\"_wpcf7_locale\" value=\"pl_PL\" \/>\n<input type=\"hidden\" name=\"_wpcf7_unit_tag\" value=\"wpcf7-f11439-o1\" \/>\n<input type=\"hidden\" name=\"_wpcf7_container_post\" value=\"0\" \/>\n<input type=\"hidden\" name=\"_wpcf7_posted_data_hash\" value=\"\" \/>\n<input type=\"hidden\" name=\"_wpcf7cf_hidden_group_fields\" value=\"[]\" \/>\n<input type=\"hidden\" name=\"_wpcf7cf_hidden_groups\" value=\"[]\" \/>\n<input type=\"hidden\" name=\"_wpcf7cf_visible_groups\" value=\"[]\" \/>\n<input type=\"hidden\" name=\"_wpcf7cf_repeaters\" value=\"[]\" \/>\n<input type=\"hidden\" name=\"_wpcf7cf_steps\" value=\"{}\" \/>\n<input type=\"hidden\" name=\"_wpcf7cf_options\" value=\"{&quot;form_id&quot;:11439,&quot;conditions&quot;:[{&quot;then_field&quot;:&quot;group-product&quot;,&quot;and_rules&quot;:[{&quot;if_field&quot;:&quot;subject&quot;,&quot;operator&quot;:&quot;equals&quot;,&quot;if_value&quot;:&quot;Product inquiry&quot;}]},{&quot;then_field&quot;:&quot;group-product&quot;,&quot;and_rules&quot;:[{&quot;if_field&quot;:&quot;subject&quot;,&quot;operator&quot;:&quot;equals&quot;,&quot;if_value&quot;:&quot;Product availability&quot;}]},{&quot;then_field&quot;:&quot;group-order&quot;,&quot;and_rules&quot;:[{&quot;if_field&quot;:&quot;subject&quot;,&quot;operator&quot;:&quot;equals&quot;,&quot;if_value&quot;:&quot;Order inquiry&quot;}]},{&quot;then_field&quot;:&quot;group-order&quot;,&quot;and_rules&quot;:[{&quot;if_field&quot;:&quot;subject&quot;,&quot;operator&quot;:&quot;equals&quot;,&quot;if_value&quot;:&quot;Return&quot;}]},{&quot;then_field&quot;:&quot;group-order-1&quot;,&quot;and_rules&quot;:[{&quot;if_field&quot;:&quot;subject&quot;,&quot;operator&quot;:&quot;equals&quot;,&quot;if_value&quot;:&quot;Request for delivery information&quot;}]}],&quot;settings&quot;:{&quot;animation&quot;:&quot;yes&quot;,&quot;animation_intime&quot;:200,&quot;animation_outtime&quot;:200,&quot;conditions_ui&quot;:&quot;normal&quot;,&quot;notice_dismissed&quot;:false,&quot;notice_dismissed_rollback-cf7-5.8.6&quot;:true,&quot;notice_dismissed_update-cf7-5.9.6&quot;:true,&quot;notice_dismissed_update-cf7-6.1.4&quot;:true}}\" \/>\n<\/div>\n<p><label> Your name<br \/>\n<span class=\"wpcf7-form-control-wrap\" data-name=\"user-name\"><input size=\"40\" class=\"wpcf7-form-control wpcf7-text wpcf7-validates-as-required\" autocomplete=\"name\" aria-required=\"true\" aria-invalid=\"false\" value=\"\" type=\"text\" name=\"user-name\" \/><\/span> <\/label>\n<\/p>\n<p><label> E-mail<br \/>\n<span class=\"wpcf7-form-control-wrap\" data-name=\"email\"><input size=\"40\" class=\"wpcf7-form-control wpcf7-email wpcf7-validates-as-required wpcf7-text wpcf7-validates-as-email\" autocomplete=\"email\" aria-required=\"true\" aria-invalid=\"false\" value=\"\" type=\"email\" name=\"email\" \/><\/span> <\/label>\n<\/p>\n<p><label style=\"margin-bottom:12px\"> Phone<br \/>\n<span class=\"wpcf7-form-control-wrap\" data-name=\"phone\"><input size=\"40\" class=\"wpcf7-form-control wpcf7-phonetext wpcf7-text wpcf7-validates-as-phonetext\" autocomplete=\"tel\" data-numberonly=\"true\" aria-invalid=\"false\" value=\"\" type=\"text\" name=\"phone\" \/><input type=\"hidden\" name=\"phone-country-code\" class=\"wpcf7-phonetext-country-code\" \/><\/span> <\/label>\n<\/p>\n<p><label> Subject<br \/>\n<span class=\"wpcf7-form-control-wrap\" data-name=\"subject\"><select class=\"wpcf7-form-control wpcf7-select wpcf7-validates-as-required\" aria-required=\"true\" aria-invalid=\"false\" name=\"subject\"><option value=\"\">&#8212;Prosz\u0119 wybra\u0107 opcj\u0119&#8212;<\/option><option value=\"Product inquiry\">Product inquiry<\/option><option value=\"Order inquiry\">Order inquiry<\/option><option value=\"Product availability\">Product availability<\/option><option value=\"Request for delivery information\">Request for delivery information<\/option><option value=\"Return\">Return<\/option><option value=\"General Questions\">General Questions<\/option><option value=\"Wholesale Inquiries\">Wholesale Inquiries<\/option><option value=\"Other\">Other<\/option><\/select><\/span> <\/label>\n<\/p>\n<div data-id=\"group-product\" data-orig_data_id=\"group-product\" data-clear_on_hide class=\"\" data-class=\"wpcf7cf_group\">\n\t<p><label><br \/>\nProduct name<br \/>\n<span class=\"wpcf7-form-control-wrap\" data-name=\"product-name\"><input size=\"40\" class=\"wpcf7-form-control wpcf7-text wpcf7-validates-as-required\" aria-required=\"true\" aria-invalid=\"false\" value=\"\" type=\"text\" name=\"product-name\" \/><\/span><br \/>\n<\/label>\n\t<\/p>\n<\/div>\n<div data-id=\"group-order\" data-orig_data_id=\"group-order\" data-clear_on_hide class=\"\" data-class=\"wpcf7cf_group\">\n\t<p><label> Order<br \/>\n<span class=\"wpcf7-form-control-wrap\" data-name=\"id-order\"><input size=\"40\" class=\"wpcf7-form-control wpcf7-text wpcf7-validates-as-required\" aria-required=\"true\" aria-invalid=\"false\" value=\"\" type=\"text\" name=\"id-order\" \/><\/span><br \/>\n<\/label>\n\t<\/p>\n<\/div>\n<div data-id=\"group-order-1\" data-orig_data_id=\"group-order-1\" data-clear_on_hide class=\"\" data-class=\"wpcf7cf_group\">\n\t<p><label> Order<br \/>\n<span class=\"wpcf7-form-control-wrap\" data-name=\"id-order\"><input size=\"40\" class=\"wpcf7-form-control wpcf7-text\" aria-invalid=\"false\" value=\"\" type=\"text\" name=\"id-order\" \/><\/span><br \/>\n<\/label>\n\t<\/p>\n<\/div>\n<p><label> Message<br \/>\n<span class=\"wpcf7-form-control-wrap\" data-name=\"message\"><textarea cols=\"40\" rows=\"10\" class=\"wpcf7-form-control wpcf7-textarea wpcf7-validates-as-required\" aria-required=\"true\" aria-invalid=\"false\" name=\"message\"><\/textarea><\/span> <\/label>\n<\/p>\n<p><input class=\"wpcf7-form-control wpcf7-submit has-spinner\" type=\"submit\" value=\"Send\" \/>\n<\/p><div class=\"wpcf7-response-output\" aria-hidden=\"true\"><\/div>\n<\/form>\n<\/div>\n[\/vc_column][\/vc_row]<\/p>\n","protected":false},"excerpt":{"rendered":"<p>[vc_row][vc_column][vc_column_text]Tannery Sheepskin \u2013 KalSk\u00f3r, st. Zakopia\u0144ska 25B, 34-424 Szaflary, (lesser poland) Send email:\u00a0detal@wyprawa-skor.pl\u00a0\/\/\u00a0tannerysheepskin@gmail.com Wholesale &#8211; minimum order 20 items:\u00a0888-267-329 Retail\u2026<\/p>\n","protected":false},"author":1,"featured_media":0,"parent":0,"menu_order":0,"comment_status":"closed","ping_status":"closed","template":"","meta":[],"yoast_head":"<!-- This site is optimized with the Yoast SEO Premium plugin v18.2.1 (Yoast SEO v18.4.1) - https:\/\/yoast.com\/wordpress\/plugins\/seo\/ -->\n<title>Producent owczych sk\u00f3r dekoracyjnych | Tannery Sheepskin | KalSk\u00f3r<\/title>\n<meta name=\"description\" content=\"Contact - Tannery Sheepskin \u2013 KalSk\u00f3r, st. Zakopia\u0144ska 25B, 34-424 Szaflary, (lesser poland)\" \/>\n<meta name=\"robots\" content=\"index, follow, max-snippet:-1, max-image-preview:large, max-video-preview:-1\" \/>\n<link rel=\"canonical\" href=\"https:\/\/tannery-sheepskin.com\/en\/contact\/\" \/>\n<meta property=\"og:locale\" content=\"en_US\" \/>\n<meta property=\"og:type\" content=\"article\" \/>\n<meta property=\"og:title\" content=\"Contact\" \/>\n<meta property=\"og:description\" content=\"Contact - Tannery Sheepskin \u2013 KalSk\u00f3r, st. Zakopia\u0144ska 25B, 34-424 Szaflary, (lesser poland)\" \/>\n<meta property=\"og:url\" content=\"https:\/\/tannery-sheepskin.com\/en\/contact\/\" \/>\n<meta property=\"og:site_name\" content=\"Producent owczych sk\u00f3r dekoracyjnych | Tannery Sheepskin | KalSk\u00f3r\" \/>\n<meta property=\"article:modified_time\" content=\"2023-10-26T08:44:07+00:00\" \/>\n<meta name=\"twitter:card\" content=\"summary_large_image\" \/>\n<meta name=\"twitter:label1\" content=\"Est. reading time\" \/>\n\t<meta name=\"twitter:data1\" content=\"1 minute\" \/>\n<script type=\"application\/ld+json\" class=\"yoast-schema-graph\">{\"@context\":\"https:\/\/schema.org\",\"@graph\":[{\"@type\":[\"Organization\",\"Place\"],\"@id\":\"https:\/\/tannery-sheepskin.com\/en\/#organization\",\"name\":\"Tannery Sheepskin KalSk\u00f3r\",\"url\":\"https:\/\/tannery-sheepskin.com\/en\/\",\"sameAs\":[],\"logo\":{\"@id\":\"https:\/\/tannery-sheepskin.com\/en\/contact\/#local-main-organization-logo\"},\"image\":{\"@id\":\"https:\/\/tannery-sheepskin.com\/en\/contact\/#local-main-organization-logo\"},\"address\":{\"@id\":\"https:\/\/tannery-sheepskin.com\/en\/contact\/#local-main-place-address\"},\"geo\":{\"@type\":\"GeoCoordinates\",\"latitude\":\"49.4412818\",\"longitude\":\"20.0215325\"},\"telephone\":[\"882-550-122\",\"888-267-329\"],\"openingHoursSpecification\":[{\"@type\":\"OpeningHoursSpecification\",\"dayOfWeek\":[\"Monday\",\"Tuesday\",\"Wednesday\",\"Thursday\",\"Friday\",\"Saturday\",\"Sunday\"],\"opens\":\"09:00\",\"closes\":\"17:00\"}],\"email\":\"detal@wyprawa-skor.pl\",\"taxID\":\"7352805338\"},{\"@type\":\"WebSite\",\"@id\":\"https:\/\/tannery-sheepskin.com\/en\/#website\",\"url\":\"https:\/\/tannery-sheepskin.com\/en\/\",\"name\":\"Producent owczych sk\u00f3r dekoracyjnych | Tannery Sheepskin | KalSk\u00f3r\",\"description\":\"Firma KALSK\u00d3R istnieje na rynku od 1989r i od tych w\u0142a\u015bnie lat cieszy si\u0119 bardzo dobrym zaufaniem w\u015br\u00f3d wszystkich klient\u00f3w. Zajmujemy si\u0119 produkcj\u0105 wysokiej jako\u015bci ko\u017cuch\u00f3w damskich, m\u0119skich, sk\u00f3r dekoracyjnych oraz ko\u017cuch\u00f3w dzieci\u0119cych, a tak\u017ce produkcj\u0105 kamizelek, czapek, r\u0119kawiczek oraz bucik\u00f3w ze sk\u00f3r futerkowych. Ko\u017cuchy kt\u00f3re posiadamy produkowane s\u0105 na najlepszych sk\u00f3rach kt\u00f3re sami importujemy, dlatego nasze ko\u017cuchy sa mi\u0119ciutkie, leciutkie i bardzo \u0142adnie uszyte kt\u00f3re s\u0105 idealnie dopasowane do figury. Nasza firma ka\u017cdego roku wprowadza nowe wzory pod\u0105\u017caj\u0105ce za trendami mody. Firma Kalsk\u00f3r zajmuje si\u0119 tak\u017ce szerok\u0105 produkcj\u0105 wszelkich rodzai sk\u00f3r dekoracyjnych. Sk\u00f3ry kt\u00f3re posiadamy produkowane s\u0105 na naturalnych garbnikach dlatego sk\u00f3ra jest mi\u0119kka, puszysta, o l\u015bni\u0105cym bia\u0142ym w\u0142osie, najlepsze na Podhalu\",\"publisher\":{\"@id\":\"https:\/\/tannery-sheepskin.com\/en\/#organization\"},\"potentialAction\":[{\"@type\":\"SearchAction\",\"target\":{\"@type\":\"EntryPoint\",\"urlTemplate\":\"https:\/\/tannery-sheepskin.com\/en\/?s={search_term_string}\"},\"query-input\":\"required name=search_term_string\"}],\"inLanguage\":\"en-US\"},{\"@type\":\"WebPage\",\"@id\":\"https:\/\/tannery-sheepskin.com\/en\/contact\/#webpage\",\"url\":\"https:\/\/tannery-sheepskin.com\/en\/contact\/\",\"name\":\"Producent owczych sk\u00f3r dekoracyjnych | Tannery Sheepskin | KalSk\u00f3r\",\"isPartOf\":{\"@id\":\"https:\/\/tannery-sheepskin.com\/en\/#website\"},\"datePublished\":\"2019-04-11T06:27:23+00:00\",\"dateModified\":\"2023-10-26T08:44:07+00:00\",\"description\":\"Contact - Tannery Sheepskin \u2013 KalSk\u00f3r, st. Zakopia\u0144ska 25B, 34-424 Szaflary, (lesser poland)\",\"breadcrumb\":{\"@id\":\"https:\/\/tannery-sheepskin.com\/en\/contact\/#breadcrumb\"},\"inLanguage\":\"en-US\",\"potentialAction\":[{\"@type\":\"ReadAction\",\"target\":[\"https:\/\/tannery-sheepskin.com\/en\/contact\/\"]}]},{\"@type\":\"BreadcrumbList\",\"@id\":\"https:\/\/tannery-sheepskin.com\/en\/contact\/#breadcrumb\",\"itemListElement\":[{\"@type\":\"ListItem\",\"position\":1,\"name\":\"Strona g\u0142\u00f3wna\",\"item\":\"https:\/\/tannery-sheepskin.com\/en\/home\/\"},{\"@type\":\"ListItem\",\"position\":2,\"name\":\"Contact\"}]},{\"@type\":\"PostalAddress\",\"@id\":\"https:\/\/tannery-sheepskin.com\/en\/contact\/#local-main-place-address\",\"streetAddress\":\"ul Zakopia\u0144ska 25B, 34-424 Szaflary\",\"addressLocality\":\"Szaflary\",\"postalCode\":\"34-424\",\"addressRegion\":\"Ma\u0142opolska\",\"addressCountry\":\"PL\"},{\"@type\":\"ImageObject\",\"@id\":\"https:\/\/tannery-sheepskin.com\/en\/contact\/#local-main-organization-logo\",\"inLanguage\":\"en-US\",\"url\":\"https:\/\/tannery-sheepskin.com\/wp-content\/uploads\/2021\/11\/logo-min-1.png\",\"contentUrl\":\"https:\/\/tannery-sheepskin.com\/wp-content\/uploads\/2021\/11\/logo-min-1.png\",\"width\":265,\"height\":81,\"caption\":\"Tannery Sheepskin KalSk\u00f3r\"}]}<\/script>\n<meta name=\"geo.placename\" content=\"Szaflary\" \/>\n<meta name=\"geo.position\" content=\"49.4412818;20.0215325\" \/>\n<meta name=\"geo.region\" content=\"Poland\" \/>\n<!-- \/ Yoast SEO Premium plugin. -->","yoast_head_json":{"title":"Producent owczych sk\u00f3r dekoracyjnych | Tannery Sheepskin | KalSk\u00f3r","description":"Contact - Tannery Sheepskin \u2013 KalSk\u00f3r, st. Zakopia\u0144ska 25B, 34-424 Szaflary, (lesser poland)","robots":{"index":"index","follow":"follow","max-snippet":"max-snippet:-1","max-image-preview":"max-image-preview:large","max-video-preview":"max-video-preview:-1"},"canonical":"https:\/\/tannery-sheepskin.com\/en\/contact\/","og_locale":"en_US","og_type":"article","og_title":"Contact","og_description":"Contact - Tannery Sheepskin \u2013 KalSk\u00f3r, st. Zakopia\u0144ska 25B, 34-424 Szaflary, (lesser poland)","og_url":"https:\/\/tannery-sheepskin.com\/en\/contact\/","og_site_name":"Producent owczych sk\u00f3r dekoracyjnych | Tannery Sheepskin | KalSk\u00f3r","article_modified_time":"2023-10-26T08:44:07+00:00","twitter_card":"summary_large_image","twitter_misc":{"Est. reading time":"1 minute"},"schema":{"@context":"https:\/\/schema.org","@graph":[{"@type":["Organization","Place"],"@id":"https:\/\/tannery-sheepskin.com\/en\/#organization","name":"Tannery Sheepskin KalSk\u00f3r","url":"https:\/\/tannery-sheepskin.com\/en\/","sameAs":[],"logo":{"@id":"https:\/\/tannery-sheepskin.com\/en\/contact\/#local-main-organization-logo"},"image":{"@id":"https:\/\/tannery-sheepskin.com\/en\/contact\/#local-main-organization-logo"},"address":{"@id":"https:\/\/tannery-sheepskin.com\/en\/contact\/#local-main-place-address"},"geo":{"@type":"GeoCoordinates","latitude":"49.4412818","longitude":"20.0215325"},"telephone":["882-550-122","888-267-329","882-550-122","888-267-329"],"openingHoursSpecification":[{"@type":"OpeningHoursSpecification","dayOfWeek":["Monday","Tuesday","Wednesday","Thursday","Friday","Saturday","Sunday"],"opens":"09:00","closes":"17:00"}],"email":"detal@wyprawa-skor.pl","taxID":"7352805338"},{"@type":"WebSite","@id":"https:\/\/tannery-sheepskin.com\/en\/#website","url":"https:\/\/tannery-sheepskin.com\/en\/","name":"Producent owczych sk\u00f3r dekoracyjnych | Tannery Sheepskin | KalSk\u00f3r","description":"Firma KALSK\u00d3R istnieje na rynku od 1989r i od tych w\u0142a\u015bnie lat cieszy si\u0119 bardzo dobrym zaufaniem w\u015br\u00f3d wszystkich klient\u00f3w. Zajmujemy si\u0119 produkcj\u0105 wysokiej jako\u015bci ko\u017cuch\u00f3w damskich, m\u0119skich, sk\u00f3r dekoracyjnych oraz ko\u017cuch\u00f3w dzieci\u0119cych, a tak\u017ce produkcj\u0105 kamizelek, czapek, r\u0119kawiczek oraz bucik\u00f3w ze sk\u00f3r futerkowych. Ko\u017cuchy kt\u00f3re posiadamy produkowane s\u0105 na najlepszych sk\u00f3rach kt\u00f3re sami importujemy, dlatego nasze ko\u017cuchy sa mi\u0119ciutkie, leciutkie i bardzo \u0142adnie uszyte kt\u00f3re s\u0105 idealnie dopasowane do figury. Nasza firma ka\u017cdego roku wprowadza nowe wzory pod\u0105\u017caj\u0105ce za trendami mody. Firma Kalsk\u00f3r zajmuje si\u0119 tak\u017ce szerok\u0105 produkcj\u0105 wszelkich rodzai sk\u00f3r dekoracyjnych. Sk\u00f3ry kt\u00f3re posiadamy produkowane s\u0105 na naturalnych garbnikach dlatego sk\u00f3ra jest mi\u0119kka, puszysta, o l\u015bni\u0105cym bia\u0142ym w\u0142osie, najlepsze na Podhalu","publisher":{"@id":"https:\/\/tannery-sheepskin.com\/en\/#organization"},"potentialAction":[{"@type":"SearchAction","target":{"@type":"EntryPoint","urlTemplate":"https:\/\/tannery-sheepskin.com\/en\/?s={search_term_string}"},"query-input":"required name=search_term_string"}],"inLanguage":"en-US"},{"@type":"WebPage","@id":"https:\/\/tannery-sheepskin.com\/en\/contact\/#webpage","url":"https:\/\/tannery-sheepskin.com\/en\/contact\/","name":"Producent owczych sk\u00f3r dekoracyjnych | Tannery Sheepskin | KalSk\u00f3r","isPartOf":{"@id":"https:\/\/tannery-sheepskin.com\/en\/#website"},"datePublished":"2019-04-11T06:27:23+00:00","dateModified":"2023-10-26T08:44:07+00:00","description":"Contact - Tannery Sheepskin \u2013 KalSk\u00f3r, st. Zakopia\u0144ska 25B, 34-424 Szaflary, (lesser poland)","breadcrumb":{"@id":"https:\/\/tannery-sheepskin.com\/en\/contact\/#breadcrumb"},"inLanguage":"en-US","potentialAction":[{"@type":"ReadAction","target":["https:\/\/tannery-sheepskin.com\/en\/contact\/"]}]},{"@type":"BreadcrumbList","@id":"https:\/\/tannery-sheepskin.com\/en\/contact\/#breadcrumb","itemListElement":[{"@type":"ListItem","position":1,"name":"Strona g\u0142\u00f3wna","item":"https:\/\/tannery-sheepskin.com\/en\/home\/"},{"@type":"ListItem","position":2,"name":"Contact"}]},{"@type":"PostalAddress","@id":"https:\/\/tannery-sheepskin.com\/en\/contact\/#local-main-place-address","streetAddress":"ul Zakopia\u0144ska 25B, 34-424 Szaflary","addressLocality":"Szaflary","postalCode":"34-424","addressRegion":"Ma\u0142opolska","addressCountry":"PL"},{"@type":"ImageObject","@id":"https:\/\/tannery-sheepskin.com\/en\/contact\/#local-main-organization-logo","inLanguage":"en-US","url":"https:\/\/tannery-sheepskin.com\/wp-content\/uploads\/2021\/11\/logo-min-1.png","contentUrl":"https:\/\/tannery-sheepskin.com\/wp-content\/uploads\/2021\/11\/logo-min-1.png","width":265,"height":81,"caption":"Tannery Sheepskin KalSk\u00f3r"}]},"geo.placename":"Szaflary","geo.position":{"lat":"49.4412818","long":"20.0215325"},"geo.region":"Poland"},"_links":{"self":[{"href":"https:\/\/tannery-sheepskin.com\/en\/wp-json\/wp\/v2\/pages\/730"}],"collection":[{"href":"https:\/\/tannery-sheepskin.com\/en\/wp-json\/wp\/v2\/pages"}],"about":[{"href":"https:\/\/tannery-sheepskin.com\/en\/wp-json\/wp\/v2\/types\/page"}],"author":[{"embeddable":true,"href":"https:\/\/tannery-sheepskin.com\/en\/wp-json\/wp\/v2\/users\/1"}],"replies":[{"embeddable":true,"href":"https:\/\/tannery-sheepskin.com\/en\/wp-json\/wp\/v2\/comments?post=730"}],"version-history":[{"count":15,"href":"https:\/\/tannery-sheepskin.com\/en\/wp-json\/wp\/v2\/pages\/730\/revisions"}],"predecessor-version":[{"id":8278,"href":"https:\/\/tannery-sheepskin.com\/en\/wp-json\/wp\/v2\/pages\/730\/revisions\/8278"}],"wp:attachment":[{"href":"https:\/\/tannery-sheepskin.com\/en\/wp-json\/wp\/v2\/media?parent=730"}],"curies":[{"name":"wp","href":"https:\/\/api.w.org\/{rel}","templated":true}]}}