{"id":735,"date":"2019-04-11T08:43:41","date_gmt":"2019-04-11T06:43:41","guid":{"rendered":"http:\/\/tannery-sheepskin.com\/payments-and-delivery\/"},"modified":"2019-04-11T08:43:42","modified_gmt":"2019-04-11T06:43:42","slug":"payments-and-delivery","status":"publish","type":"page","link":"https:\/\/tannery-sheepskin.com\/en\/payments-and-delivery\/","title":{"rendered":"Payments and delivery"},"content":{"rendered":"<p>[vc_row][vc_column][vc_column_text]<strong>1. Formy p\u0142atno\u015bci<\/strong><\/p>\n<p>W zale\u017cno\u015bci od warto\u015bci zam\u00f3wienia, wybranej formy dostawy i w\u0142asnych preferencji, mo\u017cesz wybra\u0107 jeden z nast\u0119puj\u0105cych sposob\u00f3w p\u0142atno\u015bci:<\/p>\n<ul>\n<li><strong>Przelew<\/strong>\u00a0&#8211; wp\u0142aty nale\u017cy dokona\u0107 na wskazany numer rachunku bankowego, kt\u00f3ry przeka\u017cemy Ci w wiadomo\u015bci email potwierdzaj\u0105cej przyj\u0119cie zam\u00f3wienia. Przelew mo\u017cesz zrealizowa\u0107 przez Internet, na poczcie lub w banku. Po zaksi\u0119gowaniu wp\u0142aty na naszym koncie, rozpoczniemy realizacj\u0119 zam\u00f3wienia.<\/li>\n<li><strong>Pobranie<\/strong>\u00a0&#8211; p\u0142acisz got\u00f3wk\u0105 przy odbiorze towaru (kurierowi, listonoszowi lub w oddziale Poczty Polskiej &#8211; w zale\u017cno\u015bci od metody dostawy). Ta metoda p\u0142atno\u015bci wi\u0105\u017ce si\u0119 z wy\u017csz\u0105 op\u0142at\u0119 za realizacj\u0119 zam\u00f3wienia, kt\u00f3ra nie wyst\u0119puje w przypadki innych op\u0142at.<\/li>\n<li><strong>P\u0142atno\u015b\u0107 elektroniczna<\/strong>\u00a0&#8211; najbardziej wygodny i bezpieczny spos\u00f3b dokonania wp\u0142aty za po\u015brednictwem Internetu.<\/li>\n<\/ul>\n<p>[\/vc_column_text][\/vc_column][\/vc_row][vc_row][vc_column][vc_column_text]<strong>2. Formy dostawy i jej koszty<\/strong><\/p>\n<p>W zale\u017cno\u015bci od ilo\u015bci i wagi zamawianych przez Ciebie produkt\u00f3w, wybranej formy p\u0142atno\u015bci i w\u0142asnych preferencji, mo\u017cesz wybra\u0107 jedn\u0105 z form dostawy:<\/p>\n<ol>\n<li><strong>Najszybciej i najbezpieczniej:<br \/>\n<\/strong>Firma kurierska\u00a0&#8211; dostawa jest realizowana przez profesjonaln\u0105 firm\u0119 kuriersk\u0105. Wybranie kuriera oznacza wygod\u0119 i pewno\u015b\u0107, \u017ce Twoje zam\u00f3wienie dotrze na czas za niewyg\u00f3rowan\u0105 cen\u0119. Dodatkowo, na Tw\u00f3j adres email otrzymasz link do strony, na kt\u00f3rej na bie\u017c\u0105co b\u0119dziesz m\u00f3g\u0142 sprawdza\u0107, gdzie znajduje si\u0119 Twoja przesy\u0142ka.<\/li>\n<li><strong>Najtaniej:<br \/>\n<\/strong>Poczta Polska\u00a0to najta\u0144sza opcja przesy\u0142ki. Twoje zam\u00f3wienie dostarczane jest za po\u015brednictwem Poczty Polskiej jako przesy\u0142ka priorytetowa lub ekonomiczna.<\/li>\n<li><strong>Naj\u0142atwiej:<br \/>\n<\/strong>Odbi\u00f3r osobisty \u00adto naj\u0142atwiejszy spos\u00f3b odbioru zam\u00f3wionych towar\u00f3w &#8211; zapraszamy do siedziby firmy pod adres:\u00a0<strong>ul.Zakopia\u0144ska 25B,\u00a0,\u00a034-424 Szaflary<\/strong>.\u00a0Godziny pracy punktu znajdziesz w zak\u0142adce Kontakt.\u00a0Przy odbiorze osobistym nie ponosisz dodatkowych koszt\u00f3w.<\/li>\n<\/ol>\n<p>[\/vc_column_text][\/vc_column][\/vc_row]<\/p>\n","protected":false},"excerpt":{"rendered":"<p>[vc_row][vc_column][vc_column_text]1. Formy p\u0142atno\u015bci W zale\u017cno\u015bci od warto\u015bci zam\u00f3wienia, wybranej formy dostawy i w\u0142asnych preferencji, mo\u017cesz wybra\u0107 jeden z nast\u0119puj\u0105cych sposob\u00f3w\u2026<\/p>\n","protected":false},"author":1,"featured_media":0,"parent":0,"menu_order":0,"comment_status":"closed","ping_status":"closed","template":"","meta":[],"yoast_head":"<!-- This site is optimized with the Yoast SEO Premium plugin v18.2.1 (Yoast SEO v18.4.1) - https:\/\/yoast.com\/wordpress\/plugins\/seo\/ -->\n<title>Payments and delivery - Producent owczych sk\u00f3r dekoracyjnych | Tannery Sheepskin | KalSk\u00f3r<\/title>\n<meta name=\"robots\" content=\"index, follow, max-snippet:-1, max-image-preview:large, max-video-preview:-1\" \/>\n<link rel=\"canonical\" href=\"https:\/\/tannery-sheepskin.com\/en\/payments-and-delivery\/\" \/>\n<meta property=\"og:locale\" content=\"en_US\" \/>\n<meta property=\"og:type\" content=\"article\" \/>\n<meta property=\"og:title\" content=\"Payments and delivery\" \/>\n<meta property=\"og:description\" content=\"[vc_row][vc_column][vc_column_text]1. Formy p\u0142atno\u015bci W zale\u017cno\u015bci od warto\u015bci zam\u00f3wienia, wybranej formy dostawy i w\u0142asnych preferencji, mo\u017cesz wybra\u0107 jeden z nast\u0119puj\u0105cych sposob\u00f3w\u2026\" \/>\n<meta property=\"og:url\" content=\"https:\/\/tannery-sheepskin.com\/en\/payments-and-delivery\/\" \/>\n<meta property=\"og:site_name\" content=\"Producent owczych sk\u00f3r dekoracyjnych | Tannery Sheepskin | KalSk\u00f3r\" \/>\n<meta property=\"article:modified_time\" content=\"2019-04-11T06:43:42+00:00\" \/>\n<meta name=\"twitter:card\" content=\"summary_large_image\" \/>\n<meta name=\"twitter:label1\" content=\"Est. reading time\" \/>\n\t<meta name=\"twitter:data1\" content=\"2 minutes\" \/>\n<script type=\"application\/ld+json\" class=\"yoast-schema-graph\">{\"@context\":\"https:\/\/schema.org\",\"@graph\":[{\"@type\":[\"Organization\",\"Place\"],\"@id\":\"https:\/\/tannery-sheepskin.com\/en\/#organization\",\"name\":\"Tannery Sheepskin KalSk\u00f3r\",\"url\":\"https:\/\/tannery-sheepskin.com\/en\/\",\"sameAs\":[],\"logo\":{\"@id\":\"https:\/\/tannery-sheepskin.com\/en\/payments-and-delivery\/#local-main-organization-logo\"},\"image\":{\"@id\":\"https:\/\/tannery-sheepskin.com\/en\/payments-and-delivery\/#local-main-organization-logo\"},\"address\":{\"@id\":\"https:\/\/tannery-sheepskin.com\/en\/payments-and-delivery\/#local-main-place-address\"},\"geo\":{\"@type\":\"GeoCoordinates\",\"latitude\":\"49.4412818\",\"longitude\":\"20.0215325\"},\"telephone\":[\"882-550-122\",\"888-267-329\"],\"openingHoursSpecification\":[{\"@type\":\"OpeningHoursSpecification\",\"dayOfWeek\":[\"Monday\",\"Tuesday\",\"Wednesday\",\"Thursday\",\"Friday\",\"Saturday\",\"Sunday\"],\"opens\":\"09:00\",\"closes\":\"17:00\"}],\"email\":\"detal@wyprawa-skor.pl\",\"taxID\":\"7352805338\"},{\"@type\":\"WebSite\",\"@id\":\"https:\/\/tannery-sheepskin.com\/en\/#website\",\"url\":\"https:\/\/tannery-sheepskin.com\/en\/\",\"name\":\"Producent owczych sk\u00f3r dekoracyjnych | Tannery Sheepskin | KalSk\u00f3r\",\"description\":\"Firma KALSK\u00d3R istnieje na rynku od 1989r i od tych w\u0142a\u015bnie lat cieszy si\u0119 bardzo dobrym zaufaniem w\u015br\u00f3d wszystkich klient\u00f3w. Zajmujemy si\u0119 produkcj\u0105 wysokiej jako\u015bci ko\u017cuch\u00f3w damskich, m\u0119skich, sk\u00f3r dekoracyjnych oraz ko\u017cuch\u00f3w dzieci\u0119cych, a tak\u017ce produkcj\u0105 kamizelek, czapek, r\u0119kawiczek oraz bucik\u00f3w ze sk\u00f3r futerkowych. Ko\u017cuchy kt\u00f3re posiadamy produkowane s\u0105 na najlepszych sk\u00f3rach kt\u00f3re sami importujemy, dlatego nasze ko\u017cuchy sa mi\u0119ciutkie, leciutkie i bardzo \u0142adnie uszyte kt\u00f3re s\u0105 idealnie dopasowane do figury. Nasza firma ka\u017cdego roku wprowadza nowe wzory pod\u0105\u017caj\u0105ce za trendami mody. Firma Kalsk\u00f3r zajmuje si\u0119 tak\u017ce szerok\u0105 produkcj\u0105 wszelkich rodzai sk\u00f3r dekoracyjnych. Sk\u00f3ry kt\u00f3re posiadamy produkowane s\u0105 na naturalnych garbnikach dlatego sk\u00f3ra jest mi\u0119kka, puszysta, o l\u015bni\u0105cym bia\u0142ym w\u0142osie, najlepsze na Podhalu\",\"publisher\":{\"@id\":\"https:\/\/tannery-sheepskin.com\/en\/#organization\"},\"potentialAction\":[{\"@type\":\"SearchAction\",\"target\":{\"@type\":\"EntryPoint\",\"urlTemplate\":\"https:\/\/tannery-sheepskin.com\/en\/?s={search_term_string}\"},\"query-input\":\"required name=search_term_string\"}],\"inLanguage\":\"en-US\"},{\"@type\":\"WebPage\",\"@id\":\"https:\/\/tannery-sheepskin.com\/en\/payments-and-delivery\/#webpage\",\"url\":\"https:\/\/tannery-sheepskin.com\/en\/payments-and-delivery\/\",\"name\":\"Payments and delivery - Producent owczych sk\u00f3r dekoracyjnych | Tannery Sheepskin | KalSk\u00f3r\",\"isPartOf\":{\"@id\":\"https:\/\/tannery-sheepskin.com\/en\/#website\"},\"datePublished\":\"2019-04-11T06:43:41+00:00\",\"dateModified\":\"2019-04-11T06:43:42+00:00\",\"breadcrumb\":{\"@id\":\"https:\/\/tannery-sheepskin.com\/en\/payments-and-delivery\/#breadcrumb\"},\"inLanguage\":\"en-US\",\"potentialAction\":[{\"@type\":\"ReadAction\",\"target\":[\"https:\/\/tannery-sheepskin.com\/en\/payments-and-delivery\/\"]}]},{\"@type\":\"BreadcrumbList\",\"@id\":\"https:\/\/tannery-sheepskin.com\/en\/payments-and-delivery\/#breadcrumb\",\"itemListElement\":[{\"@type\":\"ListItem\",\"position\":1,\"name\":\"Strona g\u0142\u00f3wna\",\"item\":\"https:\/\/tannery-sheepskin.com\/en\/home\/\"},{\"@type\":\"ListItem\",\"position\":2,\"name\":\"Payments and delivery\"}]},{\"@type\":\"PostalAddress\",\"@id\":\"https:\/\/tannery-sheepskin.com\/en\/payments-and-delivery\/#local-main-place-address\",\"streetAddress\":\"ul Zakopia\u0144ska 25B, 34-424 Szaflary\",\"addressLocality\":\"Szaflary\",\"postalCode\":\"34-424\",\"addressRegion\":\"Ma\u0142opolska\",\"addressCountry\":\"PL\"},{\"@type\":\"ImageObject\",\"@id\":\"https:\/\/tannery-sheepskin.com\/en\/payments-and-delivery\/#local-main-organization-logo\",\"inLanguage\":\"en-US\",\"url\":\"https:\/\/tannery-sheepskin.com\/wp-content\/uploads\/2021\/11\/logo-min-1.png\",\"contentUrl\":\"https:\/\/tannery-sheepskin.com\/wp-content\/uploads\/2021\/11\/logo-min-1.png\",\"width\":265,\"height\":81,\"caption\":\"Tannery Sheepskin KalSk\u00f3r\"}]}<\/script>\n<meta name=\"geo.placename\" content=\"Szaflary\" \/>\n<meta name=\"geo.position\" content=\"49.4412818;20.0215325\" \/>\n<meta name=\"geo.region\" content=\"Poland\" \/>\n<!-- \/ Yoast SEO Premium plugin. -->","yoast_head_json":{"title":"Payments and delivery - Producent owczych sk\u00f3r dekoracyjnych | Tannery Sheepskin | KalSk\u00f3r","robots":{"index":"index","follow":"follow","max-snippet":"max-snippet:-1","max-image-preview":"max-image-preview:large","max-video-preview":"max-video-preview:-1"},"canonical":"https:\/\/tannery-sheepskin.com\/en\/payments-and-delivery\/","og_locale":"en_US","og_type":"article","og_title":"Payments and delivery","og_description":"[vc_row][vc_column][vc_column_text]1. Formy p\u0142atno\u015bci W zale\u017cno\u015bci od warto\u015bci zam\u00f3wienia, wybranej formy dostawy i w\u0142asnych preferencji, mo\u017cesz wybra\u0107 jeden z nast\u0119puj\u0105cych sposob\u00f3w\u2026","og_url":"https:\/\/tannery-sheepskin.com\/en\/payments-and-delivery\/","og_site_name":"Producent owczych sk\u00f3r dekoracyjnych | Tannery Sheepskin | KalSk\u00f3r","article_modified_time":"2019-04-11T06:43:42+00:00","twitter_card":"summary_large_image","twitter_misc":{"Est. reading time":"2 minutes"},"schema":{"@context":"https:\/\/schema.org","@graph":[{"@type":["Organization","Place"],"@id":"https:\/\/tannery-sheepskin.com\/en\/#organization","name":"Tannery Sheepskin KalSk\u00f3r","url":"https:\/\/tannery-sheepskin.com\/en\/","sameAs":[],"logo":{"@id":"https:\/\/tannery-sheepskin.com\/en\/payments-and-delivery\/#local-main-organization-logo"},"image":{"@id":"https:\/\/tannery-sheepskin.com\/en\/payments-and-delivery\/#local-main-organization-logo"},"address":{"@id":"https:\/\/tannery-sheepskin.com\/en\/payments-and-delivery\/#local-main-place-address"},"geo":{"@type":"GeoCoordinates","latitude":"49.4412818","longitude":"20.0215325"},"telephone":["882-550-122","888-267-329","882-550-122","888-267-329"],"openingHoursSpecification":[{"@type":"OpeningHoursSpecification","dayOfWeek":["Monday","Tuesday","Wednesday","Thursday","Friday","Saturday","Sunday"],"opens":"09:00","closes":"17:00"}],"email":"detal@wyprawa-skor.pl","taxID":"7352805338"},{"@type":"WebSite","@id":"https:\/\/tannery-sheepskin.com\/en\/#website","url":"https:\/\/tannery-sheepskin.com\/en\/","name":"Producent owczych sk\u00f3r dekoracyjnych | Tannery Sheepskin | KalSk\u00f3r","description":"Firma KALSK\u00d3R istnieje na rynku od 1989r i od tych w\u0142a\u015bnie lat cieszy si\u0119 bardzo dobrym zaufaniem w\u015br\u00f3d wszystkich klient\u00f3w. Zajmujemy si\u0119 produkcj\u0105 wysokiej jako\u015bci ko\u017cuch\u00f3w damskich, m\u0119skich, sk\u00f3r dekoracyjnych oraz ko\u017cuch\u00f3w dzieci\u0119cych, a tak\u017ce produkcj\u0105 kamizelek, czapek, r\u0119kawiczek oraz bucik\u00f3w ze sk\u00f3r futerkowych. Ko\u017cuchy kt\u00f3re posiadamy produkowane s\u0105 na najlepszych sk\u00f3rach kt\u00f3re sami importujemy, dlatego nasze ko\u017cuchy sa mi\u0119ciutkie, leciutkie i bardzo \u0142adnie uszyte kt\u00f3re s\u0105 idealnie dopasowane do figury. Nasza firma ka\u017cdego roku wprowadza nowe wzory pod\u0105\u017caj\u0105ce za trendami mody. Firma Kalsk\u00f3r zajmuje si\u0119 tak\u017ce szerok\u0105 produkcj\u0105 wszelkich rodzai sk\u00f3r dekoracyjnych. Sk\u00f3ry kt\u00f3re posiadamy produkowane s\u0105 na naturalnych garbnikach dlatego sk\u00f3ra jest mi\u0119kka, puszysta, o l\u015bni\u0105cym bia\u0142ym w\u0142osie, najlepsze na Podhalu","publisher":{"@id":"https:\/\/tannery-sheepskin.com\/en\/#organization"},"potentialAction":[{"@type":"SearchAction","target":{"@type":"EntryPoint","urlTemplate":"https:\/\/tannery-sheepskin.com\/en\/?s={search_term_string}"},"query-input":"required name=search_term_string"}],"inLanguage":"en-US"},{"@type":"WebPage","@id":"https:\/\/tannery-sheepskin.com\/en\/payments-and-delivery\/#webpage","url":"https:\/\/tannery-sheepskin.com\/en\/payments-and-delivery\/","name":"Payments and delivery - Producent owczych sk\u00f3r dekoracyjnych | Tannery Sheepskin | KalSk\u00f3r","isPartOf":{"@id":"https:\/\/tannery-sheepskin.com\/en\/#website"},"datePublished":"2019-04-11T06:43:41+00:00","dateModified":"2019-04-11T06:43:42+00:00","breadcrumb":{"@id":"https:\/\/tannery-sheepskin.com\/en\/payments-and-delivery\/#breadcrumb"},"inLanguage":"en-US","potentialAction":[{"@type":"ReadAction","target":["https:\/\/tannery-sheepskin.com\/en\/payments-and-delivery\/"]}]},{"@type":"BreadcrumbList","@id":"https:\/\/tannery-sheepskin.com\/en\/payments-and-delivery\/#breadcrumb","itemListElement":[{"@type":"ListItem","position":1,"name":"Strona g\u0142\u00f3wna","item":"https:\/\/tannery-sheepskin.com\/en\/home\/"},{"@type":"ListItem","position":2,"name":"Payments and delivery"}]},{"@type":"PostalAddress","@id":"https:\/\/tannery-sheepskin.com\/en\/payments-and-delivery\/#local-main-place-address","streetAddress":"ul Zakopia\u0144ska 25B, 34-424 Szaflary","addressLocality":"Szaflary","postalCode":"34-424","addressRegion":"Ma\u0142opolska","addressCountry":"PL"},{"@type":"ImageObject","@id":"https:\/\/tannery-sheepskin.com\/en\/payments-and-delivery\/#local-main-organization-logo","inLanguage":"en-US","url":"https:\/\/tannery-sheepskin.com\/wp-content\/uploads\/2021\/11\/logo-min-1.png","contentUrl":"https:\/\/tannery-sheepskin.com\/wp-content\/uploads\/2021\/11\/logo-min-1.png","width":265,"height":81,"caption":"Tannery Sheepskin KalSk\u00f3r"}]},"geo.placename":"Szaflary","geo.position":{"lat":"49.4412818","long":"20.0215325"},"geo.region":"Poland"},"_links":{"self":[{"href":"https:\/\/tannery-sheepskin.com\/en\/wp-json\/wp\/v2\/pages\/735"}],"collection":[{"href":"https:\/\/tannery-sheepskin.com\/en\/wp-json\/wp\/v2\/pages"}],"about":[{"href":"https:\/\/tannery-sheepskin.com\/en\/wp-json\/wp\/v2\/types\/page"}],"author":[{"embeddable":true,"href":"https:\/\/tannery-sheepskin.com\/en\/wp-json\/wp\/v2\/users\/1"}],"replies":[{"embeddable":true,"href":"https:\/\/tannery-sheepskin.com\/en\/wp-json\/wp\/v2\/comments?post=735"}],"version-history":[{"count":1,"href":"https:\/\/tannery-sheepskin.com\/en\/wp-json\/wp\/v2\/pages\/735\/revisions"}],"predecessor-version":[{"id":736,"href":"https:\/\/tannery-sheepskin.com\/en\/wp-json\/wp\/v2\/pages\/735\/revisions\/736"}],"wp:attachment":[{"href":"https:\/\/tannery-sheepskin.com\/en\/wp-json\/wp\/v2\/media?parent=735"}],"curies":[{"name":"wp","href":"https:\/\/api.w.org\/{rel}","templated":true}]}}