{"id":11603,"date":"2023-12-06T08:26:42","date_gmt":"2023-12-06T07:26:44","guid":{"rendered":"https:\/\/tannery-sheepskin.com\/?post_type=product&#038;p=11603"},"modified":"2026-03-27T14:16:40","modified_gmt":"2026-03-27T13:16:40","slug":"sheepskin-island-fire-black-red-chestnut-kopia-2","status":"publish","type":"product","link":"https:\/\/tannery-sheepskin.com\/en\/produkt\/sheepskin-island-fire-black-red-chestnut-kopia-2\/","title":{"rendered":"Sheepskin Island Black with Tips Burgundy"},"content":{"rendered":"<table style=\"height: 37px;\" border=\"0\" width=\"111\">\n<tbody>\n<tr>\n<td><\/td>\n<td><\/td>\n<\/tr>\n<tr>\n<td><\/td>\n<td><\/td>\n<\/tr>\n<tr>\n<td><\/td>\n<td><\/td>\n<\/tr>\n<\/tbody>\n<\/table>\n<p><strong>High quality. Excellent details. Modern design<br \/>\n<\/strong><\/p>\n<p>Sheepskins decorating raw interiors, decorated in accordance with the principle of minimalism, add an atmospheric and cozy character. The room gains elegance and class combined with modern design.<\/p>\n<p>Island skin is characterized by beautiful long hair and natural colors, each skin is different and unique in its own way<\/p>\n","protected":false},"excerpt":{"rendered":"<table border=\"0\">\n<tbody>\n<tr>\n<td>Length<\/td>\n<td>from 90 to 130 cm<\/td>\n<\/tr>\n<tr>\n<td>Width<\/td>\n<td>from 50 to 80 cm<\/td>\n<\/tr>\n<tr>\n<td>Hair length<\/td>\n<td>from 12 cm to 18 cm<\/td>\n<\/tr>\n<\/tbody>\n<\/table>\n<p><strong>High quality. Excellent details. Modern design<br \/>\n<\/strong><\/p>\n<p>Sheepskins decorating raw interiors, decorated in accordance with the principle of minimalism, add an atmospheric and cozy character. The room gains elegance and class combined with modern design.<\/p>\n<p>Island skin is characterized by beautiful long hair and natural colors, each skin is different and unique in its own way.<\/p>\n","protected":false},"featured_media":11622,"comment_status":"open","ping_status":"closed","template":"","meta":[],"product_cat":[149,359],"product_tag":[],"yoast_head":"<!-- This site is optimized with the Yoast SEO Premium plugin v18.2.1 (Yoast SEO v18.4.1) - https:\/\/yoast.com\/wordpress\/plugins\/seo\/ -->\n<title>Sheepskin Island Black with Tips Burgundy<\/title>\n<meta name=\"description\" content=\"Sheepskins decorating raw interiors, decorated in accordance with the principle of minimalism, give them an atmospheric and cozy character.\" \/>\n<meta name=\"robots\" content=\"index, follow, max-snippet:-1, max-image-preview:large, max-video-preview:-1\" \/>\n<link rel=\"canonical\" href=\"https:\/\/tannery-sheepskin.com\/en\/produkt\/sheepskin-island-fire-black-red-chestnut-kopia-2\/\" \/>\n<meta property=\"og:locale\" content=\"en_US\" \/>\n<meta property=\"og:type\" content=\"article\" \/>\n<meta property=\"og:title\" content=\"Sheepskin Island Black with Tips Burgundy\" \/>\n<meta property=\"og:description\" content=\"Sheepskins decorating raw interiors, decorated in accordance with the principle of minimalism, give them an atmospheric and cozy character.\" \/>\n<meta property=\"og:url\" content=\"https:\/\/tannery-sheepskin.com\/en\/produkt\/sheepskin-island-fire-black-red-chestnut-kopia-2\/\" \/>\n<meta property=\"og:site_name\" content=\"Producent owczych sk\u00f3r dekoracyjnych | Tannery Sheepskin | KalSk\u00f3r\" \/>\n<meta property=\"article:modified_time\" content=\"2026-03-27T13:16:40+00:00\" \/>\n<meta property=\"og:image\" content=\"https:\/\/tannery-sheepskin.com\/wp-content\/uploads\/2023\/12\/20231205_151127-removebg-preview.png\" \/>\n\t<meta property=\"og:image:width\" content=\"433\" \/>\n\t<meta property=\"og:image:height\" content=\"577\" \/>\n\t<meta property=\"og:image:type\" content=\"image\/png\" \/>\n<meta name=\"twitter:card\" content=\"summary_large_image\" \/>\n<meta name=\"twitter:label1\" content=\"Availability\" \/>\n\t<meta name=\"twitter:data1\" content=\"In stock\" \/>\n<script type=\"application\/ld+json\" class=\"yoast-schema-graph\">{\"@context\":\"https:\/\/schema.org\",\"@graph\":[{\"@type\":[\"Organization\",\"Place\"],\"@id\":\"https:\/\/tannery-sheepskin.com\/en\/#organization\",\"name\":\"Tannery Sheepskin KalSk\u00f3r\",\"url\":\"https:\/\/tannery-sheepskin.com\/en\/\",\"sameAs\":[],\"logo\":{\"@id\":\"https:\/\/tannery-sheepskin.com\/en\/produkt\/sheepskin-island-fire-black-red-chestnut-kopia-2\/#local-main-organization-logo\"},\"image\":{\"@id\":\"https:\/\/tannery-sheepskin.com\/en\/produkt\/sheepskin-island-fire-black-red-chestnut-kopia-2\/#local-main-organization-logo\"},\"address\":{\"@id\":\"https:\/\/tannery-sheepskin.com\/en\/produkt\/sheepskin-island-fire-black-red-chestnut-kopia-2\/#local-main-place-address\"},\"geo\":{\"@type\":\"GeoCoordinates\",\"latitude\":\"49.4412818\",\"longitude\":\"20.0215325\"},\"telephone\":[\"882-550-122\",\"888-267-329\"],\"openingHoursSpecification\":[{\"@type\":\"OpeningHoursSpecification\",\"dayOfWeek\":[\"Monday\",\"Tuesday\",\"Wednesday\",\"Thursday\",\"Friday\",\"Saturday\",\"Sunday\"],\"opens\":\"09:00\",\"closes\":\"17:00\"}],\"email\":\"detal@wyprawa-skor.pl\",\"taxID\":\"7352805338\"},{\"@type\":\"WebSite\",\"@id\":\"https:\/\/tannery-sheepskin.com\/en\/#website\",\"url\":\"https:\/\/tannery-sheepskin.com\/en\/\",\"name\":\"Producent owczych sk\u00f3r dekoracyjnych | Tannery Sheepskin | KalSk\u00f3r\",\"description\":\"Firma KALSK\u00d3R istnieje na rynku od 1989r i od tych w\u0142a\u015bnie lat cieszy si\u0119 bardzo dobrym zaufaniem w\u015br\u00f3d wszystkich klient\u00f3w. Zajmujemy si\u0119 produkcj\u0105 wysokiej jako\u015bci ko\u017cuch\u00f3w damskich, m\u0119skich, sk\u00f3r dekoracyjnych oraz ko\u017cuch\u00f3w dzieci\u0119cych, a tak\u017ce produkcj\u0105 kamizelek, czapek, r\u0119kawiczek oraz bucik\u00f3w ze sk\u00f3r futerkowych. Ko\u017cuchy kt\u00f3re posiadamy produkowane s\u0105 na najlepszych sk\u00f3rach kt\u00f3re sami importujemy, dlatego nasze ko\u017cuchy sa mi\u0119ciutkie, leciutkie i bardzo \u0142adnie uszyte kt\u00f3re s\u0105 idealnie dopasowane do figury. Nasza firma ka\u017cdego roku wprowadza nowe wzory pod\u0105\u017caj\u0105ce za trendami mody. Firma Kalsk\u00f3r zajmuje si\u0119 tak\u017ce szerok\u0105 produkcj\u0105 wszelkich rodzai sk\u00f3r dekoracyjnych. Sk\u00f3ry kt\u00f3re posiadamy produkowane s\u0105 na naturalnych garbnikach dlatego sk\u00f3ra jest mi\u0119kka, puszysta, o l\u015bni\u0105cym bia\u0142ym w\u0142osie, najlepsze na Podhalu\",\"publisher\":{\"@id\":\"https:\/\/tannery-sheepskin.com\/en\/#organization\"},\"potentialAction\":[{\"@type\":\"SearchAction\",\"target\":{\"@type\":\"EntryPoint\",\"urlTemplate\":\"https:\/\/tannery-sheepskin.com\/en\/?s={search_term_string}\"},\"query-input\":\"required name=search_term_string\"}],\"inLanguage\":\"en-US\"},{\"@type\":\"ImageObject\",\"@id\":\"https:\/\/tannery-sheepskin.com\/en\/produkt\/sheepskin-island-fire-black-red-chestnut-kopia-2\/#primaryimage\",\"inLanguage\":\"en-US\",\"url\":\"https:\/\/tannery-sheepskin.com\/wp-content\/uploads\/2023\/12\/20231205_151127-removebg-preview.png\",\"contentUrl\":\"https:\/\/tannery-sheepskin.com\/wp-content\/uploads\/2023\/12\/20231205_151127-removebg-preview.png\",\"width\":433,\"height\":577},{\"@type\":\"WebPage\",\"@id\":\"https:\/\/tannery-sheepskin.com\/en\/produkt\/sheepskin-island-fire-black-red-chestnut-kopia-2\/#webpage\",\"url\":\"https:\/\/tannery-sheepskin.com\/en\/produkt\/sheepskin-island-fire-black-red-chestnut-kopia-2\/\",\"name\":\"Sheepskin Island Black with Tips Burgundy\",\"isPartOf\":{\"@id\":\"https:\/\/tannery-sheepskin.com\/en\/#website\"},\"primaryImageOfPage\":{\"@id\":\"https:\/\/tannery-sheepskin.com\/en\/produkt\/sheepskin-island-fire-black-red-chestnut-kopia-2\/#primaryimage\"},\"datePublished\":\"2023-12-06T07:26:44+00:00\",\"dateModified\":\"2026-03-27T13:16:40+00:00\",\"description\":\"Sheepskins decorating raw interiors, decorated in accordance with the principle of minimalism, give them an atmospheric and cozy character.\",\"breadcrumb\":{\"@id\":\"https:\/\/tannery-sheepskin.com\/en\/produkt\/sheepskin-island-fire-black-red-chestnut-kopia-2\/#breadcrumb\"},\"inLanguage\":\"en-US\",\"potentialAction\":[{\"@type\":\"ReadAction\",\"target\":[\"https:\/\/tannery-sheepskin.com\/en\/produkt\/sheepskin-island-fire-black-red-chestnut-kopia-2\/\"]}]},{\"@type\":\"BreadcrumbList\",\"@id\":\"https:\/\/tannery-sheepskin.com\/en\/produkt\/sheepskin-island-fire-black-red-chestnut-kopia-2\/#breadcrumb\",\"itemListElement\":[{\"@type\":\"ListItem\",\"position\":1,\"name\":\"Strona g\u0142\u00f3wna\",\"item\":\"https:\/\/tannery-sheepskin.com\/en\/home\/\"},{\"@type\":\"ListItem\",\"position\":2,\"name\":\"Sklep\",\"item\":\"https:\/\/tannery-sheepskin.com\/sklep\/\"},{\"@type\":\"ListItem\",\"position\":3,\"name\":\"Sheepskin Island Black with Tips Burgundy\"}]},{\"@type\":\"PostalAddress\",\"@id\":\"https:\/\/tannery-sheepskin.com\/en\/produkt\/sheepskin-island-fire-black-red-chestnut-kopia-2\/#local-main-place-address\",\"streetAddress\":\"ul Zakopia\u0144ska 25B, 34-424 Szaflary\",\"addressLocality\":\"Szaflary\",\"postalCode\":\"34-424\",\"addressRegion\":\"Ma\u0142opolska\",\"addressCountry\":\"PL\"},{\"@type\":\"ImageObject\",\"@id\":\"https:\/\/tannery-sheepskin.com\/en\/produkt\/sheepskin-island-fire-black-red-chestnut-kopia-2\/#local-main-organization-logo\",\"inLanguage\":\"en-US\",\"url\":\"https:\/\/tannery-sheepskin.com\/wp-content\/uploads\/2021\/11\/logo-min-1.png\",\"contentUrl\":\"https:\/\/tannery-sheepskin.com\/wp-content\/uploads\/2021\/11\/logo-min-1.png\",\"width\":265,\"height\":81,\"caption\":\"Tannery Sheepskin KalSk\u00f3r\"}]}<\/script>\n<meta property=\"og:availability\" content=\"instock\" \/>\n<meta property=\"product:availability\" content=\"instock\" \/>\n<meta property=\"product:retailer_item_id\" content=\"SKOC1-1bf\" \/>\n<meta property=\"product:condition\" content=\"new\" \/>\n<meta name=\"geo.placename\" content=\"Szaflary\" \/>\n<meta name=\"geo.position\" content=\"49.4412818;20.0215325\" \/>\n<meta name=\"geo.region\" content=\"Poland\" \/>\n<!-- \/ Yoast SEO Premium plugin. -->","yoast_head_json":{"title":"Sheepskin Island Black with Tips Burgundy","description":"Sheepskins decorating raw interiors, decorated in accordance with the principle of minimalism, give them an atmospheric and cozy character.","robots":{"index":"index","follow":"follow","max-snippet":"max-snippet:-1","max-image-preview":"max-image-preview:large","max-video-preview":"max-video-preview:-1"},"canonical":"https:\/\/tannery-sheepskin.com\/en\/produkt\/sheepskin-island-fire-black-red-chestnut-kopia-2\/","og_locale":"en_US","og_type":"article","og_title":"Sheepskin Island Black with Tips Burgundy","og_description":"Sheepskins decorating raw interiors, decorated in accordance with the principle of minimalism, give them an atmospheric and cozy character.","og_url":"https:\/\/tannery-sheepskin.com\/en\/produkt\/sheepskin-island-fire-black-red-chestnut-kopia-2\/","og_site_name":"Producent owczych sk\u00f3r dekoracyjnych | Tannery Sheepskin | KalSk\u00f3r","article_modified_time":"2026-03-27T13:16:40+00:00","og_image":[{"width":433,"height":577,"url":"https:\/\/tannery-sheepskin.com\/wp-content\/uploads\/2023\/12\/20231205_151127-removebg-preview.png","type":"image\/png"}],"twitter_card":"summary_large_image","twitter_misc":{"Availability":"In stock"},"schema":{"@context":"https:\/\/schema.org","@graph":[{"@type":["Organization","Place"],"@id":"https:\/\/tannery-sheepskin.com\/en\/#organization","name":"Tannery Sheepskin KalSk\u00f3r","url":"https:\/\/tannery-sheepskin.com\/en\/","sameAs":[],"logo":{"@id":"https:\/\/tannery-sheepskin.com\/en\/produkt\/sheepskin-island-fire-black-red-chestnut-kopia-2\/#local-main-organization-logo"},"image":{"@id":"https:\/\/tannery-sheepskin.com\/en\/produkt\/sheepskin-island-fire-black-red-chestnut-kopia-2\/#local-main-organization-logo"},"address":{"@id":"https:\/\/tannery-sheepskin.com\/en\/produkt\/sheepskin-island-fire-black-red-chestnut-kopia-2\/#local-main-place-address"},"geo":{"@type":"GeoCoordinates","latitude":"49.4412818","longitude":"20.0215325"},"telephone":["882-550-122","888-267-329","882-550-122","888-267-329"],"openingHoursSpecification":[{"@type":"OpeningHoursSpecification","dayOfWeek":["Monday","Tuesday","Wednesday","Thursday","Friday","Saturday","Sunday"],"opens":"09:00","closes":"17:00"}],"email":"detal@wyprawa-skor.pl","taxID":"7352805338"},{"@type":"WebSite","@id":"https:\/\/tannery-sheepskin.com\/en\/#website","url":"https:\/\/tannery-sheepskin.com\/en\/","name":"Producent owczych sk\u00f3r dekoracyjnych | Tannery Sheepskin | KalSk\u00f3r","description":"Firma KALSK\u00d3R istnieje na rynku od 1989r i od tych w\u0142a\u015bnie lat cieszy si\u0119 bardzo dobrym zaufaniem w\u015br\u00f3d wszystkich klient\u00f3w. Zajmujemy si\u0119 produkcj\u0105 wysokiej jako\u015bci ko\u017cuch\u00f3w damskich, m\u0119skich, sk\u00f3r dekoracyjnych oraz ko\u017cuch\u00f3w dzieci\u0119cych, a tak\u017ce produkcj\u0105 kamizelek, czapek, r\u0119kawiczek oraz bucik\u00f3w ze sk\u00f3r futerkowych. Ko\u017cuchy kt\u00f3re posiadamy produkowane s\u0105 na najlepszych sk\u00f3rach kt\u00f3re sami importujemy, dlatego nasze ko\u017cuchy sa mi\u0119ciutkie, leciutkie i bardzo \u0142adnie uszyte kt\u00f3re s\u0105 idealnie dopasowane do figury. Nasza firma ka\u017cdego roku wprowadza nowe wzory pod\u0105\u017caj\u0105ce za trendami mody. Firma Kalsk\u00f3r zajmuje si\u0119 tak\u017ce szerok\u0105 produkcj\u0105 wszelkich rodzai sk\u00f3r dekoracyjnych. Sk\u00f3ry kt\u00f3re posiadamy produkowane s\u0105 na naturalnych garbnikach dlatego sk\u00f3ra jest mi\u0119kka, puszysta, o l\u015bni\u0105cym bia\u0142ym w\u0142osie, najlepsze na Podhalu","publisher":{"@id":"https:\/\/tannery-sheepskin.com\/en\/#organization"},"potentialAction":[{"@type":"SearchAction","target":{"@type":"EntryPoint","urlTemplate":"https:\/\/tannery-sheepskin.com\/en\/?s={search_term_string}"},"query-input":"required name=search_term_string"}],"inLanguage":"en-US"},{"@type":"ImageObject","@id":"https:\/\/tannery-sheepskin.com\/en\/produkt\/sheepskin-island-fire-black-red-chestnut-kopia-2\/#primaryimage","inLanguage":"en-US","url":"https:\/\/tannery-sheepskin.com\/wp-content\/uploads\/2023\/12\/20231205_151127-removebg-preview.png","contentUrl":"https:\/\/tannery-sheepskin.com\/wp-content\/uploads\/2023\/12\/20231205_151127-removebg-preview.png","width":433,"height":577},{"@type":"WebPage","@id":"https:\/\/tannery-sheepskin.com\/en\/produkt\/sheepskin-island-fire-black-red-chestnut-kopia-2\/#webpage","url":"https:\/\/tannery-sheepskin.com\/en\/produkt\/sheepskin-island-fire-black-red-chestnut-kopia-2\/","name":"Sheepskin Island Black with Tips Burgundy","isPartOf":{"@id":"https:\/\/tannery-sheepskin.com\/en\/#website"},"primaryImageOfPage":{"@id":"https:\/\/tannery-sheepskin.com\/en\/produkt\/sheepskin-island-fire-black-red-chestnut-kopia-2\/#primaryimage"},"datePublished":"2023-12-06T07:26:44+00:00","dateModified":"2026-03-27T13:16:40+00:00","description":"Sheepskins decorating raw interiors, decorated in accordance with the principle of minimalism, give them an atmospheric and cozy character.","breadcrumb":{"@id":"https:\/\/tannery-sheepskin.com\/en\/produkt\/sheepskin-island-fire-black-red-chestnut-kopia-2\/#breadcrumb"},"inLanguage":"en-US","potentialAction":[{"@type":"ReadAction","target":["https:\/\/tannery-sheepskin.com\/en\/produkt\/sheepskin-island-fire-black-red-chestnut-kopia-2\/"]}]},{"@type":"BreadcrumbList","@id":"https:\/\/tannery-sheepskin.com\/en\/produkt\/sheepskin-island-fire-black-red-chestnut-kopia-2\/#breadcrumb","itemListElement":[{"@type":"ListItem","position":1,"name":"Strona g\u0142\u00f3wna","item":"https:\/\/tannery-sheepskin.com\/en\/home\/"},{"@type":"ListItem","position":2,"name":"Sklep","item":"https:\/\/tannery-sheepskin.com\/sklep\/"},{"@type":"ListItem","position":3,"name":"Sheepskin Island Black with Tips Burgundy"}]},{"@type":"PostalAddress","@id":"https:\/\/tannery-sheepskin.com\/en\/produkt\/sheepskin-island-fire-black-red-chestnut-kopia-2\/#local-main-place-address","streetAddress":"ul Zakopia\u0144ska 25B, 34-424 Szaflary","addressLocality":"Szaflary","postalCode":"34-424","addressRegion":"Ma\u0142opolska","addressCountry":"PL"},{"@type":"ImageObject","@id":"https:\/\/tannery-sheepskin.com\/en\/produkt\/sheepskin-island-fire-black-red-chestnut-kopia-2\/#local-main-organization-logo","inLanguage":"en-US","url":"https:\/\/tannery-sheepskin.com\/wp-content\/uploads\/2021\/11\/logo-min-1.png","contentUrl":"https:\/\/tannery-sheepskin.com\/wp-content\/uploads\/2021\/11\/logo-min-1.png","width":265,"height":81,"caption":"Tannery Sheepskin KalSk\u00f3r"}]},"og_availability":"instock","product_availability":"instock","product_retailer_item_id":"SKOC1-1bf","product_condition":"new","geo.placename":"Szaflary","geo.position":{"lat":"49.4412818","long":"20.0215325"},"geo.region":"Poland"},"_links":{"self":[{"href":"https:\/\/tannery-sheepskin.com\/en\/wp-json\/wp\/v2\/product\/11603"}],"collection":[{"href":"https:\/\/tannery-sheepskin.com\/en\/wp-json\/wp\/v2\/product"}],"about":[{"href":"https:\/\/tannery-sheepskin.com\/en\/wp-json\/wp\/v2\/types\/product"}],"replies":[{"embeddable":true,"href":"https:\/\/tannery-sheepskin.com\/en\/wp-json\/wp\/v2\/comments?post=11603"}],"wp:featuredmedia":[{"embeddable":true,"href":"https:\/\/tannery-sheepskin.com\/en\/wp-json\/wp\/v2\/media\/11622"}],"wp:attachment":[{"href":"https:\/\/tannery-sheepskin.com\/en\/wp-json\/wp\/v2\/media?parent=11603"}],"wp:term":[{"taxonomy":"product_cat","embeddable":true,"href":"https:\/\/tannery-sheepskin.com\/en\/wp-json\/wp\/v2\/product_cat?post=11603"},{"taxonomy":"product_tag","embeddable":true,"href":"https:\/\/tannery-sheepskin.com\/en\/wp-json\/wp\/v2\/product_tag?post=11603"}],"curies":[{"name":"wp","href":"https:\/\/api.w.org\/{rel}","templated":true}]}}