{"id":22235,"date":"2024-05-08T15:16:48","date_gmt":"2024-05-08T13:16:48","guid":{"rendered":"https:\/\/tannery-sheepskin.com\/produkt\/dekoracyjna-skora-z-renifera-albinosa-bialy-renifer\/"},"modified":"2024-05-29T13:09:03","modified_gmt":"2024-05-29T11:09:03","slug":"dekoracyjna-skora-z-renifera-albinosa-bialy-renifer","status":"publish","type":"product","link":"https:\/\/tannery-sheepskin.com\/en\/produkt\/dekoracyjna-skora-z-renifera-albinosa-bialy-renifer\/","title":{"rendered":"Decorative Albino Reindeer Skin White Reindeer"},"content":{"rendered":"<p>Length from 130 cm to 140 cm<br \/>\nWidth from 70 cm to 80 cm<br \/>\nHair length from3 to 5 cm<\/p>\n<p>High quality workmanship. Excellent details. Modern design<\/p>\n<p>Extremely soft Scandinavian reindeer skin. Product suitable for interiors maintained in different styles. It will be perfect to expose the skin on the wall or lounge.Raw material we import directly from Norway or Finland and tanning in our tannery .<\/p>\n<p>White specimens (Albinos) are extremely rare which makes the Leather stand out from other specimens.<\/p>\n<p>Note: it is not recommended to walk on the material &#8211; the sensitive hair may fall out.<\/p>\n<p>Translated with DeepL.com (free version)<\/p>\n","protected":false},"excerpt":{"rendered":"<table style=\"height: 24px;\" border=\"0\" width=\"285\">\n<tbody>\n<tr>\n<td><\/td>\n<td><\/td>\n<\/tr>\n<tr>\n<td><\/td>\n<td><\/td>\n<\/tr>\n<tr>\n<td><\/td>\n<td><\/td>\n<\/tr>\n<\/tbody>\n<\/table>\n<p>&nbsp;<\/p>\n","protected":false},"featured_media":22232,"comment_status":"open","ping_status":"closed","template":"","meta":[],"product_cat":[375],"product_tag":[],"yoast_head":"<!-- This site is optimized with the Yoast SEO Premium plugin v18.2.1 (Yoast SEO v18.4.1) - https:\/\/yoast.com\/wordpress\/plugins\/seo\/ -->\n<title>Decorative Albino Reindeer Skin White Reindeer - Producent owczych sk\u00f3r dekoracyjnych | Tannery Sheepskin | KalSk\u00f3r<\/title>\n<meta name=\"robots\" content=\"index, follow, max-snippet:-1, max-image-preview:large, max-video-preview:-1\" \/>\n<link rel=\"canonical\" href=\"https:\/\/tannery-sheepskin.com\/en\/produkt\/dekoracyjna-skora-z-renifera-albinosa-bialy-renifer\/\" \/>\n<meta property=\"og:locale\" content=\"en_US\" \/>\n<meta property=\"og:type\" content=\"article\" \/>\n<meta property=\"og:title\" content=\"Decorative Albino Reindeer Skin White Reindeer\" \/>\n<meta property=\"og:description\" content=\"&nbsp;\" \/>\n<meta property=\"og:url\" content=\"https:\/\/tannery-sheepskin.com\/en\/produkt\/dekoracyjna-skora-z-renifera-albinosa-bialy-renifer\/\" \/>\n<meta property=\"og:site_name\" content=\"Producent owczych sk\u00f3r dekoracyjnych | Tannery Sheepskin | KalSk\u00f3r\" \/>\n<meta property=\"article:modified_time\" content=\"2024-05-29T11:09:03+00:00\" \/>\n<meta property=\"og:image\" content=\"https:\/\/tannery-sheepskin.com\/wp-content\/uploads\/2024\/05\/20240508_143212-removebg-preview.png\" \/>\n\t<meta property=\"og:image:width\" content=\"433\" \/>\n\t<meta property=\"og:image:height\" content=\"577\" \/>\n\t<meta property=\"og:image:type\" content=\"image\/png\" \/>\n<meta name=\"twitter:card\" content=\"summary_large_image\" \/>\n<meta name=\"twitter:label1\" content=\"Price\" \/>\n\t<meta name=\"twitter:data1\" content=\"700,00&nbsp;&#122;&#322;\" \/>\n\t<meta name=\"twitter:label2\" content=\"Availability\" \/>\n\t<meta name=\"twitter:data2\" content=\"In stock\" \/>\n<script type=\"application\/ld+json\" class=\"yoast-schema-graph\">{\"@context\":\"https:\/\/schema.org\",\"@graph\":[{\"@type\":[\"Organization\",\"Place\"],\"@id\":\"https:\/\/tannery-sheepskin.com\/en\/#organization\",\"name\":\"Tannery Sheepskin KalSk\u00f3r\",\"url\":\"https:\/\/tannery-sheepskin.com\/en\/\",\"sameAs\":[],\"logo\":{\"@id\":\"https:\/\/tannery-sheepskin.com\/en\/produkt\/dekoracyjna-skora-z-renifera-albinosa-bialy-renifer\/#local-main-organization-logo\"},\"image\":{\"@id\":\"https:\/\/tannery-sheepskin.com\/en\/produkt\/dekoracyjna-skora-z-renifera-albinosa-bialy-renifer\/#local-main-organization-logo\"},\"address\":{\"@id\":\"https:\/\/tannery-sheepskin.com\/en\/produkt\/dekoracyjna-skora-z-renifera-albinosa-bialy-renifer\/#local-main-place-address\"},\"geo\":{\"@type\":\"GeoCoordinates\",\"latitude\":\"49.4412818\",\"longitude\":\"20.0215325\"},\"telephone\":[\"882-550-122\",\"888-267-329\"],\"openingHoursSpecification\":[{\"@type\":\"OpeningHoursSpecification\",\"dayOfWeek\":[\"Monday\",\"Tuesday\",\"Wednesday\",\"Thursday\",\"Friday\",\"Saturday\",\"Sunday\"],\"opens\":\"09:00\",\"closes\":\"17:00\"}],\"email\":\"detal@wyprawa-skor.pl\",\"taxID\":\"7352805338\"},{\"@type\":\"WebSite\",\"@id\":\"https:\/\/tannery-sheepskin.com\/en\/#website\",\"url\":\"https:\/\/tannery-sheepskin.com\/en\/\",\"name\":\"Producent owczych sk\u00f3r dekoracyjnych | Tannery Sheepskin | KalSk\u00f3r\",\"description\":\"Firma KALSK\u00d3R istnieje na rynku od 1989r i od tych w\u0142a\u015bnie lat cieszy si\u0119 bardzo dobrym zaufaniem w\u015br\u00f3d wszystkich klient\u00f3w. Zajmujemy si\u0119 produkcj\u0105 wysokiej jako\u015bci ko\u017cuch\u00f3w damskich, m\u0119skich, sk\u00f3r dekoracyjnych oraz ko\u017cuch\u00f3w dzieci\u0119cych, a tak\u017ce produkcj\u0105 kamizelek, czapek, r\u0119kawiczek oraz bucik\u00f3w ze sk\u00f3r futerkowych. Ko\u017cuchy kt\u00f3re posiadamy produkowane s\u0105 na najlepszych sk\u00f3rach kt\u00f3re sami importujemy, dlatego nasze ko\u017cuchy sa mi\u0119ciutkie, leciutkie i bardzo \u0142adnie uszyte kt\u00f3re s\u0105 idealnie dopasowane do figury. Nasza firma ka\u017cdego roku wprowadza nowe wzory pod\u0105\u017caj\u0105ce za trendami mody. Firma Kalsk\u00f3r zajmuje si\u0119 tak\u017ce szerok\u0105 produkcj\u0105 wszelkich rodzai sk\u00f3r dekoracyjnych. Sk\u00f3ry kt\u00f3re posiadamy produkowane s\u0105 na naturalnych garbnikach dlatego sk\u00f3ra jest mi\u0119kka, puszysta, o l\u015bni\u0105cym bia\u0142ym w\u0142osie, najlepsze na Podhalu\",\"publisher\":{\"@id\":\"https:\/\/tannery-sheepskin.com\/en\/#organization\"},\"potentialAction\":[{\"@type\":\"SearchAction\",\"target\":{\"@type\":\"EntryPoint\",\"urlTemplate\":\"https:\/\/tannery-sheepskin.com\/en\/?s={search_term_string}\"},\"query-input\":\"required name=search_term_string\"}],\"inLanguage\":\"en-US\"},{\"@type\":\"ImageObject\",\"@id\":\"https:\/\/tannery-sheepskin.com\/en\/produkt\/dekoracyjna-skora-z-renifera-albinosa-bialy-renifer\/#primaryimage\",\"inLanguage\":\"en-US\",\"url\":\"https:\/\/tannery-sheepskin.com\/wp-content\/uploads\/2024\/05\/20240508_143212-removebg-preview.png\",\"contentUrl\":\"https:\/\/tannery-sheepskin.com\/wp-content\/uploads\/2024\/05\/20240508_143212-removebg-preview.png\",\"width\":433,\"height\":577},{\"@type\":\"WebPage\",\"@id\":\"https:\/\/tannery-sheepskin.com\/en\/produkt\/dekoracyjna-skora-z-renifera-albinosa-bialy-renifer\/#webpage\",\"url\":\"https:\/\/tannery-sheepskin.com\/en\/produkt\/dekoracyjna-skora-z-renifera-albinosa-bialy-renifer\/\",\"name\":\"Decorative Albino Reindeer Skin White Reindeer - Producent owczych sk\u00f3r dekoracyjnych | Tannery Sheepskin | KalSk\u00f3r\",\"isPartOf\":{\"@id\":\"https:\/\/tannery-sheepskin.com\/en\/#website\"},\"primaryImageOfPage\":{\"@id\":\"https:\/\/tannery-sheepskin.com\/en\/produkt\/dekoracyjna-skora-z-renifera-albinosa-bialy-renifer\/#primaryimage\"},\"datePublished\":\"2024-05-08T13:16:48+00:00\",\"dateModified\":\"2024-05-29T11:09:03+00:00\",\"breadcrumb\":{\"@id\":\"https:\/\/tannery-sheepskin.com\/en\/produkt\/dekoracyjna-skora-z-renifera-albinosa-bialy-renifer\/#breadcrumb\"},\"inLanguage\":\"en-US\",\"potentialAction\":[{\"@type\":\"ReadAction\",\"target\":[\"https:\/\/tannery-sheepskin.com\/en\/produkt\/dekoracyjna-skora-z-renifera-albinosa-bialy-renifer\/\"]}]},{\"@type\":\"BreadcrumbList\",\"@id\":\"https:\/\/tannery-sheepskin.com\/en\/produkt\/dekoracyjna-skora-z-renifera-albinosa-bialy-renifer\/#breadcrumb\",\"itemListElement\":[{\"@type\":\"ListItem\",\"position\":1,\"name\":\"Strona g\u0142\u00f3wna\",\"item\":\"https:\/\/tannery-sheepskin.com\/en\/home\/\"},{\"@type\":\"ListItem\",\"position\":2,\"name\":\"Sklep\",\"item\":\"https:\/\/tannery-sheepskin.com\/sklep\/\"},{\"@type\":\"ListItem\",\"position\":3,\"name\":\"Decorative Albino Reindeer Skin White Reindeer\"}]},{\"@type\":\"PostalAddress\",\"@id\":\"https:\/\/tannery-sheepskin.com\/en\/produkt\/dekoracyjna-skora-z-renifera-albinosa-bialy-renifer\/#local-main-place-address\",\"streetAddress\":\"ul Zakopia\u0144ska 25B, 34-424 Szaflary\",\"addressLocality\":\"Szaflary\",\"postalCode\":\"34-424\",\"addressRegion\":\"Ma\u0142opolska\",\"addressCountry\":\"PL\"},{\"@type\":\"ImageObject\",\"@id\":\"https:\/\/tannery-sheepskin.com\/en\/produkt\/dekoracyjna-skora-z-renifera-albinosa-bialy-renifer\/#local-main-organization-logo\",\"inLanguage\":\"en-US\",\"url\":\"https:\/\/tannery-sheepskin.com\/wp-content\/uploads\/2021\/11\/logo-min-1.png\",\"contentUrl\":\"https:\/\/tannery-sheepskin.com\/wp-content\/uploads\/2021\/11\/logo-min-1.png\",\"width\":265,\"height\":81,\"caption\":\"Tannery Sheepskin KalSk\u00f3r\"}]}<\/script>\n<meta property=\"product:price:amount\" content=\"700.00\" \/>\n<meta property=\"product:price:currency\" content=\"PLN\" \/>\n<meta property=\"og:availability\" content=\"instock\" \/>\n<meta property=\"product:availability\" content=\"instock\" \/>\n<meta property=\"product:retailer_item_id\" content=\"033-1A\" \/>\n<meta property=\"product:condition\" content=\"new\" \/>\n<meta name=\"geo.placename\" content=\"Szaflary\" \/>\n<meta name=\"geo.position\" content=\"49.4412818;20.0215325\" \/>\n<meta name=\"geo.region\" content=\"Poland\" \/>\n<!-- \/ Yoast SEO Premium plugin. -->","yoast_head_json":{"title":"Decorative Albino Reindeer Skin White Reindeer - Producent owczych sk\u00f3r dekoracyjnych | Tannery Sheepskin | KalSk\u00f3r","robots":{"index":"index","follow":"follow","max-snippet":"max-snippet:-1","max-image-preview":"max-image-preview:large","max-video-preview":"max-video-preview:-1"},"canonical":"https:\/\/tannery-sheepskin.com\/en\/produkt\/dekoracyjna-skora-z-renifera-albinosa-bialy-renifer\/","og_locale":"en_US","og_type":"article","og_title":"Decorative Albino Reindeer Skin White Reindeer","og_description":"&nbsp;","og_url":"https:\/\/tannery-sheepskin.com\/en\/produkt\/dekoracyjna-skora-z-renifera-albinosa-bialy-renifer\/","og_site_name":"Producent owczych sk\u00f3r dekoracyjnych | Tannery Sheepskin | KalSk\u00f3r","article_modified_time":"2024-05-29T11:09:03+00:00","og_image":[{"width":433,"height":577,"url":"https:\/\/tannery-sheepskin.com\/wp-content\/uploads\/2024\/05\/20240508_143212-removebg-preview.png","type":"image\/png"}],"twitter_card":"summary_large_image","twitter_misc":{"Price":"700,00&nbsp;&#122;&#322;","Availability":"In stock"},"schema":{"@context":"https:\/\/schema.org","@graph":[{"@type":["Organization","Place"],"@id":"https:\/\/tannery-sheepskin.com\/en\/#organization","name":"Tannery Sheepskin KalSk\u00f3r","url":"https:\/\/tannery-sheepskin.com\/en\/","sameAs":[],"logo":{"@id":"https:\/\/tannery-sheepskin.com\/en\/produkt\/dekoracyjna-skora-z-renifera-albinosa-bialy-renifer\/#local-main-organization-logo"},"image":{"@id":"https:\/\/tannery-sheepskin.com\/en\/produkt\/dekoracyjna-skora-z-renifera-albinosa-bialy-renifer\/#local-main-organization-logo"},"address":{"@id":"https:\/\/tannery-sheepskin.com\/en\/produkt\/dekoracyjna-skora-z-renifera-albinosa-bialy-renifer\/#local-main-place-address"},"geo":{"@type":"GeoCoordinates","latitude":"49.4412818","longitude":"20.0215325"},"telephone":["882-550-122","888-267-329","882-550-122","888-267-329"],"openingHoursSpecification":[{"@type":"OpeningHoursSpecification","dayOfWeek":["Monday","Tuesday","Wednesday","Thursday","Friday","Saturday","Sunday"],"opens":"09:00","closes":"17:00"}],"email":"detal@wyprawa-skor.pl","taxID":"7352805338"},{"@type":"WebSite","@id":"https:\/\/tannery-sheepskin.com\/en\/#website","url":"https:\/\/tannery-sheepskin.com\/en\/","name":"Producent owczych sk\u00f3r dekoracyjnych | Tannery Sheepskin | KalSk\u00f3r","description":"Firma KALSK\u00d3R istnieje na rynku od 1989r i od tych w\u0142a\u015bnie lat cieszy si\u0119 bardzo dobrym zaufaniem w\u015br\u00f3d wszystkich klient\u00f3w. Zajmujemy si\u0119 produkcj\u0105 wysokiej jako\u015bci ko\u017cuch\u00f3w damskich, m\u0119skich, sk\u00f3r dekoracyjnych oraz ko\u017cuch\u00f3w dzieci\u0119cych, a tak\u017ce produkcj\u0105 kamizelek, czapek, r\u0119kawiczek oraz bucik\u00f3w ze sk\u00f3r futerkowych. Ko\u017cuchy kt\u00f3re posiadamy produkowane s\u0105 na najlepszych sk\u00f3rach kt\u00f3re sami importujemy, dlatego nasze ko\u017cuchy sa mi\u0119ciutkie, leciutkie i bardzo \u0142adnie uszyte kt\u00f3re s\u0105 idealnie dopasowane do figury. Nasza firma ka\u017cdego roku wprowadza nowe wzory pod\u0105\u017caj\u0105ce za trendami mody. Firma Kalsk\u00f3r zajmuje si\u0119 tak\u017ce szerok\u0105 produkcj\u0105 wszelkich rodzai sk\u00f3r dekoracyjnych. Sk\u00f3ry kt\u00f3re posiadamy produkowane s\u0105 na naturalnych garbnikach dlatego sk\u00f3ra jest mi\u0119kka, puszysta, o l\u015bni\u0105cym bia\u0142ym w\u0142osie, najlepsze na Podhalu","publisher":{"@id":"https:\/\/tannery-sheepskin.com\/en\/#organization"},"potentialAction":[{"@type":"SearchAction","target":{"@type":"EntryPoint","urlTemplate":"https:\/\/tannery-sheepskin.com\/en\/?s={search_term_string}"},"query-input":"required name=search_term_string"}],"inLanguage":"en-US"},{"@type":"ImageObject","@id":"https:\/\/tannery-sheepskin.com\/en\/produkt\/dekoracyjna-skora-z-renifera-albinosa-bialy-renifer\/#primaryimage","inLanguage":"en-US","url":"https:\/\/tannery-sheepskin.com\/wp-content\/uploads\/2024\/05\/20240508_143212-removebg-preview.png","contentUrl":"https:\/\/tannery-sheepskin.com\/wp-content\/uploads\/2024\/05\/20240508_143212-removebg-preview.png","width":433,"height":577},{"@type":"WebPage","@id":"https:\/\/tannery-sheepskin.com\/en\/produkt\/dekoracyjna-skora-z-renifera-albinosa-bialy-renifer\/#webpage","url":"https:\/\/tannery-sheepskin.com\/en\/produkt\/dekoracyjna-skora-z-renifera-albinosa-bialy-renifer\/","name":"Decorative Albino Reindeer Skin White Reindeer - Producent owczych sk\u00f3r dekoracyjnych | Tannery Sheepskin | KalSk\u00f3r","isPartOf":{"@id":"https:\/\/tannery-sheepskin.com\/en\/#website"},"primaryImageOfPage":{"@id":"https:\/\/tannery-sheepskin.com\/en\/produkt\/dekoracyjna-skora-z-renifera-albinosa-bialy-renifer\/#primaryimage"},"datePublished":"2024-05-08T13:16:48+00:00","dateModified":"2024-05-29T11:09:03+00:00","breadcrumb":{"@id":"https:\/\/tannery-sheepskin.com\/en\/produkt\/dekoracyjna-skora-z-renifera-albinosa-bialy-renifer\/#breadcrumb"},"inLanguage":"en-US","potentialAction":[{"@type":"ReadAction","target":["https:\/\/tannery-sheepskin.com\/en\/produkt\/dekoracyjna-skora-z-renifera-albinosa-bialy-renifer\/"]}]},{"@type":"BreadcrumbList","@id":"https:\/\/tannery-sheepskin.com\/en\/produkt\/dekoracyjna-skora-z-renifera-albinosa-bialy-renifer\/#breadcrumb","itemListElement":[{"@type":"ListItem","position":1,"name":"Strona g\u0142\u00f3wna","item":"https:\/\/tannery-sheepskin.com\/en\/home\/"},{"@type":"ListItem","position":2,"name":"Sklep","item":"https:\/\/tannery-sheepskin.com\/sklep\/"},{"@type":"ListItem","position":3,"name":"Decorative Albino Reindeer Skin White Reindeer"}]},{"@type":"PostalAddress","@id":"https:\/\/tannery-sheepskin.com\/en\/produkt\/dekoracyjna-skora-z-renifera-albinosa-bialy-renifer\/#local-main-place-address","streetAddress":"ul Zakopia\u0144ska 25B, 34-424 Szaflary","addressLocality":"Szaflary","postalCode":"34-424","addressRegion":"Ma\u0142opolska","addressCountry":"PL"},{"@type":"ImageObject","@id":"https:\/\/tannery-sheepskin.com\/en\/produkt\/dekoracyjna-skora-z-renifera-albinosa-bialy-renifer\/#local-main-organization-logo","inLanguage":"en-US","url":"https:\/\/tannery-sheepskin.com\/wp-content\/uploads\/2021\/11\/logo-min-1.png","contentUrl":"https:\/\/tannery-sheepskin.com\/wp-content\/uploads\/2021\/11\/logo-min-1.png","width":265,"height":81,"caption":"Tannery Sheepskin KalSk\u00f3r"}]},"product_price_amount":"700.00","product_price_currency":"PLN","og_availability":"instock","product_availability":"instock","product_retailer_item_id":"033-1A","product_condition":"new","geo.placename":"Szaflary","geo.position":{"lat":"49.4412818","long":"20.0215325"},"geo.region":"Poland"},"_links":{"self":[{"href":"https:\/\/tannery-sheepskin.com\/en\/wp-json\/wp\/v2\/product\/22235"}],"collection":[{"href":"https:\/\/tannery-sheepskin.com\/en\/wp-json\/wp\/v2\/product"}],"about":[{"href":"https:\/\/tannery-sheepskin.com\/en\/wp-json\/wp\/v2\/types\/product"}],"replies":[{"embeddable":true,"href":"https:\/\/tannery-sheepskin.com\/en\/wp-json\/wp\/v2\/comments?post=22235"}],"wp:featuredmedia":[{"embeddable":true,"href":"https:\/\/tannery-sheepskin.com\/en\/wp-json\/wp\/v2\/media\/22232"}],"wp:attachment":[{"href":"https:\/\/tannery-sheepskin.com\/en\/wp-json\/wp\/v2\/media?parent=22235"}],"wp:term":[{"taxonomy":"product_cat","embeddable":true,"href":"https:\/\/tannery-sheepskin.com\/en\/wp-json\/wp\/v2\/product_cat?post=22235"},{"taxonomy":"product_tag","embeddable":true,"href":"https:\/\/tannery-sheepskin.com\/en\/wp-json\/wp\/v2\/product_tag?post=22235"}],"curies":[{"name":"wp","href":"https:\/\/api.w.org\/{rel}","templated":true}]}}