{"id":24136,"date":"2026-02-20T13:04:44","date_gmt":"2026-02-20T12:04:44","guid":{"rendered":"https:\/\/tannery-sheepskin.com\/produkt\/skora-z-lisa-rudego\/"},"modified":"2026-03-11T14:56:36","modified_gmt":"2026-03-11T13:56:36","slug":"skora-z-lisa-rudego","status":"publish","type":"product","link":"https:\/\/tannery-sheepskin.com\/en\/produkt\/skora-z-lisa-rudego\/","title":{"rendered":"Red Fox Skin"},"content":{"rendered":"<p>European red fox fur &#8211; Elegance and naturalness in one.<\/p>\n<p>This unique red fox fur is the perfect choice for those who value luxury and authenticity. Each skin is carefully selected to ensure the highest quality and preserve the natural beauty of this noble animal. With its delicate fur and intense red hue, this skin is not only visually beautiful, but also extremely soft to the touch.<\/p>\n<p>The uses of red fox leather are endless &#8211; from elegant interior design accessories to high-end clothing and accessories. Anyone looking for a unique and exclusive product will appreciate the unique look and durability of this leather.<\/p>\n<p>Main features:<\/p>\n<p>Natural red fox leather<br \/>\nSoft and dense fur in an intense shade<br \/>\nCarefully selected leathers guaranteeing high quality<br \/>\nCan be used in many areas, from decoration to clothing<\/p>\n<p>Size of the leather presented;<\/p>\n<p>-Length without tail approx. 60-70 cm<\/p>\n<p>-Width approx. 20-30 cm<\/p>\n<p>-Hair length: 5-7 cm<\/p>\n<p>-Tail length approx. 30 cm<\/p>\n<p>The photos are preview images of randomly selected leathers. Due to their natural origin, the leather you receive may differ slightly in color or shape from those shown in the photo.<\/p>\n<p>Please note that this is a completely natural product, so small cracks, scars, and holes in the leather are normal.<\/p>\n<p>Translated with DeepL.com (free version)<\/p>\n","protected":false},"excerpt":{"rendered":"<p><b>Sk\u00f3ra z lisa rudego Europejskiego\u00a0 &#8211; Elegancja i naturalno\u015b\u0107 w jednym.<\/b><\/p>\n<p>Ta wyj\u0105tkowa sk\u00f3ra z lisa rudego to doskona\u0142y wyb\u00f3r dla tych, kt\u00f3rzy ceni\u0105 sobie luksus i autentyczno\u015b\u0107. Ka\u017cda sk\u00f3ra jest starannie wybrana, aby zapewni\u0107 najwy\u017csz\u0105 jako\u015b\u0107 i zachowa\u0107 naturalne pi\u0119kno tego szlachetnego zwierz\u0119cia. Dzi\u0119ki delikatnemu futerku o intensywnym odcieniu rudego, ta sk\u00f3ra jest nie tylko pi\u0119kna wizualnie, ale tak\u017ce niezwykle mi\u0119kka w dotyku.<\/p>\n<p>Zastosowanie sk\u00f3ry z lisa rudego jest nieograniczone &#8211; od eleganckich dodatk\u00f3w do wystroju wn\u0119trz po wysokiej klasy elementy odzie\u017cy i akcesori\u00f3w. Ka\u017cdy, kto poszukuje unikatowego i ekskluzywnego produktu, doceni niepowtarzalny wygl\u0105d i trwa\u0142o\u015b\u0107 tej sk\u00f3ry.<\/p>\n<p>G\u0142\u00f3wne cechy:<\/p>\n<ul>\n<li>Naturalna sk\u00f3ra z lisa rudego<\/li>\n<li>Mi\u0119kkie i g\u0119ste futerko w intensywnym odcieniu<\/li>\n<li>Starannie wyselekcjonowane sk\u00f3ry gwarantuj\u0105ce wysok\u0105 jako\u015b\u0107<\/li>\n<li>Mo\u017cliwo\u015b\u0107 zastosowania w wielu dziedzinach, od dekoracji po odzie\u017c<\/li>\n<\/ul>\n<p><b>Rozmiar prezentowanej sk\u00f3ry;<\/b><\/p>\n<p><b>-D\u0142ugo\u015b\u0107 bez kity oko\u0142o 60-70 cm<\/b><\/p>\n<p><b>-Szeroko\u015b\u0107 oko\u0142o 20-30 cm<\/b><\/p>\n<p><b>-D\u0142ugo\u015b\u0107 w\u0142osa: 5-7cm<\/b><\/p>\n<p><b>-D\u0142ugo\u015b\u0107 kity oko\u0142o: 30cm<\/b><\/p>\n<p>Zdj\u0119cia s\u0105 zdj\u0119ciami podgl\u0105dowymi losowo wybranych sk\u00f3r, ze wzgl\u0119du na swoje naturalne pochodzenie, otrzymana sk\u00f3ra mo\u017ce nieznacznie r\u00f3\u017cni\u0107 si\u0119 barw\u0105\u00a0 lub kszta\u0142tem z widocznymi na zdj\u0119ciu <b>.<\/b><\/p>\n<p>Nale\u017cy pami\u0119ta\u0107, \u017ce jest to produkt w pe\u0142ni naturalny, dlatego niewielkie p\u0119kni\u0119cia i blizny oraz dziurki na sk\u00f3rze s\u0105 czym\u015b normalnym.<\/p>\n","protected":false},"featured_media":24098,"comment_status":"open","ping_status":"closed","template":"","meta":[],"product_cat":[375],"product_tag":[],"yoast_head":"<!-- This site is optimized with the Yoast SEO Premium plugin v18.2.1 (Yoast SEO v18.4.1) - https:\/\/yoast.com\/wordpress\/plugins\/seo\/ -->\n<title>Red Fox Skin<\/title>\n<meta name=\"description\" content=\"Sk\u00f3ra z Daniela\u00a0 jest produktem w 100 % naturalnym ,jest to sk\u00f3ra z gatunku dziczyzny, sk\u00f3ry posiada g\u0119sty lekko ostrawy w\u0142os.\" \/>\n<meta name=\"robots\" content=\"index, follow, max-snippet:-1, max-image-preview:large, max-video-preview:-1\" \/>\n<link rel=\"canonical\" href=\"https:\/\/tannery-sheepskin.com\/en\/produkt\/skora-z-lisa-rudego\/\" \/>\n<meta property=\"og:locale\" content=\"en_US\" \/>\n<meta property=\"og:type\" content=\"article\" \/>\n<meta property=\"og:title\" content=\"Red Fox Skin\" \/>\n<meta property=\"og:description\" content=\"Sk\u00f3ra z Daniela\u00a0 jest produktem w 100 % naturalnym ,jest to sk\u00f3ra z gatunku dziczyzny, sk\u00f3ry posiada g\u0119sty lekko ostrawy w\u0142os.\" \/>\n<meta property=\"og:url\" content=\"https:\/\/tannery-sheepskin.com\/en\/produkt\/skora-z-lisa-rudego\/\" \/>\n<meta property=\"og:site_name\" content=\"Producent owczych sk\u00f3r dekoracyjnych | Tannery Sheepskin | KalSk\u00f3r\" \/>\n<meta property=\"article:modified_time\" content=\"2026-03-11T13:56:36+00:00\" \/>\n<meta property=\"og:image\" content=\"https:\/\/tannery-sheepskin.com\/wp-content\/uploads\/2026\/02\/20250328_143128-removebg-preview.png\" \/>\n\t<meta property=\"og:image:width\" content=\"433\" \/>\n\t<meta property=\"og:image:height\" content=\"577\" \/>\n\t<meta property=\"og:image:type\" content=\"image\/png\" \/>\n<meta name=\"twitter:card\" content=\"summary_large_image\" \/>\n<meta name=\"twitter:label1\" content=\"Price\" \/>\n\t<meta name=\"twitter:data1\" content=\"240,00&nbsp;&#122;&#322;\" \/>\n\t<meta name=\"twitter:label2\" content=\"Availability\" \/>\n\t<meta name=\"twitter:data2\" content=\"In stock\" \/>\n<script type=\"application\/ld+json\" class=\"yoast-schema-graph\">{\"@context\":\"https:\/\/schema.org\",\"@graph\":[{\"@type\":[\"Organization\",\"Place\"],\"@id\":\"https:\/\/tannery-sheepskin.com\/en\/#organization\",\"name\":\"Tannery Sheepskin KalSk\u00f3r\",\"url\":\"https:\/\/tannery-sheepskin.com\/en\/\",\"sameAs\":[],\"logo\":{\"@id\":\"https:\/\/tannery-sheepskin.com\/en\/produkt\/skora-z-lisa-rudego\/#local-main-organization-logo\"},\"image\":{\"@id\":\"https:\/\/tannery-sheepskin.com\/en\/produkt\/skora-z-lisa-rudego\/#local-main-organization-logo\"},\"address\":{\"@id\":\"https:\/\/tannery-sheepskin.com\/en\/produkt\/skora-z-lisa-rudego\/#local-main-place-address\"},\"geo\":{\"@type\":\"GeoCoordinates\",\"latitude\":\"49.4412818\",\"longitude\":\"20.0215325\"},\"telephone\":[\"882-550-122\",\"888-267-329\"],\"openingHoursSpecification\":[{\"@type\":\"OpeningHoursSpecification\",\"dayOfWeek\":[\"Monday\",\"Tuesday\",\"Wednesday\",\"Thursday\",\"Friday\",\"Saturday\",\"Sunday\"],\"opens\":\"09:00\",\"closes\":\"17:00\"}],\"email\":\"detal@wyprawa-skor.pl\",\"taxID\":\"7352805338\"},{\"@type\":\"WebSite\",\"@id\":\"https:\/\/tannery-sheepskin.com\/en\/#website\",\"url\":\"https:\/\/tannery-sheepskin.com\/en\/\",\"name\":\"Producent owczych sk\u00f3r dekoracyjnych | Tannery Sheepskin | KalSk\u00f3r\",\"description\":\"Firma KALSK\u00d3R istnieje na rynku od 1989r i od tych w\u0142a\u015bnie lat cieszy si\u0119 bardzo dobrym zaufaniem w\u015br\u00f3d wszystkich klient\u00f3w. Zajmujemy si\u0119 produkcj\u0105 wysokiej jako\u015bci ko\u017cuch\u00f3w damskich, m\u0119skich, sk\u00f3r dekoracyjnych oraz ko\u017cuch\u00f3w dzieci\u0119cych, a tak\u017ce produkcj\u0105 kamizelek, czapek, r\u0119kawiczek oraz bucik\u00f3w ze sk\u00f3r futerkowych. Ko\u017cuchy kt\u00f3re posiadamy produkowane s\u0105 na najlepszych sk\u00f3rach kt\u00f3re sami importujemy, dlatego nasze ko\u017cuchy sa mi\u0119ciutkie, leciutkie i bardzo \u0142adnie uszyte kt\u00f3re s\u0105 idealnie dopasowane do figury. Nasza firma ka\u017cdego roku wprowadza nowe wzory pod\u0105\u017caj\u0105ce za trendami mody. Firma Kalsk\u00f3r zajmuje si\u0119 tak\u017ce szerok\u0105 produkcj\u0105 wszelkich rodzai sk\u00f3r dekoracyjnych. Sk\u00f3ry kt\u00f3re posiadamy produkowane s\u0105 na naturalnych garbnikach dlatego sk\u00f3ra jest mi\u0119kka, puszysta, o l\u015bni\u0105cym bia\u0142ym w\u0142osie, najlepsze na Podhalu\",\"publisher\":{\"@id\":\"https:\/\/tannery-sheepskin.com\/en\/#organization\"},\"potentialAction\":[{\"@type\":\"SearchAction\",\"target\":{\"@type\":\"EntryPoint\",\"urlTemplate\":\"https:\/\/tannery-sheepskin.com\/en\/?s={search_term_string}\"},\"query-input\":\"required name=search_term_string\"}],\"inLanguage\":\"en-US\"},{\"@type\":\"ImageObject\",\"@id\":\"https:\/\/tannery-sheepskin.com\/en\/produkt\/skora-z-lisa-rudego\/#primaryimage\",\"inLanguage\":\"en-US\",\"url\":\"https:\/\/tannery-sheepskin.com\/wp-content\/uploads\/2026\/02\/20250328_143128-removebg-preview.png\",\"contentUrl\":\"https:\/\/tannery-sheepskin.com\/wp-content\/uploads\/2026\/02\/20250328_143128-removebg-preview.png\",\"width\":433,\"height\":577},{\"@type\":\"WebPage\",\"@id\":\"https:\/\/tannery-sheepskin.com\/en\/produkt\/skora-z-lisa-rudego\/#webpage\",\"url\":\"https:\/\/tannery-sheepskin.com\/en\/produkt\/skora-z-lisa-rudego\/\",\"name\":\"Red Fox Skin\",\"isPartOf\":{\"@id\":\"https:\/\/tannery-sheepskin.com\/en\/#website\"},\"primaryImageOfPage\":{\"@id\":\"https:\/\/tannery-sheepskin.com\/en\/produkt\/skora-z-lisa-rudego\/#primaryimage\"},\"datePublished\":\"2026-02-20T12:04:44+00:00\",\"dateModified\":\"2026-03-11T13:56:36+00:00\",\"description\":\"Sk\u00f3ra z Daniela\u00a0 jest produktem w 100 % naturalnym ,jest to sk\u00f3ra z gatunku dziczyzny, sk\u00f3ry posiada g\u0119sty lekko ostrawy w\u0142os.\",\"breadcrumb\":{\"@id\":\"https:\/\/tannery-sheepskin.com\/en\/produkt\/skora-z-lisa-rudego\/#breadcrumb\"},\"inLanguage\":\"en-US\",\"potentialAction\":[{\"@type\":\"ReadAction\",\"target\":[\"https:\/\/tannery-sheepskin.com\/en\/produkt\/skora-z-lisa-rudego\/\"]}]},{\"@type\":\"BreadcrumbList\",\"@id\":\"https:\/\/tannery-sheepskin.com\/en\/produkt\/skora-z-lisa-rudego\/#breadcrumb\",\"itemListElement\":[{\"@type\":\"ListItem\",\"position\":1,\"name\":\"Strona g\u0142\u00f3wna\",\"item\":\"https:\/\/tannery-sheepskin.com\/en\/home\/\"},{\"@type\":\"ListItem\",\"position\":2,\"name\":\"Sklep\",\"item\":\"https:\/\/tannery-sheepskin.com\/sklep\/\"},{\"@type\":\"ListItem\",\"position\":3,\"name\":\"Red Fox Skin\"}]},{\"@type\":\"PostalAddress\",\"@id\":\"https:\/\/tannery-sheepskin.com\/en\/produkt\/skora-z-lisa-rudego\/#local-main-place-address\",\"streetAddress\":\"ul Zakopia\u0144ska 25B, 34-424 Szaflary\",\"addressLocality\":\"Szaflary\",\"postalCode\":\"34-424\",\"addressRegion\":\"Ma\u0142opolska\",\"addressCountry\":\"PL\"},{\"@type\":\"ImageObject\",\"@id\":\"https:\/\/tannery-sheepskin.com\/en\/produkt\/skora-z-lisa-rudego\/#local-main-organization-logo\",\"inLanguage\":\"en-US\",\"url\":\"https:\/\/tannery-sheepskin.com\/wp-content\/uploads\/2021\/11\/logo-min-1.png\",\"contentUrl\":\"https:\/\/tannery-sheepskin.com\/wp-content\/uploads\/2021\/11\/logo-min-1.png\",\"width\":265,\"height\":81,\"caption\":\"Tannery Sheepskin KalSk\u00f3r\"}]}<\/script>\n<meta property=\"product:price:amount\" content=\"240.00\" \/>\n<meta property=\"product:price:currency\" content=\"PLN\" \/>\n<meta property=\"og:availability\" content=\"instock\" \/>\n<meta property=\"product:availability\" content=\"instock\" \/>\n<meta property=\"product:condition\" content=\"new\" \/>\n<meta name=\"geo.placename\" content=\"Szaflary\" \/>\n<meta name=\"geo.position\" content=\"49.4412818;20.0215325\" \/>\n<meta name=\"geo.region\" content=\"Poland\" \/>\n<!-- \/ Yoast SEO Premium plugin. -->","yoast_head_json":{"title":"Red Fox Skin","description":"Sk\u00f3ra z Daniela\u00a0 jest produktem w 100 % naturalnym ,jest to sk\u00f3ra z gatunku dziczyzny, sk\u00f3ry posiada g\u0119sty lekko ostrawy w\u0142os.","robots":{"index":"index","follow":"follow","max-snippet":"max-snippet:-1","max-image-preview":"max-image-preview:large","max-video-preview":"max-video-preview:-1"},"canonical":"https:\/\/tannery-sheepskin.com\/en\/produkt\/skora-z-lisa-rudego\/","og_locale":"en_US","og_type":"article","og_title":"Red Fox Skin","og_description":"Sk\u00f3ra z Daniela\u00a0 jest produktem w 100 % naturalnym ,jest to sk\u00f3ra z gatunku dziczyzny, sk\u00f3ry posiada g\u0119sty lekko ostrawy w\u0142os.","og_url":"https:\/\/tannery-sheepskin.com\/en\/produkt\/skora-z-lisa-rudego\/","og_site_name":"Producent owczych sk\u00f3r dekoracyjnych | Tannery Sheepskin | KalSk\u00f3r","article_modified_time":"2026-03-11T13:56:36+00:00","og_image":[{"width":433,"height":577,"url":"https:\/\/tannery-sheepskin.com\/wp-content\/uploads\/2026\/02\/20250328_143128-removebg-preview.png","type":"image\/png"}],"twitter_card":"summary_large_image","twitter_misc":{"Price":"240,00&nbsp;&#122;&#322;","Availability":"In stock"},"schema":{"@context":"https:\/\/schema.org","@graph":[{"@type":["Organization","Place"],"@id":"https:\/\/tannery-sheepskin.com\/en\/#organization","name":"Tannery Sheepskin KalSk\u00f3r","url":"https:\/\/tannery-sheepskin.com\/en\/","sameAs":[],"logo":{"@id":"https:\/\/tannery-sheepskin.com\/en\/produkt\/skora-z-lisa-rudego\/#local-main-organization-logo"},"image":{"@id":"https:\/\/tannery-sheepskin.com\/en\/produkt\/skora-z-lisa-rudego\/#local-main-organization-logo"},"address":{"@id":"https:\/\/tannery-sheepskin.com\/en\/produkt\/skora-z-lisa-rudego\/#local-main-place-address"},"geo":{"@type":"GeoCoordinates","latitude":"49.4412818","longitude":"20.0215325"},"telephone":["882-550-122","888-267-329","882-550-122","888-267-329"],"openingHoursSpecification":[{"@type":"OpeningHoursSpecification","dayOfWeek":["Monday","Tuesday","Wednesday","Thursday","Friday","Saturday","Sunday"],"opens":"09:00","closes":"17:00"}],"email":"detal@wyprawa-skor.pl","taxID":"7352805338"},{"@type":"WebSite","@id":"https:\/\/tannery-sheepskin.com\/en\/#website","url":"https:\/\/tannery-sheepskin.com\/en\/","name":"Producent owczych sk\u00f3r dekoracyjnych | Tannery Sheepskin | KalSk\u00f3r","description":"Firma KALSK\u00d3R istnieje na rynku od 1989r i od tych w\u0142a\u015bnie lat cieszy si\u0119 bardzo dobrym zaufaniem w\u015br\u00f3d wszystkich klient\u00f3w. Zajmujemy si\u0119 produkcj\u0105 wysokiej jako\u015bci ko\u017cuch\u00f3w damskich, m\u0119skich, sk\u00f3r dekoracyjnych oraz ko\u017cuch\u00f3w dzieci\u0119cych, a tak\u017ce produkcj\u0105 kamizelek, czapek, r\u0119kawiczek oraz bucik\u00f3w ze sk\u00f3r futerkowych. Ko\u017cuchy kt\u00f3re posiadamy produkowane s\u0105 na najlepszych sk\u00f3rach kt\u00f3re sami importujemy, dlatego nasze ko\u017cuchy sa mi\u0119ciutkie, leciutkie i bardzo \u0142adnie uszyte kt\u00f3re s\u0105 idealnie dopasowane do figury. Nasza firma ka\u017cdego roku wprowadza nowe wzory pod\u0105\u017caj\u0105ce za trendami mody. Firma Kalsk\u00f3r zajmuje si\u0119 tak\u017ce szerok\u0105 produkcj\u0105 wszelkich rodzai sk\u00f3r dekoracyjnych. Sk\u00f3ry kt\u00f3re posiadamy produkowane s\u0105 na naturalnych garbnikach dlatego sk\u00f3ra jest mi\u0119kka, puszysta, o l\u015bni\u0105cym bia\u0142ym w\u0142osie, najlepsze na Podhalu","publisher":{"@id":"https:\/\/tannery-sheepskin.com\/en\/#organization"},"potentialAction":[{"@type":"SearchAction","target":{"@type":"EntryPoint","urlTemplate":"https:\/\/tannery-sheepskin.com\/en\/?s={search_term_string}"},"query-input":"required name=search_term_string"}],"inLanguage":"en-US"},{"@type":"ImageObject","@id":"https:\/\/tannery-sheepskin.com\/en\/produkt\/skora-z-lisa-rudego\/#primaryimage","inLanguage":"en-US","url":"https:\/\/tannery-sheepskin.com\/wp-content\/uploads\/2026\/02\/20250328_143128-removebg-preview.png","contentUrl":"https:\/\/tannery-sheepskin.com\/wp-content\/uploads\/2026\/02\/20250328_143128-removebg-preview.png","width":433,"height":577},{"@type":"WebPage","@id":"https:\/\/tannery-sheepskin.com\/en\/produkt\/skora-z-lisa-rudego\/#webpage","url":"https:\/\/tannery-sheepskin.com\/en\/produkt\/skora-z-lisa-rudego\/","name":"Red Fox Skin","isPartOf":{"@id":"https:\/\/tannery-sheepskin.com\/en\/#website"},"primaryImageOfPage":{"@id":"https:\/\/tannery-sheepskin.com\/en\/produkt\/skora-z-lisa-rudego\/#primaryimage"},"datePublished":"2026-02-20T12:04:44+00:00","dateModified":"2026-03-11T13:56:36+00:00","description":"Sk\u00f3ra z Daniela\u00a0 jest produktem w 100 % naturalnym ,jest to sk\u00f3ra z gatunku dziczyzny, sk\u00f3ry posiada g\u0119sty lekko ostrawy w\u0142os.","breadcrumb":{"@id":"https:\/\/tannery-sheepskin.com\/en\/produkt\/skora-z-lisa-rudego\/#breadcrumb"},"inLanguage":"en-US","potentialAction":[{"@type":"ReadAction","target":["https:\/\/tannery-sheepskin.com\/en\/produkt\/skora-z-lisa-rudego\/"]}]},{"@type":"BreadcrumbList","@id":"https:\/\/tannery-sheepskin.com\/en\/produkt\/skora-z-lisa-rudego\/#breadcrumb","itemListElement":[{"@type":"ListItem","position":1,"name":"Strona g\u0142\u00f3wna","item":"https:\/\/tannery-sheepskin.com\/en\/home\/"},{"@type":"ListItem","position":2,"name":"Sklep","item":"https:\/\/tannery-sheepskin.com\/sklep\/"},{"@type":"ListItem","position":3,"name":"Red Fox Skin"}]},{"@type":"PostalAddress","@id":"https:\/\/tannery-sheepskin.com\/en\/produkt\/skora-z-lisa-rudego\/#local-main-place-address","streetAddress":"ul Zakopia\u0144ska 25B, 34-424 Szaflary","addressLocality":"Szaflary","postalCode":"34-424","addressRegion":"Ma\u0142opolska","addressCountry":"PL"},{"@type":"ImageObject","@id":"https:\/\/tannery-sheepskin.com\/en\/produkt\/skora-z-lisa-rudego\/#local-main-organization-logo","inLanguage":"en-US","url":"https:\/\/tannery-sheepskin.com\/wp-content\/uploads\/2021\/11\/logo-min-1.png","contentUrl":"https:\/\/tannery-sheepskin.com\/wp-content\/uploads\/2021\/11\/logo-min-1.png","width":265,"height":81,"caption":"Tannery Sheepskin KalSk\u00f3r"}]},"product_price_amount":"240.00","product_price_currency":"PLN","og_availability":"instock","product_availability":"instock","product_condition":"new","geo.placename":"Szaflary","geo.position":{"lat":"49.4412818","long":"20.0215325"},"geo.region":"Poland"},"_links":{"self":[{"href":"https:\/\/tannery-sheepskin.com\/en\/wp-json\/wp\/v2\/product\/24136"}],"collection":[{"href":"https:\/\/tannery-sheepskin.com\/en\/wp-json\/wp\/v2\/product"}],"about":[{"href":"https:\/\/tannery-sheepskin.com\/en\/wp-json\/wp\/v2\/types\/product"}],"replies":[{"embeddable":true,"href":"https:\/\/tannery-sheepskin.com\/en\/wp-json\/wp\/v2\/comments?post=24136"}],"wp:featuredmedia":[{"embeddable":true,"href":"https:\/\/tannery-sheepskin.com\/en\/wp-json\/wp\/v2\/media\/24098"}],"wp:attachment":[{"href":"https:\/\/tannery-sheepskin.com\/en\/wp-json\/wp\/v2\/media?parent=24136"}],"wp:term":[{"taxonomy":"product_cat","embeddable":true,"href":"https:\/\/tannery-sheepskin.com\/en\/wp-json\/wp\/v2\/product_cat?post=24136"},{"taxonomy":"product_tag","embeddable":true,"href":"https:\/\/tannery-sheepskin.com\/en\/wp-json\/wp\/v2\/product_tag?post=24136"}],"curies":[{"name":"wp","href":"https:\/\/api.w.org\/{rel}","templated":true}]}}