{"id":5469,"date":"2021-10-07T14:24:17","date_gmt":"2021-10-07T12:24:17","guid":{"rendered":"https:\/\/tannery-sheepskin.com\/produkt\/lanolina-w-plynie-srodek-do-pielegnacji-i-czyszczenia-skor-owczych\/"},"modified":"2022-07-28T16:07:05","modified_gmt":"2022-07-28T14:07:05","slug":"lanolina-w-plynie-srodek-do-pielegnacji-i-czyszczenia-skor-owczych","status":"publish","type":"product","link":"https:\/\/tannery-sheepskin.com\/en\/produkt\/lanolina-w-plynie-srodek-do-pielegnacji-i-czyszczenia-skor-owczych\/","title":{"rendered":"Liquid Lanolin Conditioner and Sheepskin Cleaner"},"content":{"rendered":"<p>Lanolin Liquid 100 ml with a convenient dispenser:<\/p>\n<p>The emulsion is designed for professional cleaning and refreshing of wool products, both sheepskin and natural leather products, substances contained in lanolin deeply penetrate the fibre structure and remove stubborn stains, at the same time taking care of softness and durability of hair.<\/p>\n<p>Directions for use Cleaning :<\/p>\n<p>We spray the leather or the product only after the hair, remember not to soak the leather itself. Unfortunately, natural leather reacts very poorly to excess moisture. The next step is to rub the agent deep into the hair using a comb, brush or sponge.<\/p>\n<p>How to use Hair Refresher :<\/p>\n<p>In order to refresh the hair we spray the hair with lanolin and then we brush the still wet hair and leave it to dry.<\/p>\n<p>Translated with www.DeepL.com\/Translator (free version)<\/p>\n","protected":false},"excerpt":{"rendered":"<p>Lanolin Liquid 100 ml with a convenient dispenser:<\/p>\n<p>The emulsion is designed for professional cleaning and refreshing of wool products, both sheepskin and natural leather products, substances contained in lanolin deeply penetrate the fibre structure and remove stubborn stains, at the same time taking care of softness and durability of hair.<\/p>\n<p>Directions for use Cleaning :<\/p>\n<p>We spray the leather or the product only after the hair, remember not to soak the leather itself. Unfortunately, natural leather reacts very poorly to excess moisture. The next step is to rub the agent deep into the hair using a comb, brush or sponge.<\/p>\n<p>How to use Hair Refresher :<\/p>\n<p>In order to refresh the hair we spray the hair with lanolin and then we brush the still wet hair and leave it to dry.<\/p>\n<p>Translated with www.DeepL.com\/Translator (free version)<\/p>\n","protected":false},"featured_media":5464,"comment_status":"open","ping_status":"closed","template":"","meta":[],"product_cat":[436],"product_tag":[],"yoast_head":"<!-- This site is optimized with the Yoast SEO Premium plugin v18.2.1 (Yoast SEO v18.4.1) - https:\/\/yoast.com\/wordpress\/plugins\/seo\/ -->\n<title>Liquid Lanolin Conditioner and Sheepskin Cleaner - Producent owczych sk\u00f3r dekoracyjnych | Tannery Sheepskin | KalSk\u00f3r<\/title>\n<meta name=\"robots\" content=\"index, follow, max-snippet:-1, max-image-preview:large, max-video-preview:-1\" \/>\n<link rel=\"canonical\" href=\"https:\/\/tannery-sheepskin.com\/en\/produkt\/lanolina-w-plynie-srodek-do-pielegnacji-i-czyszczenia-skor-owczych\/\" \/>\n<meta property=\"og:locale\" content=\"en_US\" \/>\n<meta property=\"og:type\" content=\"article\" \/>\n<meta property=\"og:title\" content=\"Liquid Lanolin Conditioner and Sheepskin Cleaner\" \/>\n<meta property=\"og:description\" content=\"Lanolin Liquid 100 ml with a convenient dispenser:  The emulsion is designed for professional cleaning and refreshing of wool products, both sheepskin and natural leather products, substances contained in lanolin deeply penetrate the fibre structure and remove stubborn stains, at the same time taking care of softness and durability of hair.  Directions for use Cleaning :  We spray the leather or the product only after the hair, remember not to soak the leather itself. Unfortunately, natural leather reacts very poorly to excess moisture. The next step is to rub the agent deep into the hair using a comb, brush or sponge.  How to use Hair Refresher :  In order to refresh the hair we spray the hair with lanolin and then we brush the still wet hair and leave it to dry.  Translated with www.DeepL.com\/Translator (free version)\" \/>\n<meta property=\"og:url\" content=\"https:\/\/tannery-sheepskin.com\/en\/produkt\/lanolina-w-plynie-srodek-do-pielegnacji-i-czyszczenia-skor-owczych\/\" \/>\n<meta property=\"og:site_name\" content=\"Producent owczych sk\u00f3r dekoracyjnych | Tannery Sheepskin | KalSk\u00f3r\" \/>\n<meta property=\"article:modified_time\" content=\"2022-07-28T14:07:05+00:00\" \/>\n<meta property=\"og:image\" content=\"https:\/\/tannery-sheepskin.com\/wp-content\/uploads\/2021\/10\/20211007_130555-removebg-preview.png\" \/>\n\t<meta property=\"og:image:width\" content=\"500\" \/>\n\t<meta property=\"og:image:height\" content=\"500\" \/>\n\t<meta property=\"og:image:type\" content=\"image\/png\" \/>\n<meta name=\"twitter:card\" content=\"summary_large_image\" \/>\n<meta name=\"twitter:label1\" content=\"Price\" \/>\n\t<meta name=\"twitter:data1\" content=\"29,00&nbsp;&#122;&#322;\" \/>\n\t<meta name=\"twitter:label2\" content=\"Availability\" \/>\n\t<meta name=\"twitter:data2\" content=\"In stock\" \/>\n<script type=\"application\/ld+json\" class=\"yoast-schema-graph\">{\"@context\":\"https:\/\/schema.org\",\"@graph\":[{\"@type\":[\"Organization\",\"Place\"],\"@id\":\"https:\/\/tannery-sheepskin.com\/en\/#organization\",\"name\":\"Tannery Sheepskin KalSk\u00f3r\",\"url\":\"https:\/\/tannery-sheepskin.com\/en\/\",\"sameAs\":[],\"logo\":{\"@id\":\"https:\/\/tannery-sheepskin.com\/en\/produkt\/lanolina-w-plynie-srodek-do-pielegnacji-i-czyszczenia-skor-owczych\/#local-main-organization-logo\"},\"image\":{\"@id\":\"https:\/\/tannery-sheepskin.com\/en\/produkt\/lanolina-w-plynie-srodek-do-pielegnacji-i-czyszczenia-skor-owczych\/#local-main-organization-logo\"},\"address\":{\"@id\":\"https:\/\/tannery-sheepskin.com\/en\/produkt\/lanolina-w-plynie-srodek-do-pielegnacji-i-czyszczenia-skor-owczych\/#local-main-place-address\"},\"geo\":{\"@type\":\"GeoCoordinates\",\"latitude\":\"49.4412818\",\"longitude\":\"20.0215325\"},\"telephone\":[\"882-550-122\",\"888-267-329\"],\"openingHoursSpecification\":[{\"@type\":\"OpeningHoursSpecification\",\"dayOfWeek\":[\"Monday\",\"Tuesday\",\"Wednesday\",\"Thursday\",\"Friday\",\"Saturday\",\"Sunday\"],\"opens\":\"09:00\",\"closes\":\"17:00\"}],\"email\":\"detal@wyprawa-skor.pl\",\"taxID\":\"7352805338\"},{\"@type\":\"WebSite\",\"@id\":\"https:\/\/tannery-sheepskin.com\/en\/#website\",\"url\":\"https:\/\/tannery-sheepskin.com\/en\/\",\"name\":\"Producent owczych sk\u00f3r dekoracyjnych | Tannery Sheepskin | KalSk\u00f3r\",\"description\":\"Firma KALSK\u00d3R istnieje na rynku od 1989r i od tych w\u0142a\u015bnie lat cieszy si\u0119 bardzo dobrym zaufaniem w\u015br\u00f3d wszystkich klient\u00f3w. Zajmujemy si\u0119 produkcj\u0105 wysokiej jako\u015bci ko\u017cuch\u00f3w damskich, m\u0119skich, sk\u00f3r dekoracyjnych oraz ko\u017cuch\u00f3w dzieci\u0119cych, a tak\u017ce produkcj\u0105 kamizelek, czapek, r\u0119kawiczek oraz bucik\u00f3w ze sk\u00f3r futerkowych. Ko\u017cuchy kt\u00f3re posiadamy produkowane s\u0105 na najlepszych sk\u00f3rach kt\u00f3re sami importujemy, dlatego nasze ko\u017cuchy sa mi\u0119ciutkie, leciutkie i bardzo \u0142adnie uszyte kt\u00f3re s\u0105 idealnie dopasowane do figury. Nasza firma ka\u017cdego roku wprowadza nowe wzory pod\u0105\u017caj\u0105ce za trendami mody. Firma Kalsk\u00f3r zajmuje si\u0119 tak\u017ce szerok\u0105 produkcj\u0105 wszelkich rodzai sk\u00f3r dekoracyjnych. Sk\u00f3ry kt\u00f3re posiadamy produkowane s\u0105 na naturalnych garbnikach dlatego sk\u00f3ra jest mi\u0119kka, puszysta, o l\u015bni\u0105cym bia\u0142ym w\u0142osie, najlepsze na Podhalu\",\"publisher\":{\"@id\":\"https:\/\/tannery-sheepskin.com\/en\/#organization\"},\"potentialAction\":[{\"@type\":\"SearchAction\",\"target\":{\"@type\":\"EntryPoint\",\"urlTemplate\":\"https:\/\/tannery-sheepskin.com\/en\/?s={search_term_string}\"},\"query-input\":\"required name=search_term_string\"}],\"inLanguage\":\"en-US\"},{\"@type\":\"ImageObject\",\"@id\":\"https:\/\/tannery-sheepskin.com\/en\/produkt\/lanolina-w-plynie-srodek-do-pielegnacji-i-czyszczenia-skor-owczych\/#primaryimage\",\"inLanguage\":\"en-US\",\"url\":\"https:\/\/tannery-sheepskin.com\/wp-content\/uploads\/2021\/10\/20211007_130555-removebg-preview.png\",\"contentUrl\":\"https:\/\/tannery-sheepskin.com\/wp-content\/uploads\/2021\/10\/20211007_130555-removebg-preview.png\",\"width\":500,\"height\":500},{\"@type\":\"WebPage\",\"@id\":\"https:\/\/tannery-sheepskin.com\/en\/produkt\/lanolina-w-plynie-srodek-do-pielegnacji-i-czyszczenia-skor-owczych\/#webpage\",\"url\":\"https:\/\/tannery-sheepskin.com\/en\/produkt\/lanolina-w-plynie-srodek-do-pielegnacji-i-czyszczenia-skor-owczych\/\",\"name\":\"Liquid Lanolin Conditioner and Sheepskin Cleaner - Producent owczych sk\u00f3r dekoracyjnych | Tannery Sheepskin | KalSk\u00f3r\",\"isPartOf\":{\"@id\":\"https:\/\/tannery-sheepskin.com\/en\/#website\"},\"primaryImageOfPage\":{\"@id\":\"https:\/\/tannery-sheepskin.com\/en\/produkt\/lanolina-w-plynie-srodek-do-pielegnacji-i-czyszczenia-skor-owczych\/#primaryimage\"},\"datePublished\":\"2021-10-07T12:24:17+00:00\",\"dateModified\":\"2022-07-28T14:07:05+00:00\",\"breadcrumb\":{\"@id\":\"https:\/\/tannery-sheepskin.com\/en\/produkt\/lanolina-w-plynie-srodek-do-pielegnacji-i-czyszczenia-skor-owczych\/#breadcrumb\"},\"inLanguage\":\"en-US\",\"potentialAction\":[{\"@type\":\"ReadAction\",\"target\":[\"https:\/\/tannery-sheepskin.com\/en\/produkt\/lanolina-w-plynie-srodek-do-pielegnacji-i-czyszczenia-skor-owczych\/\"]}]},{\"@type\":\"BreadcrumbList\",\"@id\":\"https:\/\/tannery-sheepskin.com\/en\/produkt\/lanolina-w-plynie-srodek-do-pielegnacji-i-czyszczenia-skor-owczych\/#breadcrumb\",\"itemListElement\":[{\"@type\":\"ListItem\",\"position\":1,\"name\":\"Strona g\u0142\u00f3wna\",\"item\":\"https:\/\/tannery-sheepskin.com\/en\/home\/\"},{\"@type\":\"ListItem\",\"position\":2,\"name\":\"Sklep\",\"item\":\"https:\/\/tannery-sheepskin.com\/sklep\/\"},{\"@type\":\"ListItem\",\"position\":3,\"name\":\"Liquid Lanolin Conditioner and Sheepskin Cleaner\"}]},{\"@type\":\"PostalAddress\",\"@id\":\"https:\/\/tannery-sheepskin.com\/en\/produkt\/lanolina-w-plynie-srodek-do-pielegnacji-i-czyszczenia-skor-owczych\/#local-main-place-address\",\"streetAddress\":\"ul Zakopia\u0144ska 25B, 34-424 Szaflary\",\"addressLocality\":\"Szaflary\",\"postalCode\":\"34-424\",\"addressRegion\":\"Ma\u0142opolska\",\"addressCountry\":\"PL\"},{\"@type\":\"ImageObject\",\"@id\":\"https:\/\/tannery-sheepskin.com\/en\/produkt\/lanolina-w-plynie-srodek-do-pielegnacji-i-czyszczenia-skor-owczych\/#local-main-organization-logo\",\"inLanguage\":\"en-US\",\"url\":\"https:\/\/tannery-sheepskin.com\/wp-content\/uploads\/2021\/11\/logo-min-1.png\",\"contentUrl\":\"https:\/\/tannery-sheepskin.com\/wp-content\/uploads\/2021\/11\/logo-min-1.png\",\"width\":265,\"height\":81,\"caption\":\"Tannery Sheepskin KalSk\u00f3r\"}]}<\/script>\n<meta property=\"product:price:amount\" content=\"29.00\" \/>\n<meta property=\"product:price:currency\" content=\"PLN\" \/>\n<meta property=\"og:availability\" content=\"instock\" \/>\n<meta property=\"product:availability\" content=\"instock\" \/>\n<meta property=\"product:condition\" content=\"new\" \/>\n<meta name=\"geo.placename\" content=\"Szaflary\" \/>\n<meta name=\"geo.position\" content=\"49.4412818;20.0215325\" \/>\n<meta name=\"geo.region\" content=\"Poland\" \/>\n<!-- \/ Yoast SEO Premium plugin. -->","yoast_head_json":{"title":"Liquid Lanolin Conditioner and Sheepskin Cleaner - Producent owczych sk\u00f3r dekoracyjnych | Tannery Sheepskin | KalSk\u00f3r","robots":{"index":"index","follow":"follow","max-snippet":"max-snippet:-1","max-image-preview":"max-image-preview:large","max-video-preview":"max-video-preview:-1"},"canonical":"https:\/\/tannery-sheepskin.com\/en\/produkt\/lanolina-w-plynie-srodek-do-pielegnacji-i-czyszczenia-skor-owczych\/","og_locale":"en_US","og_type":"article","og_title":"Liquid Lanolin Conditioner and Sheepskin Cleaner","og_description":"Lanolin Liquid 100 ml with a convenient dispenser:  The emulsion is designed for professional cleaning and refreshing of wool products, both sheepskin and natural leather products, substances contained in lanolin deeply penetrate the fibre structure and remove stubborn stains, at the same time taking care of softness and durability of hair.  Directions for use Cleaning :  We spray the leather or the product only after the hair, remember not to soak the leather itself. Unfortunately, natural leather reacts very poorly to excess moisture. The next step is to rub the agent deep into the hair using a comb, brush or sponge.  How to use Hair Refresher :  In order to refresh the hair we spray the hair with lanolin and then we brush the still wet hair and leave it to dry.  Translated with www.DeepL.com\/Translator (free version)","og_url":"https:\/\/tannery-sheepskin.com\/en\/produkt\/lanolina-w-plynie-srodek-do-pielegnacji-i-czyszczenia-skor-owczych\/","og_site_name":"Producent owczych sk\u00f3r dekoracyjnych | Tannery Sheepskin | KalSk\u00f3r","article_modified_time":"2022-07-28T14:07:05+00:00","og_image":[{"width":500,"height":500,"url":"https:\/\/tannery-sheepskin.com\/wp-content\/uploads\/2021\/10\/20211007_130555-removebg-preview.png","type":"image\/png"}],"twitter_card":"summary_large_image","twitter_misc":{"Price":"29,00&nbsp;&#122;&#322;","Availability":"In stock"},"schema":{"@context":"https:\/\/schema.org","@graph":[{"@type":["Organization","Place"],"@id":"https:\/\/tannery-sheepskin.com\/en\/#organization","name":"Tannery Sheepskin KalSk\u00f3r","url":"https:\/\/tannery-sheepskin.com\/en\/","sameAs":[],"logo":{"@id":"https:\/\/tannery-sheepskin.com\/en\/produkt\/lanolina-w-plynie-srodek-do-pielegnacji-i-czyszczenia-skor-owczych\/#local-main-organization-logo"},"image":{"@id":"https:\/\/tannery-sheepskin.com\/en\/produkt\/lanolina-w-plynie-srodek-do-pielegnacji-i-czyszczenia-skor-owczych\/#local-main-organization-logo"},"address":{"@id":"https:\/\/tannery-sheepskin.com\/en\/produkt\/lanolina-w-plynie-srodek-do-pielegnacji-i-czyszczenia-skor-owczych\/#local-main-place-address"},"geo":{"@type":"GeoCoordinates","latitude":"49.4412818","longitude":"20.0215325"},"telephone":["882-550-122","888-267-329","882-550-122","888-267-329"],"openingHoursSpecification":[{"@type":"OpeningHoursSpecification","dayOfWeek":["Monday","Tuesday","Wednesday","Thursday","Friday","Saturday","Sunday"],"opens":"09:00","closes":"17:00"}],"email":"detal@wyprawa-skor.pl","taxID":"7352805338"},{"@type":"WebSite","@id":"https:\/\/tannery-sheepskin.com\/en\/#website","url":"https:\/\/tannery-sheepskin.com\/en\/","name":"Producent owczych sk\u00f3r dekoracyjnych | Tannery Sheepskin | KalSk\u00f3r","description":"Firma KALSK\u00d3R istnieje na rynku od 1989r i od tych w\u0142a\u015bnie lat cieszy si\u0119 bardzo dobrym zaufaniem w\u015br\u00f3d wszystkich klient\u00f3w. Zajmujemy si\u0119 produkcj\u0105 wysokiej jako\u015bci ko\u017cuch\u00f3w damskich, m\u0119skich, sk\u00f3r dekoracyjnych oraz ko\u017cuch\u00f3w dzieci\u0119cych, a tak\u017ce produkcj\u0105 kamizelek, czapek, r\u0119kawiczek oraz bucik\u00f3w ze sk\u00f3r futerkowych. Ko\u017cuchy kt\u00f3re posiadamy produkowane s\u0105 na najlepszych sk\u00f3rach kt\u00f3re sami importujemy, dlatego nasze ko\u017cuchy sa mi\u0119ciutkie, leciutkie i bardzo \u0142adnie uszyte kt\u00f3re s\u0105 idealnie dopasowane do figury. Nasza firma ka\u017cdego roku wprowadza nowe wzory pod\u0105\u017caj\u0105ce za trendami mody. Firma Kalsk\u00f3r zajmuje si\u0119 tak\u017ce szerok\u0105 produkcj\u0105 wszelkich rodzai sk\u00f3r dekoracyjnych. Sk\u00f3ry kt\u00f3re posiadamy produkowane s\u0105 na naturalnych garbnikach dlatego sk\u00f3ra jest mi\u0119kka, puszysta, o l\u015bni\u0105cym bia\u0142ym w\u0142osie, najlepsze na Podhalu","publisher":{"@id":"https:\/\/tannery-sheepskin.com\/en\/#organization"},"potentialAction":[{"@type":"SearchAction","target":{"@type":"EntryPoint","urlTemplate":"https:\/\/tannery-sheepskin.com\/en\/?s={search_term_string}"},"query-input":"required name=search_term_string"}],"inLanguage":"en-US"},{"@type":"ImageObject","@id":"https:\/\/tannery-sheepskin.com\/en\/produkt\/lanolina-w-plynie-srodek-do-pielegnacji-i-czyszczenia-skor-owczych\/#primaryimage","inLanguage":"en-US","url":"https:\/\/tannery-sheepskin.com\/wp-content\/uploads\/2021\/10\/20211007_130555-removebg-preview.png","contentUrl":"https:\/\/tannery-sheepskin.com\/wp-content\/uploads\/2021\/10\/20211007_130555-removebg-preview.png","width":500,"height":500},{"@type":"WebPage","@id":"https:\/\/tannery-sheepskin.com\/en\/produkt\/lanolina-w-plynie-srodek-do-pielegnacji-i-czyszczenia-skor-owczych\/#webpage","url":"https:\/\/tannery-sheepskin.com\/en\/produkt\/lanolina-w-plynie-srodek-do-pielegnacji-i-czyszczenia-skor-owczych\/","name":"Liquid Lanolin Conditioner and Sheepskin Cleaner - Producent owczych sk\u00f3r dekoracyjnych | Tannery Sheepskin | KalSk\u00f3r","isPartOf":{"@id":"https:\/\/tannery-sheepskin.com\/en\/#website"},"primaryImageOfPage":{"@id":"https:\/\/tannery-sheepskin.com\/en\/produkt\/lanolina-w-plynie-srodek-do-pielegnacji-i-czyszczenia-skor-owczych\/#primaryimage"},"datePublished":"2021-10-07T12:24:17+00:00","dateModified":"2022-07-28T14:07:05+00:00","breadcrumb":{"@id":"https:\/\/tannery-sheepskin.com\/en\/produkt\/lanolina-w-plynie-srodek-do-pielegnacji-i-czyszczenia-skor-owczych\/#breadcrumb"},"inLanguage":"en-US","potentialAction":[{"@type":"ReadAction","target":["https:\/\/tannery-sheepskin.com\/en\/produkt\/lanolina-w-plynie-srodek-do-pielegnacji-i-czyszczenia-skor-owczych\/"]}]},{"@type":"BreadcrumbList","@id":"https:\/\/tannery-sheepskin.com\/en\/produkt\/lanolina-w-plynie-srodek-do-pielegnacji-i-czyszczenia-skor-owczych\/#breadcrumb","itemListElement":[{"@type":"ListItem","position":1,"name":"Strona g\u0142\u00f3wna","item":"https:\/\/tannery-sheepskin.com\/en\/home\/"},{"@type":"ListItem","position":2,"name":"Sklep","item":"https:\/\/tannery-sheepskin.com\/sklep\/"},{"@type":"ListItem","position":3,"name":"Liquid Lanolin Conditioner and Sheepskin Cleaner"}]},{"@type":"PostalAddress","@id":"https:\/\/tannery-sheepskin.com\/en\/produkt\/lanolina-w-plynie-srodek-do-pielegnacji-i-czyszczenia-skor-owczych\/#local-main-place-address","streetAddress":"ul Zakopia\u0144ska 25B, 34-424 Szaflary","addressLocality":"Szaflary","postalCode":"34-424","addressRegion":"Ma\u0142opolska","addressCountry":"PL"},{"@type":"ImageObject","@id":"https:\/\/tannery-sheepskin.com\/en\/produkt\/lanolina-w-plynie-srodek-do-pielegnacji-i-czyszczenia-skor-owczych\/#local-main-organization-logo","inLanguage":"en-US","url":"https:\/\/tannery-sheepskin.com\/wp-content\/uploads\/2021\/11\/logo-min-1.png","contentUrl":"https:\/\/tannery-sheepskin.com\/wp-content\/uploads\/2021\/11\/logo-min-1.png","width":265,"height":81,"caption":"Tannery Sheepskin KalSk\u00f3r"}]},"product_price_amount":"29.00","product_price_currency":"PLN","og_availability":"instock","product_availability":"instock","product_condition":"new","geo.placename":"Szaflary","geo.position":{"lat":"49.4412818","long":"20.0215325"},"geo.region":"Poland"},"_links":{"self":[{"href":"https:\/\/tannery-sheepskin.com\/en\/wp-json\/wp\/v2\/product\/5469"}],"collection":[{"href":"https:\/\/tannery-sheepskin.com\/en\/wp-json\/wp\/v2\/product"}],"about":[{"href":"https:\/\/tannery-sheepskin.com\/en\/wp-json\/wp\/v2\/types\/product"}],"replies":[{"embeddable":true,"href":"https:\/\/tannery-sheepskin.com\/en\/wp-json\/wp\/v2\/comments?post=5469"}],"wp:featuredmedia":[{"embeddable":true,"href":"https:\/\/tannery-sheepskin.com\/en\/wp-json\/wp\/v2\/media\/5464"}],"wp:attachment":[{"href":"https:\/\/tannery-sheepskin.com\/en\/wp-json\/wp\/v2\/media?parent=5469"}],"wp:term":[{"taxonomy":"product_cat","embeddable":true,"href":"https:\/\/tannery-sheepskin.com\/en\/wp-json\/wp\/v2\/product_cat?post=5469"},{"taxonomy":"product_tag","embeddable":true,"href":"https:\/\/tannery-sheepskin.com\/en\/wp-json\/wp\/v2\/product_tag?post=5469"}],"curies":[{"name":"wp","href":"https:\/\/api.w.org\/{rel}","templated":true}]}}