{"id":21353,"date":"2020-09-22T16:09:14","date_gmt":"2020-09-22T14:09:14","guid":{"rendered":"https:\/\/tannery-sheepskin.com\/produkt\/skora-owcza-biala-krotki-wlos\/"},"modified":"2023-12-22T00:01:19","modified_gmt":"2023-12-21T23:01:19","slug":"skora-owcza-biala-krotki-wlos","status":"publish","type":"product","link":"https:\/\/tannery-sheepskin.com\/fr\/produkt\/skora-owcza-biala-krotki-wlos\/","title":{"rendered":"Peau de mouton blanche poils courts"},"content":{"rendered":"<p><strong>Fabrication de haute qualit\u00e9. Excellents d\u00e9tails. Design moderne<\/strong><\/p>\n<p>Les peaux de mouton d\u00e9corant les int\u00e9rieurs bruts, d\u00e9cor\u00e9es selon le principe du minimalisme, ajoutent un caract\u00e8re atmosph\u00e9rique et confortable. La chambre gagne en \u00e9l\u00e9gance et en classe combin\u00e9e \u00e0 un design moderne.<\/p>\n<p>Peau de mouton d\u00e9corative blanche naturelle, ce sont des peaux naturelles non teint\u00e9es, elles ont des propri\u00e9t\u00e9s anti-allergiques et anti-statiques. Utilis\u00e9e sur un si\u00e8ge de voiture, elle soulage les maux de dos lors des d\u00e9placements. Facile d&#8217;entretien : il suffit de le secouer de temps en temps et de le brosser.<\/p>\n<table border=\"0\">\n<tbody>\n<tr>\n<td>Largeur<\/td>\n<td>De 80 \u00e0 140 cm<\/td>\n<\/tr>\n<tr>\n<td>Longueur<\/td>\n<td>de 50 \u00e0 80 cm<\/td>\n<\/tr>\n<tr>\n<td>Longueur des poils<\/td>\n<td>de 2 cm \u00e0 3 cm<\/td>\n<\/tr>\n<\/tbody>\n<\/table>\n","protected":false},"excerpt":{"rendered":"<p><strong>Fabrication de haute qualit\u00e9. Excellents d\u00e9tails. Design moderne<\/strong><\/p>\n<p>Les peaux de mouton d\u00e9corant les int\u00e9rieurs bruts, d\u00e9cor\u00e9es selon le principe du minimalisme, ajoutent un caract\u00e8re atmosph\u00e9rique et confortable. La chambre gagne en \u00e9l\u00e9gance et en classe combin\u00e9e \u00e0 un design moderne.<\/p>\n<p>Peau de mouton d\u00e9corative blanche naturelle, ce sont des peaux naturelles non teint\u00e9es, elles ont des propri\u00e9t\u00e9s anti-allergiques et anti-statiques. Utilis\u00e9e sur un si\u00e8ge de voiture, elle soulage les maux de dos lors des d\u00e9placements. Facile d&#8217;entretien : il suffit de le secouer de temps en temps et de le brosser.<\/p>\n<table border=\"0\">\n<tbody>\n<tr>\n<td>Largeur<\/td>\n<td>De 80 \u00e0 140 cm<\/td>\n<\/tr>\n<tr>\n<td>Longueur<\/td>\n<td>de 50 \u00e0 80 cm<\/td>\n<\/tr>\n<tr>\n<td>Longueur des poils<\/td>\n<td>de 2 cm \u00e0 3 cm<\/td>\n<\/tr>\n<\/tbody>\n<\/table>\n","protected":false},"featured_media":16167,"comment_status":"open","ping_status":"closed","template":"","meta":[],"product_cat":[605],"product_tag":[],"yoast_head":"<!-- This site is optimized with the Yoast SEO Premium plugin v18.2.1 (Yoast SEO v18.4.1) - https:\/\/yoast.com\/wordpress\/plugins\/seo\/ -->\n<title>Peau de mouton blanche poils courts<\/title>\n<meta name=\"description\" content=\"Peaux de mouton d\u00e9coratives blanches naturelles, ce sont des peaux naturelles non teint\u00e9es. Elle a des propri\u00e9t\u00e9s anti-allergiques et anti-statiques.\" \/>\n<meta name=\"robots\" content=\"index, follow, max-snippet:-1, max-image-preview:large, max-video-preview:-1\" \/>\n<link rel=\"canonical\" href=\"https:\/\/tannery-sheepskin.com\/fr\/produkt\/skora-owcza-biala-krotki-wlos\/\" \/>\n<meta property=\"og:locale\" content=\"fr_FR\" \/>\n<meta property=\"og:type\" content=\"article\" \/>\n<meta property=\"og:title\" content=\"Peau de mouton blanche poils courts\" \/>\n<meta property=\"og:description\" content=\"Peaux de mouton d\u00e9coratives blanches naturelles, ce sont des peaux naturelles non teint\u00e9es. Elle a des propri\u00e9t\u00e9s anti-allergiques et anti-statiques.\" \/>\n<meta property=\"og:url\" content=\"https:\/\/tannery-sheepskin.com\/fr\/produkt\/skora-owcza-biala-krotki-wlos\/\" \/>\n<meta property=\"og:site_name\" content=\"Producent owczych sk\u00f3r dekoracyjnych | Tannery Sheepskin | KalSk\u00f3r\" \/>\n<meta property=\"article:modified_time\" content=\"2023-12-21T23:01:19+00:00\" \/>\n<meta property=\"og:image\" content=\"https:\/\/tannery-sheepskin.com\/wp-content\/uploads\/2020\/09\/Skory_kalata_06356-removebg-preview.png\" \/>\n\t<meta property=\"og:image:width\" content=\"447\" \/>\n\t<meta property=\"og:image:height\" content=\"559\" \/>\n\t<meta property=\"og:image:type\" content=\"image\/png\" \/>\n<meta name=\"twitter:card\" content=\"summary_large_image\" \/>\n<meta name=\"twitter:label1\" content=\"Availability\" \/>\n\t<meta name=\"twitter:data1\" content=\"In stock\" \/>\n<script type=\"application\/ld+json\" class=\"yoast-schema-graph\">{\"@context\":\"https:\/\/schema.org\",\"@graph\":[{\"@type\":[\"Organization\",\"Place\"],\"@id\":\"https:\/\/tannery-sheepskin.com\/fr\/#organization\",\"name\":\"Tannery Sheepskin KalSk\u00f3r\",\"url\":\"https:\/\/tannery-sheepskin.com\/fr\/\",\"sameAs\":[],\"logo\":{\"@id\":\"https:\/\/tannery-sheepskin.com\/fr\/produkt\/skora-owcza-biala-krotki-wlos\/#local-main-organization-logo\"},\"image\":{\"@id\":\"https:\/\/tannery-sheepskin.com\/fr\/produkt\/skora-owcza-biala-krotki-wlos\/#local-main-organization-logo\"},\"address\":{\"@id\":\"https:\/\/tannery-sheepskin.com\/fr\/produkt\/skora-owcza-biala-krotki-wlos\/#local-main-place-address\"},\"geo\":{\"@type\":\"GeoCoordinates\",\"latitude\":\"49.4412818\",\"longitude\":\"20.0215325\"},\"telephone\":[\"882-550-122\",\"888-267-329\"],\"openingHoursSpecification\":[{\"@type\":\"OpeningHoursSpecification\",\"dayOfWeek\":[\"Monday\",\"Tuesday\",\"Wednesday\",\"Thursday\",\"Friday\",\"Saturday\",\"Sunday\"],\"opens\":\"09:00\",\"closes\":\"17:00\"}],\"email\":\"detal@wyprawa-skor.pl\",\"taxID\":\"7352805338\"},{\"@type\":\"WebSite\",\"@id\":\"https:\/\/tannery-sheepskin.com\/fr\/#website\",\"url\":\"https:\/\/tannery-sheepskin.com\/fr\/\",\"name\":\"Producent owczych sk\u00f3r dekoracyjnych | Tannery Sheepskin | KalSk\u00f3r\",\"description\":\"Firma KALSK\u00d3R istnieje na rynku od 1989r i od tych w\u0142a\u015bnie lat cieszy si\u0119 bardzo dobrym zaufaniem w\u015br\u00f3d wszystkich klient\u00f3w. Zajmujemy si\u0119 produkcj\u0105 wysokiej jako\u015bci ko\u017cuch\u00f3w damskich, m\u0119skich, sk\u00f3r dekoracyjnych oraz ko\u017cuch\u00f3w dzieci\u0119cych, a tak\u017ce produkcj\u0105 kamizelek, czapek, r\u0119kawiczek oraz bucik\u00f3w ze sk\u00f3r futerkowych. Ko\u017cuchy kt\u00f3re posiadamy produkowane s\u0105 na najlepszych sk\u00f3rach kt\u00f3re sami importujemy, dlatego nasze ko\u017cuchy sa mi\u0119ciutkie, leciutkie i bardzo \u0142adnie uszyte kt\u00f3re s\u0105 idealnie dopasowane do figury. Nasza firma ka\u017cdego roku wprowadza nowe wzory pod\u0105\u017caj\u0105ce za trendami mody. Firma Kalsk\u00f3r zajmuje si\u0119 tak\u017ce szerok\u0105 produkcj\u0105 wszelkich rodzai sk\u00f3r dekoracyjnych. Sk\u00f3ry kt\u00f3re posiadamy produkowane s\u0105 na naturalnych garbnikach dlatego sk\u00f3ra jest mi\u0119kka, puszysta, o l\u015bni\u0105cym bia\u0142ym w\u0142osie, najlepsze na Podhalu\",\"publisher\":{\"@id\":\"https:\/\/tannery-sheepskin.com\/fr\/#organization\"},\"potentialAction\":[{\"@type\":\"SearchAction\",\"target\":{\"@type\":\"EntryPoint\",\"urlTemplate\":\"https:\/\/tannery-sheepskin.com\/fr\/?s={search_term_string}\"},\"query-input\":\"required name=search_term_string\"}],\"inLanguage\":\"fr-FR\"},{\"@type\":\"ImageObject\",\"@id\":\"https:\/\/tannery-sheepskin.com\/fr\/produkt\/skora-owcza-biala-krotki-wlos\/#primaryimage\",\"inLanguage\":\"fr-FR\",\"url\":\"https:\/\/tannery-sheepskin.com\/wp-content\/uploads\/2020\/09\/Skory_kalata_06356-removebg-preview.png\",\"contentUrl\":\"https:\/\/tannery-sheepskin.com\/wp-content\/uploads\/2020\/09\/Skory_kalata_06356-removebg-preview.png\",\"width\":447,\"height\":559},{\"@type\":\"WebPage\",\"@id\":\"https:\/\/tannery-sheepskin.com\/fr\/produkt\/skora-owcza-biala-krotki-wlos\/#webpage\",\"url\":\"https:\/\/tannery-sheepskin.com\/fr\/produkt\/skora-owcza-biala-krotki-wlos\/\",\"name\":\"Peau de mouton blanche poils courts\",\"isPartOf\":{\"@id\":\"https:\/\/tannery-sheepskin.com\/fr\/#website\"},\"primaryImageOfPage\":{\"@id\":\"https:\/\/tannery-sheepskin.com\/fr\/produkt\/skora-owcza-biala-krotki-wlos\/#primaryimage\"},\"datePublished\":\"2020-09-22T14:09:14+00:00\",\"dateModified\":\"2023-12-21T23:01:19+00:00\",\"description\":\"Peaux de mouton d\u00e9coratives blanches naturelles, ce sont des peaux naturelles non teint\u00e9es. Elle a des propri\u00e9t\u00e9s anti-allergiques et anti-statiques.\",\"breadcrumb\":{\"@id\":\"https:\/\/tannery-sheepskin.com\/fr\/produkt\/skora-owcza-biala-krotki-wlos\/#breadcrumb\"},\"inLanguage\":\"fr-FR\",\"potentialAction\":[{\"@type\":\"ReadAction\",\"target\":[\"https:\/\/tannery-sheepskin.com\/fr\/produkt\/skora-owcza-biala-krotki-wlos\/\"]}]},{\"@type\":\"BreadcrumbList\",\"@id\":\"https:\/\/tannery-sheepskin.com\/fr\/produkt\/skora-owcza-biala-krotki-wlos\/#breadcrumb\",\"itemListElement\":[{\"@type\":\"ListItem\",\"position\":1,\"name\":\"Strona g\u0142\u00f3wna\",\"item\":\"https:\/\/tannery-sheepskin.com\/fr\/accueil\/\"},{\"@type\":\"ListItem\",\"position\":2,\"name\":\"Sklep\",\"item\":\"https:\/\/tannery-sheepskin.com\/sklep\/\"},{\"@type\":\"ListItem\",\"position\":3,\"name\":\"Peau de mouton blanche poils courts\"}]},{\"@type\":\"PostalAddress\",\"@id\":\"https:\/\/tannery-sheepskin.com\/fr\/produkt\/skora-owcza-biala-krotki-wlos\/#local-main-place-address\",\"streetAddress\":\"ul Zakopia\u0144ska 25B, 34-424 Szaflary\",\"addressLocality\":\"Szaflary\",\"postalCode\":\"34-424\",\"addressRegion\":\"Ma\u0142opolska\",\"addressCountry\":\"PL\"},{\"@type\":\"ImageObject\",\"@id\":\"https:\/\/tannery-sheepskin.com\/fr\/produkt\/skora-owcza-biala-krotki-wlos\/#local-main-organization-logo\",\"inLanguage\":\"fr-FR\",\"url\":\"https:\/\/tannery-sheepskin.com\/wp-content\/uploads\/2021\/11\/logo-min-1.png\",\"contentUrl\":\"https:\/\/tannery-sheepskin.com\/wp-content\/uploads\/2021\/11\/logo-min-1.png\",\"width\":265,\"height\":81,\"caption\":\"Tannery Sheepskin KalSk\u00f3r\"}]}<\/script>\n<meta property=\"og:availability\" content=\"instock\" \/>\n<meta property=\"product:availability\" content=\"instock\" \/>\n<meta property=\"product:condition\" content=\"new\" \/>\n<meta name=\"geo.placename\" content=\"Szaflary\" \/>\n<meta name=\"geo.position\" content=\"49.4412818;20.0215325\" \/>\n<meta name=\"geo.region\" content=\"Pologne\" \/>\n<!-- \/ Yoast SEO Premium plugin. -->","yoast_head_json":{"title":"Peau de mouton blanche poils courts","description":"Peaux de mouton d\u00e9coratives blanches naturelles, ce sont des peaux naturelles non teint\u00e9es. Elle a des propri\u00e9t\u00e9s anti-allergiques et anti-statiques.","robots":{"index":"index","follow":"follow","max-snippet":"max-snippet:-1","max-image-preview":"max-image-preview:large","max-video-preview":"max-video-preview:-1"},"canonical":"https:\/\/tannery-sheepskin.com\/fr\/produkt\/skora-owcza-biala-krotki-wlos\/","og_locale":"fr_FR","og_type":"article","og_title":"Peau de mouton blanche poils courts","og_description":"Peaux de mouton d\u00e9coratives blanches naturelles, ce sont des peaux naturelles non teint\u00e9es. Elle a des propri\u00e9t\u00e9s anti-allergiques et anti-statiques.","og_url":"https:\/\/tannery-sheepskin.com\/fr\/produkt\/skora-owcza-biala-krotki-wlos\/","og_site_name":"Producent owczych sk\u00f3r dekoracyjnych | Tannery Sheepskin | KalSk\u00f3r","article_modified_time":"2023-12-21T23:01:19+00:00","og_image":[{"width":447,"height":559,"url":"https:\/\/tannery-sheepskin.com\/wp-content\/uploads\/2020\/09\/Skory_kalata_06356-removebg-preview.png","type":"image\/png"}],"twitter_card":"summary_large_image","twitter_misc":{"Availability":"In stock"},"schema":{"@context":"https:\/\/schema.org","@graph":[{"@type":["Organization","Place"],"@id":"https:\/\/tannery-sheepskin.com\/fr\/#organization","name":"Tannery Sheepskin KalSk\u00f3r","url":"https:\/\/tannery-sheepskin.com\/fr\/","sameAs":[],"logo":{"@id":"https:\/\/tannery-sheepskin.com\/fr\/produkt\/skora-owcza-biala-krotki-wlos\/#local-main-organization-logo"},"image":{"@id":"https:\/\/tannery-sheepskin.com\/fr\/produkt\/skora-owcza-biala-krotki-wlos\/#local-main-organization-logo"},"address":{"@id":"https:\/\/tannery-sheepskin.com\/fr\/produkt\/skora-owcza-biala-krotki-wlos\/#local-main-place-address"},"geo":{"@type":"GeoCoordinates","latitude":"49.4412818","longitude":"20.0215325"},"telephone":["882-550-122","888-267-329","882-550-122","888-267-329"],"openingHoursSpecification":[{"@type":"OpeningHoursSpecification","dayOfWeek":["Monday","Tuesday","Wednesday","Thursday","Friday","Saturday","Sunday"],"opens":"09:00","closes":"17:00"}],"email":"detal@wyprawa-skor.pl","taxID":"7352805338"},{"@type":"WebSite","@id":"https:\/\/tannery-sheepskin.com\/fr\/#website","url":"https:\/\/tannery-sheepskin.com\/fr\/","name":"Producent owczych sk\u00f3r dekoracyjnych | Tannery Sheepskin | KalSk\u00f3r","description":"Firma KALSK\u00d3R istnieje na rynku od 1989r i od tych w\u0142a\u015bnie lat cieszy si\u0119 bardzo dobrym zaufaniem w\u015br\u00f3d wszystkich klient\u00f3w. Zajmujemy si\u0119 produkcj\u0105 wysokiej jako\u015bci ko\u017cuch\u00f3w damskich, m\u0119skich, sk\u00f3r dekoracyjnych oraz ko\u017cuch\u00f3w dzieci\u0119cych, a tak\u017ce produkcj\u0105 kamizelek, czapek, r\u0119kawiczek oraz bucik\u00f3w ze sk\u00f3r futerkowych. Ko\u017cuchy kt\u00f3re posiadamy produkowane s\u0105 na najlepszych sk\u00f3rach kt\u00f3re sami importujemy, dlatego nasze ko\u017cuchy sa mi\u0119ciutkie, leciutkie i bardzo \u0142adnie uszyte kt\u00f3re s\u0105 idealnie dopasowane do figury. Nasza firma ka\u017cdego roku wprowadza nowe wzory pod\u0105\u017caj\u0105ce za trendami mody. Firma Kalsk\u00f3r zajmuje si\u0119 tak\u017ce szerok\u0105 produkcj\u0105 wszelkich rodzai sk\u00f3r dekoracyjnych. Sk\u00f3ry kt\u00f3re posiadamy produkowane s\u0105 na naturalnych garbnikach dlatego sk\u00f3ra jest mi\u0119kka, puszysta, o l\u015bni\u0105cym bia\u0142ym w\u0142osie, najlepsze na Podhalu","publisher":{"@id":"https:\/\/tannery-sheepskin.com\/fr\/#organization"},"potentialAction":[{"@type":"SearchAction","target":{"@type":"EntryPoint","urlTemplate":"https:\/\/tannery-sheepskin.com\/fr\/?s={search_term_string}"},"query-input":"required name=search_term_string"}],"inLanguage":"fr-FR"},{"@type":"ImageObject","@id":"https:\/\/tannery-sheepskin.com\/fr\/produkt\/skora-owcza-biala-krotki-wlos\/#primaryimage","inLanguage":"fr-FR","url":"https:\/\/tannery-sheepskin.com\/wp-content\/uploads\/2020\/09\/Skory_kalata_06356-removebg-preview.png","contentUrl":"https:\/\/tannery-sheepskin.com\/wp-content\/uploads\/2020\/09\/Skory_kalata_06356-removebg-preview.png","width":447,"height":559},{"@type":"WebPage","@id":"https:\/\/tannery-sheepskin.com\/fr\/produkt\/skora-owcza-biala-krotki-wlos\/#webpage","url":"https:\/\/tannery-sheepskin.com\/fr\/produkt\/skora-owcza-biala-krotki-wlos\/","name":"Peau de mouton blanche poils courts","isPartOf":{"@id":"https:\/\/tannery-sheepskin.com\/fr\/#website"},"primaryImageOfPage":{"@id":"https:\/\/tannery-sheepskin.com\/fr\/produkt\/skora-owcza-biala-krotki-wlos\/#primaryimage"},"datePublished":"2020-09-22T14:09:14+00:00","dateModified":"2023-12-21T23:01:19+00:00","description":"Peaux de mouton d\u00e9coratives blanches naturelles, ce sont des peaux naturelles non teint\u00e9es. Elle a des propri\u00e9t\u00e9s anti-allergiques et anti-statiques.","breadcrumb":{"@id":"https:\/\/tannery-sheepskin.com\/fr\/produkt\/skora-owcza-biala-krotki-wlos\/#breadcrumb"},"inLanguage":"fr-FR","potentialAction":[{"@type":"ReadAction","target":["https:\/\/tannery-sheepskin.com\/fr\/produkt\/skora-owcza-biala-krotki-wlos\/"]}]},{"@type":"BreadcrumbList","@id":"https:\/\/tannery-sheepskin.com\/fr\/produkt\/skora-owcza-biala-krotki-wlos\/#breadcrumb","itemListElement":[{"@type":"ListItem","position":1,"name":"Strona g\u0142\u00f3wna","item":"https:\/\/tannery-sheepskin.com\/fr\/accueil\/"},{"@type":"ListItem","position":2,"name":"Sklep","item":"https:\/\/tannery-sheepskin.com\/sklep\/"},{"@type":"ListItem","position":3,"name":"Peau de mouton blanche poils courts"}]},{"@type":"PostalAddress","@id":"https:\/\/tannery-sheepskin.com\/fr\/produkt\/skora-owcza-biala-krotki-wlos\/#local-main-place-address","streetAddress":"ul Zakopia\u0144ska 25B, 34-424 Szaflary","addressLocality":"Szaflary","postalCode":"34-424","addressRegion":"Ma\u0142opolska","addressCountry":"PL"},{"@type":"ImageObject","@id":"https:\/\/tannery-sheepskin.com\/fr\/produkt\/skora-owcza-biala-krotki-wlos\/#local-main-organization-logo","inLanguage":"fr-FR","url":"https:\/\/tannery-sheepskin.com\/wp-content\/uploads\/2021\/11\/logo-min-1.png","contentUrl":"https:\/\/tannery-sheepskin.com\/wp-content\/uploads\/2021\/11\/logo-min-1.png","width":265,"height":81,"caption":"Tannery Sheepskin KalSk\u00f3r"}]},"og_availability":"instock","product_availability":"instock","product_condition":"new","geo.placename":"Szaflary","geo.position":{"lat":"49.4412818","long":"20.0215325"},"geo.region":"Pologne"},"_links":{"self":[{"href":"https:\/\/tannery-sheepskin.com\/fr\/wp-json\/wp\/v2\/product\/21353"}],"collection":[{"href":"https:\/\/tannery-sheepskin.com\/fr\/wp-json\/wp\/v2\/product"}],"about":[{"href":"https:\/\/tannery-sheepskin.com\/fr\/wp-json\/wp\/v2\/types\/product"}],"replies":[{"embeddable":true,"href":"https:\/\/tannery-sheepskin.com\/fr\/wp-json\/wp\/v2\/comments?post=21353"}],"wp:featuredmedia":[{"embeddable":true,"href":"https:\/\/tannery-sheepskin.com\/fr\/wp-json\/wp\/v2\/media\/16167"}],"wp:attachment":[{"href":"https:\/\/tannery-sheepskin.com\/fr\/wp-json\/wp\/v2\/media?parent=21353"}],"wp:term":[{"taxonomy":"product_cat","embeddable":true,"href":"https:\/\/tannery-sheepskin.com\/fr\/wp-json\/wp\/v2\/product_cat?post=21353"},{"taxonomy":"product_tag","embeddable":true,"href":"https:\/\/tannery-sheepskin.com\/fr\/wp-json\/wp\/v2\/product_tag?post=21353"}],"curies":[{"name":"wp","href":"https:\/\/api.w.org\/{rel}","templated":true}]}}