{"id":21081,"date":"2023-12-18T22:44:44","date_gmt":"2023-12-18T21:44:44","guid":{"rendered":"https:\/\/tannery-sheepskin.com\/produkt\/schapenvacht-eiland-natuurlijke-kleuren\/"},"modified":"2023-12-18T22:44:44","modified_gmt":"2023-12-18T21:44:44","slug":"schapenvacht-eiland-natuurlijke-kleuren","status":"publish","type":"product","link":"https:\/\/tannery-sheepskin.com\/nl\/produkt\/schapenvacht-eiland-natuurlijke-kleuren\/","title":{"rendered":"Schapenvacht Eiland Natuurlijke Kleuren"},"content":{"rendered":"<table border=\"0\">\n<tbody>\n<tr>\n<td>Lengte<\/td>\n<td>van 90 tot 130 cm<\/td>\n<\/tr>\n<tr>\n<td>Breedte<\/td>\n<td>van 50 tot 80 cm<\/td>\n<\/tr>\n<tr>\n<td>Haarlengte<\/td>\n<td>van 12 cm tot 18 cm<\/td>\n<\/tr>\n<\/tbody>\n<\/table>\n<p><strong>Wysoka jako\u015b\u0107 wykonania. Uitstekende details. Modern ontwerp<br \/>\n<\/strong><\/p>\n<p>Schapenvachten die rauwe interieurs versieren, ingericht volgens het principe van minimalisme, voegen een sfeervol en gezellig karakter toe. De kamer krijgt elegantie en klasse in combinatie met modern design.<\/p>\n<p>De eilandhuid kenmerkt zich door mooi lang haar en natuurlijke kleuren, elke huid is op zijn eigen manier anders en uniek.<\/p>\n<p>Leder in natuurlijke kleuren verkrijgbaar in bruin, grijs, gevlekt, zwart en andere kleuren<\/p>\n<p><strong> <\/strong><\/p>\n<p>Geef bij uw bestelling de kleur van het geselecteerde leer op.<\/p>\n","protected":false},"excerpt":{"rendered":"<table border=\"0\">\n<tbody>\n<tr>\n<td>Lengte<\/td>\n<td>van 90 tot 130 cm<\/td>\n<\/tr>\n<tr>\n<td>Breedte<\/td>\n<td>van 50 tot 80 cm<\/td>\n<\/tr>\n<tr>\n<td>Haarlengte<\/td>\n<td>van 12 cm tot 18 cm<\/td>\n<\/tr>\n<\/tbody>\n<\/table>\n<p><strong>Wysoka jako\u015b\u0107 wykonania. Uitstekende details. Modern ontwerp<br \/>\n<\/strong><\/p>\n<p>Schapenvachten die rauwe interieurs versieren, ingericht volgens het principe van minimalisme, voegen een sfeervol en gezellig karakter toe. De kamer krijgt elegantie en klasse in combinatie met modern design.<\/p>\n<p>De eilandhuid kenmerkt zich door mooi lang haar en natuurlijke kleuren, elke huid is op zijn eigen manier anders en uniek.<\/p>\n<p>Leder in natuurlijke kleuren verkrijgbaar in bruin, grijs, gevlekt, zwart en andere kleuren<\/p>\n<p><strong> <\/strong><\/p>\n<p>Geef bij uw bestelling de kleur van het geselecteerde leer op.<\/p>\n","protected":false},"featured_media":17783,"comment_status":"open","ping_status":"closed","template":"","meta":[],"product_cat":[641,557],"product_tag":[],"yoast_head":"<!-- This site is optimized with the Yoast SEO Premium plugin v18.2.1 (Yoast SEO v18.4.1) - https:\/\/yoast.com\/wordpress\/plugins\/seo\/ -->\n<title>Schapenvacht Eiland Natuurlijke Kleuren - Producent owczych sk\u00f3r dekoracyjnych | Tannery Sheepskin | KalSk\u00f3r<\/title>\n<meta name=\"robots\" content=\"index, follow, max-snippet:-1, max-image-preview:large, max-video-preview:-1\" \/>\n<link rel=\"canonical\" href=\"https:\/\/tannery-sheepskin.com\/nl\/produkt\/schapenvacht-eiland-natuurlijke-kleuren\/\" \/>\n<meta property=\"og:locale\" content=\"nl_NL\" \/>\n<meta property=\"og:type\" content=\"article\" \/>\n<meta property=\"og:title\" content=\"Schapenvacht Eiland Natuurlijke Kleuren\" \/>\n<meta property=\"og:description\" content=\"Lengte van 90 tot 130 cm  Breedte van 50 tot 80 cm  Haarlengte van 12 cm tot 18 cm  Wysoka jako\u015b\u0107 wykonania. Uitstekende details. Modern ontwerp  Schapenvachten die rauwe interieurs versieren, ingericht volgens het principe van minimalisme, voegen een sfeervol en gezellig karakter toe. De kamer krijgt elegantie en klasse in combinatie met modern design. De eilandhuid kenmerkt zich door mooi lang haar en natuurlijke kleuren, elke huid is op zijn eigen manier anders en uniek. Leder in natuurlijke kleuren verkrijgbaar in bruin, grijs, gevlekt, zwart en andere kleuren   Geef bij uw bestelling de kleur van het geselecteerde leer op.\" \/>\n<meta property=\"og:url\" content=\"https:\/\/tannery-sheepskin.com\/nl\/produkt\/schapenvacht-eiland-natuurlijke-kleuren\/\" \/>\n<meta property=\"og:site_name\" content=\"Producent owczych sk\u00f3r dekoracyjnych | Tannery Sheepskin | KalSk\u00f3r\" \/>\n<meta property=\"og:image\" content=\"https:\/\/tannery-sheepskin.com\/wp-content\/uploads\/2019\/04\/Skory_kalata_03148-removebg-preview.png\" \/>\n\t<meta property=\"og:image:width\" content=\"447\" \/>\n\t<meta property=\"og:image:height\" content=\"559\" \/>\n\t<meta property=\"og:image:type\" content=\"image\/png\" \/>\n<meta name=\"twitter:card\" content=\"summary_large_image\" \/>\n<meta name=\"twitter:label1\" content=\"Availability\" \/>\n\t<meta name=\"twitter:data1\" content=\"In stock\" \/>\n<script type=\"application\/ld+json\" class=\"yoast-schema-graph\">{\"@context\":\"https:\/\/schema.org\",\"@graph\":[{\"@type\":[\"Organization\",\"Place\"],\"@id\":\"https:\/\/tannery-sheepskin.com\/nl\/#organization\",\"name\":\"Tannery Sheepskin KalSk\u00f3r\",\"url\":\"https:\/\/tannery-sheepskin.com\/nl\/\",\"sameAs\":[],\"logo\":{\"@id\":\"https:\/\/tannery-sheepskin.com\/nl\/produkt\/schapenvacht-eiland-natuurlijke-kleuren\/#local-main-organization-logo\"},\"image\":{\"@id\":\"https:\/\/tannery-sheepskin.com\/nl\/produkt\/schapenvacht-eiland-natuurlijke-kleuren\/#local-main-organization-logo\"},\"address\":{\"@id\":\"https:\/\/tannery-sheepskin.com\/nl\/produkt\/schapenvacht-eiland-natuurlijke-kleuren\/#local-main-place-address\"},\"geo\":{\"@type\":\"GeoCoordinates\",\"latitude\":\"49.4412818\",\"longitude\":\"20.0215325\"},\"telephone\":[\"882-550-122\",\"888-267-329\"],\"openingHoursSpecification\":[{\"@type\":\"OpeningHoursSpecification\",\"dayOfWeek\":[\"Monday\",\"Tuesday\",\"Wednesday\",\"Thursday\",\"Friday\",\"Saturday\",\"Sunday\"],\"opens\":\"09:00\",\"closes\":\"17:00\"}],\"email\":\"detal@wyprawa-skor.pl\",\"taxID\":\"7352805338\"},{\"@type\":\"WebSite\",\"@id\":\"https:\/\/tannery-sheepskin.com\/nl\/#website\",\"url\":\"https:\/\/tannery-sheepskin.com\/nl\/\",\"name\":\"Producent owczych sk\u00f3r dekoracyjnych | Tannery Sheepskin | KalSk\u00f3r\",\"description\":\"Firma KALSK\u00d3R istnieje na rynku od 1989r i od tych w\u0142a\u015bnie lat cieszy si\u0119 bardzo dobrym zaufaniem w\u015br\u00f3d wszystkich klient\u00f3w. Zajmujemy si\u0119 produkcj\u0105 wysokiej jako\u015bci ko\u017cuch\u00f3w damskich, m\u0119skich, sk\u00f3r dekoracyjnych oraz ko\u017cuch\u00f3w dzieci\u0119cych, a tak\u017ce produkcj\u0105 kamizelek, czapek, r\u0119kawiczek oraz bucik\u00f3w ze sk\u00f3r futerkowych. Ko\u017cuchy kt\u00f3re posiadamy produkowane s\u0105 na najlepszych sk\u00f3rach kt\u00f3re sami importujemy, dlatego nasze ko\u017cuchy sa mi\u0119ciutkie, leciutkie i bardzo \u0142adnie uszyte kt\u00f3re s\u0105 idealnie dopasowane do figury. Nasza firma ka\u017cdego roku wprowadza nowe wzory pod\u0105\u017caj\u0105ce za trendami mody. Firma Kalsk\u00f3r zajmuje si\u0119 tak\u017ce szerok\u0105 produkcj\u0105 wszelkich rodzai sk\u00f3r dekoracyjnych. Sk\u00f3ry kt\u00f3re posiadamy produkowane s\u0105 na naturalnych garbnikach dlatego sk\u00f3ra jest mi\u0119kka, puszysta, o l\u015bni\u0105cym bia\u0142ym w\u0142osie, najlepsze na Podhalu\",\"publisher\":{\"@id\":\"https:\/\/tannery-sheepskin.com\/nl\/#organization\"},\"potentialAction\":[{\"@type\":\"SearchAction\",\"target\":{\"@type\":\"EntryPoint\",\"urlTemplate\":\"https:\/\/tannery-sheepskin.com\/nl\/?s={search_term_string}\"},\"query-input\":\"required name=search_term_string\"}],\"inLanguage\":\"nl-NL\"},{\"@type\":\"ImageObject\",\"@id\":\"https:\/\/tannery-sheepskin.com\/nl\/produkt\/schapenvacht-eiland-natuurlijke-kleuren\/#primaryimage\",\"inLanguage\":\"nl-NL\",\"url\":\"https:\/\/tannery-sheepskin.com\/wp-content\/uploads\/2019\/04\/Skory_kalata_03148-removebg-preview.png\",\"contentUrl\":\"https:\/\/tannery-sheepskin.com\/wp-content\/uploads\/2019\/04\/Skory_kalata_03148-removebg-preview.png\",\"width\":447,\"height\":559},{\"@type\":\"WebPage\",\"@id\":\"https:\/\/tannery-sheepskin.com\/nl\/produkt\/schapenvacht-eiland-natuurlijke-kleuren\/#webpage\",\"url\":\"https:\/\/tannery-sheepskin.com\/nl\/produkt\/schapenvacht-eiland-natuurlijke-kleuren\/\",\"name\":\"Schapenvacht Eiland Natuurlijke Kleuren - Producent owczych sk\u00f3r dekoracyjnych | Tannery Sheepskin | KalSk\u00f3r\",\"isPartOf\":{\"@id\":\"https:\/\/tannery-sheepskin.com\/nl\/#website\"},\"primaryImageOfPage\":{\"@id\":\"https:\/\/tannery-sheepskin.com\/nl\/produkt\/schapenvacht-eiland-natuurlijke-kleuren\/#primaryimage\"},\"datePublished\":\"2023-12-18T21:44:44+00:00\",\"dateModified\":\"2023-12-18T21:44:44+00:00\",\"breadcrumb\":{\"@id\":\"https:\/\/tannery-sheepskin.com\/nl\/produkt\/schapenvacht-eiland-natuurlijke-kleuren\/#breadcrumb\"},\"inLanguage\":\"nl-NL\",\"potentialAction\":[{\"@type\":\"ReadAction\",\"target\":[\"https:\/\/tannery-sheepskin.com\/nl\/produkt\/schapenvacht-eiland-natuurlijke-kleuren\/\"]}]},{\"@type\":\"BreadcrumbList\",\"@id\":\"https:\/\/tannery-sheepskin.com\/nl\/produkt\/schapenvacht-eiland-natuurlijke-kleuren\/#breadcrumb\",\"itemListElement\":[{\"@type\":\"ListItem\",\"position\":1,\"name\":\"Strona g\u0142\u00f3wna\",\"item\":\"https:\/\/tannery-sheepskin.com\/nl\/home\/\"},{\"@type\":\"ListItem\",\"position\":2,\"name\":\"Sklep\",\"item\":\"https:\/\/tannery-sheepskin.com\/sklep\/\"},{\"@type\":\"ListItem\",\"position\":3,\"name\":\"Schapenvacht Eiland Natuurlijke Kleuren\"}]},{\"@type\":\"PostalAddress\",\"@id\":\"https:\/\/tannery-sheepskin.com\/nl\/produkt\/schapenvacht-eiland-natuurlijke-kleuren\/#local-main-place-address\",\"streetAddress\":\"ul Zakopia\u0144ska 25B, 34-424 Szaflary\",\"addressLocality\":\"Szaflary\",\"postalCode\":\"34-424\",\"addressRegion\":\"Ma\u0142opolska\",\"addressCountry\":\"PL\"},{\"@type\":\"ImageObject\",\"@id\":\"https:\/\/tannery-sheepskin.com\/nl\/produkt\/schapenvacht-eiland-natuurlijke-kleuren\/#local-main-organization-logo\",\"inLanguage\":\"nl-NL\",\"url\":\"https:\/\/tannery-sheepskin.com\/wp-content\/uploads\/2021\/11\/logo-min-1.png\",\"contentUrl\":\"https:\/\/tannery-sheepskin.com\/wp-content\/uploads\/2021\/11\/logo-min-1.png\",\"width\":265,\"height\":81,\"caption\":\"Tannery Sheepskin KalSk\u00f3r\"}]}<\/script>\n<meta property=\"og:availability\" content=\"instock\" \/>\n<meta property=\"product:availability\" content=\"instock\" \/>\n<meta property=\"product:retailer_item_id\" content=\"010\" \/>\n<meta property=\"product:condition\" content=\"new\" \/>\n<meta name=\"geo.placename\" content=\"Szaflary\" \/>\n<meta name=\"geo.position\" content=\"49.4412818;20.0215325\" \/>\n<meta name=\"geo.region\" content=\"Polen\" \/>\n<!-- \/ Yoast SEO Premium plugin. -->","yoast_head_json":{"title":"Schapenvacht Eiland Natuurlijke Kleuren - Producent owczych sk\u00f3r dekoracyjnych | Tannery Sheepskin | KalSk\u00f3r","robots":{"index":"index","follow":"follow","max-snippet":"max-snippet:-1","max-image-preview":"max-image-preview:large","max-video-preview":"max-video-preview:-1"},"canonical":"https:\/\/tannery-sheepskin.com\/nl\/produkt\/schapenvacht-eiland-natuurlijke-kleuren\/","og_locale":"nl_NL","og_type":"article","og_title":"Schapenvacht Eiland Natuurlijke Kleuren","og_description":"Lengte van 90 tot 130 cm  Breedte van 50 tot 80 cm  Haarlengte van 12 cm tot 18 cm  Wysoka jako\u015b\u0107 wykonania. Uitstekende details. Modern ontwerp  Schapenvachten die rauwe interieurs versieren, ingericht volgens het principe van minimalisme, voegen een sfeervol en gezellig karakter toe. De kamer krijgt elegantie en klasse in combinatie met modern design. De eilandhuid kenmerkt zich door mooi lang haar en natuurlijke kleuren, elke huid is op zijn eigen manier anders en uniek. Leder in natuurlijke kleuren verkrijgbaar in bruin, grijs, gevlekt, zwart en andere kleuren   Geef bij uw bestelling de kleur van het geselecteerde leer op.","og_url":"https:\/\/tannery-sheepskin.com\/nl\/produkt\/schapenvacht-eiland-natuurlijke-kleuren\/","og_site_name":"Producent owczych sk\u00f3r dekoracyjnych | Tannery Sheepskin | KalSk\u00f3r","og_image":[{"width":447,"height":559,"url":"https:\/\/tannery-sheepskin.com\/wp-content\/uploads\/2019\/04\/Skory_kalata_03148-removebg-preview.png","type":"image\/png"}],"twitter_card":"summary_large_image","twitter_misc":{"Availability":"In stock"},"schema":{"@context":"https:\/\/schema.org","@graph":[{"@type":["Organization","Place"],"@id":"https:\/\/tannery-sheepskin.com\/nl\/#organization","name":"Tannery Sheepskin KalSk\u00f3r","url":"https:\/\/tannery-sheepskin.com\/nl\/","sameAs":[],"logo":{"@id":"https:\/\/tannery-sheepskin.com\/nl\/produkt\/schapenvacht-eiland-natuurlijke-kleuren\/#local-main-organization-logo"},"image":{"@id":"https:\/\/tannery-sheepskin.com\/nl\/produkt\/schapenvacht-eiland-natuurlijke-kleuren\/#local-main-organization-logo"},"address":{"@id":"https:\/\/tannery-sheepskin.com\/nl\/produkt\/schapenvacht-eiland-natuurlijke-kleuren\/#local-main-place-address"},"geo":{"@type":"GeoCoordinates","latitude":"49.4412818","longitude":"20.0215325"},"telephone":["882-550-122","888-267-329","882-550-122","888-267-329"],"openingHoursSpecification":[{"@type":"OpeningHoursSpecification","dayOfWeek":["Monday","Tuesday","Wednesday","Thursday","Friday","Saturday","Sunday"],"opens":"09:00","closes":"17:00"}],"email":"detal@wyprawa-skor.pl","taxID":"7352805338"},{"@type":"WebSite","@id":"https:\/\/tannery-sheepskin.com\/nl\/#website","url":"https:\/\/tannery-sheepskin.com\/nl\/","name":"Producent owczych sk\u00f3r dekoracyjnych | Tannery Sheepskin | KalSk\u00f3r","description":"Firma KALSK\u00d3R istnieje na rynku od 1989r i od tych w\u0142a\u015bnie lat cieszy si\u0119 bardzo dobrym zaufaniem w\u015br\u00f3d wszystkich klient\u00f3w. Zajmujemy si\u0119 produkcj\u0105 wysokiej jako\u015bci ko\u017cuch\u00f3w damskich, m\u0119skich, sk\u00f3r dekoracyjnych oraz ko\u017cuch\u00f3w dzieci\u0119cych, a tak\u017ce produkcj\u0105 kamizelek, czapek, r\u0119kawiczek oraz bucik\u00f3w ze sk\u00f3r futerkowych. Ko\u017cuchy kt\u00f3re posiadamy produkowane s\u0105 na najlepszych sk\u00f3rach kt\u00f3re sami importujemy, dlatego nasze ko\u017cuchy sa mi\u0119ciutkie, leciutkie i bardzo \u0142adnie uszyte kt\u00f3re s\u0105 idealnie dopasowane do figury. Nasza firma ka\u017cdego roku wprowadza nowe wzory pod\u0105\u017caj\u0105ce za trendami mody. Firma Kalsk\u00f3r zajmuje si\u0119 tak\u017ce szerok\u0105 produkcj\u0105 wszelkich rodzai sk\u00f3r dekoracyjnych. Sk\u00f3ry kt\u00f3re posiadamy produkowane s\u0105 na naturalnych garbnikach dlatego sk\u00f3ra jest mi\u0119kka, puszysta, o l\u015bni\u0105cym bia\u0142ym w\u0142osie, najlepsze na Podhalu","publisher":{"@id":"https:\/\/tannery-sheepskin.com\/nl\/#organization"},"potentialAction":[{"@type":"SearchAction","target":{"@type":"EntryPoint","urlTemplate":"https:\/\/tannery-sheepskin.com\/nl\/?s={search_term_string}"},"query-input":"required name=search_term_string"}],"inLanguage":"nl-NL"},{"@type":"ImageObject","@id":"https:\/\/tannery-sheepskin.com\/nl\/produkt\/schapenvacht-eiland-natuurlijke-kleuren\/#primaryimage","inLanguage":"nl-NL","url":"https:\/\/tannery-sheepskin.com\/wp-content\/uploads\/2019\/04\/Skory_kalata_03148-removebg-preview.png","contentUrl":"https:\/\/tannery-sheepskin.com\/wp-content\/uploads\/2019\/04\/Skory_kalata_03148-removebg-preview.png","width":447,"height":559},{"@type":"WebPage","@id":"https:\/\/tannery-sheepskin.com\/nl\/produkt\/schapenvacht-eiland-natuurlijke-kleuren\/#webpage","url":"https:\/\/tannery-sheepskin.com\/nl\/produkt\/schapenvacht-eiland-natuurlijke-kleuren\/","name":"Schapenvacht Eiland Natuurlijke Kleuren - Producent owczych sk\u00f3r dekoracyjnych | Tannery Sheepskin | KalSk\u00f3r","isPartOf":{"@id":"https:\/\/tannery-sheepskin.com\/nl\/#website"},"primaryImageOfPage":{"@id":"https:\/\/tannery-sheepskin.com\/nl\/produkt\/schapenvacht-eiland-natuurlijke-kleuren\/#primaryimage"},"datePublished":"2023-12-18T21:44:44+00:00","dateModified":"2023-12-18T21:44:44+00:00","breadcrumb":{"@id":"https:\/\/tannery-sheepskin.com\/nl\/produkt\/schapenvacht-eiland-natuurlijke-kleuren\/#breadcrumb"},"inLanguage":"nl-NL","potentialAction":[{"@type":"ReadAction","target":["https:\/\/tannery-sheepskin.com\/nl\/produkt\/schapenvacht-eiland-natuurlijke-kleuren\/"]}]},{"@type":"BreadcrumbList","@id":"https:\/\/tannery-sheepskin.com\/nl\/produkt\/schapenvacht-eiland-natuurlijke-kleuren\/#breadcrumb","itemListElement":[{"@type":"ListItem","position":1,"name":"Strona g\u0142\u00f3wna","item":"https:\/\/tannery-sheepskin.com\/nl\/home\/"},{"@type":"ListItem","position":2,"name":"Sklep","item":"https:\/\/tannery-sheepskin.com\/sklep\/"},{"@type":"ListItem","position":3,"name":"Schapenvacht Eiland Natuurlijke Kleuren"}]},{"@type":"PostalAddress","@id":"https:\/\/tannery-sheepskin.com\/nl\/produkt\/schapenvacht-eiland-natuurlijke-kleuren\/#local-main-place-address","streetAddress":"ul Zakopia\u0144ska 25B, 34-424 Szaflary","addressLocality":"Szaflary","postalCode":"34-424","addressRegion":"Ma\u0142opolska","addressCountry":"PL"},{"@type":"ImageObject","@id":"https:\/\/tannery-sheepskin.com\/nl\/produkt\/schapenvacht-eiland-natuurlijke-kleuren\/#local-main-organization-logo","inLanguage":"nl-NL","url":"https:\/\/tannery-sheepskin.com\/wp-content\/uploads\/2021\/11\/logo-min-1.png","contentUrl":"https:\/\/tannery-sheepskin.com\/wp-content\/uploads\/2021\/11\/logo-min-1.png","width":265,"height":81,"caption":"Tannery Sheepskin KalSk\u00f3r"}]},"og_availability":"instock","product_availability":"instock","product_retailer_item_id":"010","product_condition":"new","geo.placename":"Szaflary","geo.position":{"lat":"49.4412818","long":"20.0215325"},"geo.region":"Polen"},"_links":{"self":[{"href":"https:\/\/tannery-sheepskin.com\/nl\/wp-json\/wp\/v2\/product\/21081"}],"collection":[{"href":"https:\/\/tannery-sheepskin.com\/nl\/wp-json\/wp\/v2\/product"}],"about":[{"href":"https:\/\/tannery-sheepskin.com\/nl\/wp-json\/wp\/v2\/types\/product"}],"replies":[{"embeddable":true,"href":"https:\/\/tannery-sheepskin.com\/nl\/wp-json\/wp\/v2\/comments?post=21081"}],"wp:featuredmedia":[{"embeddable":true,"href":"https:\/\/tannery-sheepskin.com\/nl\/wp-json\/wp\/v2\/media\/17783"}],"wp:attachment":[{"href":"https:\/\/tannery-sheepskin.com\/nl\/wp-json\/wp\/v2\/media?parent=21081"}],"wp:term":[{"taxonomy":"product_cat","embeddable":true,"href":"https:\/\/tannery-sheepskin.com\/nl\/wp-json\/wp\/v2\/product_cat?post=21081"},{"taxonomy":"product_tag","embeddable":true,"href":"https:\/\/tannery-sheepskin.com\/nl\/wp-json\/wp\/v2\/product_tag?post=21081"}],"curies":[{"name":"wp","href":"https:\/\/api.w.org\/{rel}","templated":true}]}}