{"id":21198,"date":"2019-05-07T14:33:57","date_gmt":"2019-05-07T12:33:57","guid":{"rendered":"https:\/\/tannery-sheepskin.com\/produkt\/dwustronna-poduszka-ze-skory-owczej\/"},"modified":"2023-12-19T17:48:57","modified_gmt":"2023-12-19T16:48:57","slug":"dwustronna-poduszka-ze-skory-owczej","status":"publish","type":"product","link":"https:\/\/tannery-sheepskin.com\/nl\/produkt\/dwustronna-poduszka-ze-skory-owczej\/","title":{"rendered":"Dubbelzijdig kussen van schapenvacht"},"content":{"rendered":"<div class=\"woocommerce-product-details__short-description\">\n<table border=\"0\">\n<tbody>\n<tr>\n<td>Afmeting kussen<\/td>\n<td>van 40 cm tot 60 cm<\/td>\n<\/tr>\n<tr>\n<td>Haarlengte<\/td>\n<td>van 4 cm tot 20 cm<\/td>\n<\/tr>\n<\/tbody>\n<\/table>\n<p><strong>Wysoka jako\u015b\u0107 wykonania. Uitstekende details. Modern ontwerp.<\/strong><\/p>\n<p>Het product is geschikt voor interieurs in verschillende stijlen. Het kussen is volledig gemaakt van schapenvacht, met een rits aan de zijkant en een &#8220;jas&#8221; kussen aan de binnenkant.<\/p>\n<p>We bieden de mogelijkheid om kussens in elke kleur leer te maken.<\/p>\n<p>Geef de gekozen kleur aan bij je bestelling.<\/p>\n<\/div>\n","protected":false},"excerpt":{"rendered":"<table border=\"0\">\n<tbody>\n<tr>\n<td>Afmeting kussen<\/td>\n<td>van 40 cm tot 60 cm<\/td>\n<\/tr>\n<tr>\n<td>Haarlengte<\/td>\n<td>van 4 cm tot 20 cm<\/td>\n<\/tr>\n<\/tbody>\n<\/table>\n<p><strong>Wysoka jako\u015b\u0107 wykonania. Uitstekende details. Modern ontwerp.<br \/>\n<\/strong><\/p>\n<p>Het product is geschikt voor interieurs in verschillende stijlen. Het kussen is volledig gemaakt van schapenvacht, met een rits aan de zijkant en een &#8220;jas&#8221; kussen aan de binnenkant.<\/p>\n<p>We bieden de mogelijkheid om kussens in elke kleur leer te maken.<\/p>\n<p>Geef de gekozen kleur aan bij je bestelling.<\/p>\n","protected":false},"featured_media":16919,"comment_status":"open","ping_status":"closed","template":"","meta":[],"product_cat":[720],"product_tag":[],"yoast_head":"<!-- This site is optimized with the Yoast SEO Premium plugin v18.2.1 (Yoast SEO v18.4.1) - https:\/\/yoast.com\/wordpress\/plugins\/seo\/ -->\n<title>Dubbelzijdig kussen van schapenvacht - Producent owczych sk\u00f3r dekoracyjnych | Tannery Sheepskin | KalSk\u00f3r<\/title>\n<meta name=\"robots\" content=\"index, follow, max-snippet:-1, max-image-preview:large, max-video-preview:-1\" \/>\n<link rel=\"canonical\" href=\"https:\/\/tannery-sheepskin.com\/nl\/produkt\/dwustronna-poduszka-ze-skory-owczej\/\" \/>\n<meta property=\"og:locale\" content=\"nl_NL\" \/>\n<meta property=\"og:type\" content=\"article\" \/>\n<meta property=\"og:title\" content=\"Dubbelzijdig kussen van schapenvacht\" \/>\n<meta property=\"og:description\" content=\"Afmeting kussen van 40 cm tot 60 cm  Haarlengte van 4 cm tot 20 cm  Wysoka jako\u015b\u0107 wykonania. Uitstekende details. Modern ontwerp.  Het product is geschikt voor interieurs in verschillende stijlen. Het kussen is volledig gemaakt van schapenvacht, met een rits aan de zijkant en een &quot;jas&quot; kussen aan de binnenkant. We bieden de mogelijkheid om kussens in elke kleur leer te maken. Geef de gekozen kleur aan bij je bestelling.\" \/>\n<meta property=\"og:url\" content=\"https:\/\/tannery-sheepskin.com\/nl\/produkt\/dwustronna-poduszka-ze-skory-owczej\/\" \/>\n<meta property=\"og:site_name\" content=\"Producent owczych sk\u00f3r dekoracyjnych | Tannery Sheepskin | KalSk\u00f3r\" \/>\n<meta property=\"article:modified_time\" content=\"2023-12-19T16:48:57+00:00\" \/>\n<meta property=\"og:image\" content=\"https:\/\/tannery-sheepskin.com\/wp-content\/uploads\/2019\/05\/20200430_101714-removebg-previewhh.png\" \/>\n\t<meta property=\"og:image:width\" content=\"460\" \/>\n\t<meta property=\"og:image:height\" content=\"433\" \/>\n\t<meta property=\"og:image:type\" content=\"image\/png\" \/>\n<meta name=\"twitter:card\" content=\"summary_large_image\" \/>\n<meta name=\"twitter:label1\" content=\"Availability\" \/>\n\t<meta name=\"twitter:data1\" content=\"In stock\" \/>\n<script type=\"application\/ld+json\" class=\"yoast-schema-graph\">{\"@context\":\"https:\/\/schema.org\",\"@graph\":[{\"@type\":[\"Organization\",\"Place\"],\"@id\":\"https:\/\/tannery-sheepskin.com\/nl\/#organization\",\"name\":\"Tannery Sheepskin KalSk\u00f3r\",\"url\":\"https:\/\/tannery-sheepskin.com\/nl\/\",\"sameAs\":[],\"logo\":{\"@id\":\"https:\/\/tannery-sheepskin.com\/nl\/produkt\/dwustronna-poduszka-ze-skory-owczej\/#local-main-organization-logo\"},\"image\":{\"@id\":\"https:\/\/tannery-sheepskin.com\/nl\/produkt\/dwustronna-poduszka-ze-skory-owczej\/#local-main-organization-logo\"},\"address\":{\"@id\":\"https:\/\/tannery-sheepskin.com\/nl\/produkt\/dwustronna-poduszka-ze-skory-owczej\/#local-main-place-address\"},\"geo\":{\"@type\":\"GeoCoordinates\",\"latitude\":\"49.4412818\",\"longitude\":\"20.0215325\"},\"telephone\":[\"882-550-122\",\"888-267-329\"],\"openingHoursSpecification\":[{\"@type\":\"OpeningHoursSpecification\",\"dayOfWeek\":[\"Monday\",\"Tuesday\",\"Wednesday\",\"Thursday\",\"Friday\",\"Saturday\",\"Sunday\"],\"opens\":\"09:00\",\"closes\":\"17:00\"}],\"email\":\"detal@wyprawa-skor.pl\",\"taxID\":\"7352805338\"},{\"@type\":\"WebSite\",\"@id\":\"https:\/\/tannery-sheepskin.com\/nl\/#website\",\"url\":\"https:\/\/tannery-sheepskin.com\/nl\/\",\"name\":\"Producent owczych sk\u00f3r dekoracyjnych | Tannery Sheepskin | KalSk\u00f3r\",\"description\":\"Firma KALSK\u00d3R istnieje na rynku od 1989r i od tych w\u0142a\u015bnie lat cieszy si\u0119 bardzo dobrym zaufaniem w\u015br\u00f3d wszystkich klient\u00f3w. Zajmujemy si\u0119 produkcj\u0105 wysokiej jako\u015bci ko\u017cuch\u00f3w damskich, m\u0119skich, sk\u00f3r dekoracyjnych oraz ko\u017cuch\u00f3w dzieci\u0119cych, a tak\u017ce produkcj\u0105 kamizelek, czapek, r\u0119kawiczek oraz bucik\u00f3w ze sk\u00f3r futerkowych. Ko\u017cuchy kt\u00f3re posiadamy produkowane s\u0105 na najlepszych sk\u00f3rach kt\u00f3re sami importujemy, dlatego nasze ko\u017cuchy sa mi\u0119ciutkie, leciutkie i bardzo \u0142adnie uszyte kt\u00f3re s\u0105 idealnie dopasowane do figury. Nasza firma ka\u017cdego roku wprowadza nowe wzory pod\u0105\u017caj\u0105ce za trendami mody. Firma Kalsk\u00f3r zajmuje si\u0119 tak\u017ce szerok\u0105 produkcj\u0105 wszelkich rodzai sk\u00f3r dekoracyjnych. Sk\u00f3ry kt\u00f3re posiadamy produkowane s\u0105 na naturalnych garbnikach dlatego sk\u00f3ra jest mi\u0119kka, puszysta, o l\u015bni\u0105cym bia\u0142ym w\u0142osie, najlepsze na Podhalu\",\"publisher\":{\"@id\":\"https:\/\/tannery-sheepskin.com\/nl\/#organization\"},\"potentialAction\":[{\"@type\":\"SearchAction\",\"target\":{\"@type\":\"EntryPoint\",\"urlTemplate\":\"https:\/\/tannery-sheepskin.com\/nl\/?s={search_term_string}\"},\"query-input\":\"required name=search_term_string\"}],\"inLanguage\":\"nl-NL\"},{\"@type\":\"ImageObject\",\"@id\":\"https:\/\/tannery-sheepskin.com\/nl\/produkt\/dwustronna-poduszka-ze-skory-owczej\/#primaryimage\",\"inLanguage\":\"nl-NL\",\"url\":\"https:\/\/tannery-sheepskin.com\/wp-content\/uploads\/2019\/05\/20200430_101714-removebg-previewhh.png\",\"contentUrl\":\"https:\/\/tannery-sheepskin.com\/wp-content\/uploads\/2019\/05\/20200430_101714-removebg-previewhh.png\",\"width\":460,\"height\":433},{\"@type\":\"WebPage\",\"@id\":\"https:\/\/tannery-sheepskin.com\/nl\/produkt\/dwustronna-poduszka-ze-skory-owczej\/#webpage\",\"url\":\"https:\/\/tannery-sheepskin.com\/nl\/produkt\/dwustronna-poduszka-ze-skory-owczej\/\",\"name\":\"Dubbelzijdig kussen van schapenvacht - Producent owczych sk\u00f3r dekoracyjnych | Tannery Sheepskin | KalSk\u00f3r\",\"isPartOf\":{\"@id\":\"https:\/\/tannery-sheepskin.com\/nl\/#website\"},\"primaryImageOfPage\":{\"@id\":\"https:\/\/tannery-sheepskin.com\/nl\/produkt\/dwustronna-poduszka-ze-skory-owczej\/#primaryimage\"},\"datePublished\":\"2019-05-07T12:33:57+00:00\",\"dateModified\":\"2023-12-19T16:48:57+00:00\",\"breadcrumb\":{\"@id\":\"https:\/\/tannery-sheepskin.com\/nl\/produkt\/dwustronna-poduszka-ze-skory-owczej\/#breadcrumb\"},\"inLanguage\":\"nl-NL\",\"potentialAction\":[{\"@type\":\"ReadAction\",\"target\":[\"https:\/\/tannery-sheepskin.com\/nl\/produkt\/dwustronna-poduszka-ze-skory-owczej\/\"]}]},{\"@type\":\"BreadcrumbList\",\"@id\":\"https:\/\/tannery-sheepskin.com\/nl\/produkt\/dwustronna-poduszka-ze-skory-owczej\/#breadcrumb\",\"itemListElement\":[{\"@type\":\"ListItem\",\"position\":1,\"name\":\"Strona g\u0142\u00f3wna\",\"item\":\"https:\/\/tannery-sheepskin.com\/nl\/home\/\"},{\"@type\":\"ListItem\",\"position\":2,\"name\":\"Sklep\",\"item\":\"https:\/\/tannery-sheepskin.com\/sklep\/\"},{\"@type\":\"ListItem\",\"position\":3,\"name\":\"Dubbelzijdig kussen van schapenvacht\"}]},{\"@type\":\"PostalAddress\",\"@id\":\"https:\/\/tannery-sheepskin.com\/nl\/produkt\/dwustronna-poduszka-ze-skory-owczej\/#local-main-place-address\",\"streetAddress\":\"ul Zakopia\u0144ska 25B, 34-424 Szaflary\",\"addressLocality\":\"Szaflary\",\"postalCode\":\"34-424\",\"addressRegion\":\"Ma\u0142opolska\",\"addressCountry\":\"PL\"},{\"@type\":\"ImageObject\",\"@id\":\"https:\/\/tannery-sheepskin.com\/nl\/produkt\/dwustronna-poduszka-ze-skory-owczej\/#local-main-organization-logo\",\"inLanguage\":\"nl-NL\",\"url\":\"https:\/\/tannery-sheepskin.com\/wp-content\/uploads\/2021\/11\/logo-min-1.png\",\"contentUrl\":\"https:\/\/tannery-sheepskin.com\/wp-content\/uploads\/2021\/11\/logo-min-1.png\",\"width\":265,\"height\":81,\"caption\":\"Tannery Sheepskin KalSk\u00f3r\"}]}<\/script>\n<meta property=\"og:availability\" content=\"instock\" \/>\n<meta property=\"product:availability\" content=\"instock\" \/>\n<meta property=\"product:retailer_item_id\" content=\"046 047\" \/>\n<meta property=\"product:condition\" content=\"new\" \/>\n<meta name=\"geo.placename\" content=\"Szaflary\" \/>\n<meta name=\"geo.position\" content=\"49.4412818;20.0215325\" \/>\n<meta name=\"geo.region\" content=\"Polen\" \/>\n<!-- \/ Yoast SEO Premium plugin. -->","yoast_head_json":{"title":"Dubbelzijdig kussen van schapenvacht - Producent owczych sk\u00f3r dekoracyjnych | Tannery Sheepskin | KalSk\u00f3r","robots":{"index":"index","follow":"follow","max-snippet":"max-snippet:-1","max-image-preview":"max-image-preview:large","max-video-preview":"max-video-preview:-1"},"canonical":"https:\/\/tannery-sheepskin.com\/nl\/produkt\/dwustronna-poduszka-ze-skory-owczej\/","og_locale":"nl_NL","og_type":"article","og_title":"Dubbelzijdig kussen van schapenvacht","og_description":"Afmeting kussen van 40 cm tot 60 cm  Haarlengte van 4 cm tot 20 cm  Wysoka jako\u015b\u0107 wykonania. Uitstekende details. Modern ontwerp.  Het product is geschikt voor interieurs in verschillende stijlen. Het kussen is volledig gemaakt van schapenvacht, met een rits aan de zijkant en een \"jas\" kussen aan de binnenkant. We bieden de mogelijkheid om kussens in elke kleur leer te maken. Geef de gekozen kleur aan bij je bestelling.","og_url":"https:\/\/tannery-sheepskin.com\/nl\/produkt\/dwustronna-poduszka-ze-skory-owczej\/","og_site_name":"Producent owczych sk\u00f3r dekoracyjnych | Tannery Sheepskin | KalSk\u00f3r","article_modified_time":"2023-12-19T16:48:57+00:00","og_image":[{"width":460,"height":433,"url":"https:\/\/tannery-sheepskin.com\/wp-content\/uploads\/2019\/05\/20200430_101714-removebg-previewhh.png","type":"image\/png"}],"twitter_card":"summary_large_image","twitter_misc":{"Availability":"In stock"},"schema":{"@context":"https:\/\/schema.org","@graph":[{"@type":["Organization","Place"],"@id":"https:\/\/tannery-sheepskin.com\/nl\/#organization","name":"Tannery Sheepskin KalSk\u00f3r","url":"https:\/\/tannery-sheepskin.com\/nl\/","sameAs":[],"logo":{"@id":"https:\/\/tannery-sheepskin.com\/nl\/produkt\/dwustronna-poduszka-ze-skory-owczej\/#local-main-organization-logo"},"image":{"@id":"https:\/\/tannery-sheepskin.com\/nl\/produkt\/dwustronna-poduszka-ze-skory-owczej\/#local-main-organization-logo"},"address":{"@id":"https:\/\/tannery-sheepskin.com\/nl\/produkt\/dwustronna-poduszka-ze-skory-owczej\/#local-main-place-address"},"geo":{"@type":"GeoCoordinates","latitude":"49.4412818","longitude":"20.0215325"},"telephone":["882-550-122","888-267-329","882-550-122","888-267-329"],"openingHoursSpecification":[{"@type":"OpeningHoursSpecification","dayOfWeek":["Monday","Tuesday","Wednesday","Thursday","Friday","Saturday","Sunday"],"opens":"09:00","closes":"17:00"}],"email":"detal@wyprawa-skor.pl","taxID":"7352805338"},{"@type":"WebSite","@id":"https:\/\/tannery-sheepskin.com\/nl\/#website","url":"https:\/\/tannery-sheepskin.com\/nl\/","name":"Producent owczych sk\u00f3r dekoracyjnych | Tannery Sheepskin | KalSk\u00f3r","description":"Firma KALSK\u00d3R istnieje na rynku od 1989r i od tych w\u0142a\u015bnie lat cieszy si\u0119 bardzo dobrym zaufaniem w\u015br\u00f3d wszystkich klient\u00f3w. Zajmujemy si\u0119 produkcj\u0105 wysokiej jako\u015bci ko\u017cuch\u00f3w damskich, m\u0119skich, sk\u00f3r dekoracyjnych oraz ko\u017cuch\u00f3w dzieci\u0119cych, a tak\u017ce produkcj\u0105 kamizelek, czapek, r\u0119kawiczek oraz bucik\u00f3w ze sk\u00f3r futerkowych. Ko\u017cuchy kt\u00f3re posiadamy produkowane s\u0105 na najlepszych sk\u00f3rach kt\u00f3re sami importujemy, dlatego nasze ko\u017cuchy sa mi\u0119ciutkie, leciutkie i bardzo \u0142adnie uszyte kt\u00f3re s\u0105 idealnie dopasowane do figury. Nasza firma ka\u017cdego roku wprowadza nowe wzory pod\u0105\u017caj\u0105ce za trendami mody. Firma Kalsk\u00f3r zajmuje si\u0119 tak\u017ce szerok\u0105 produkcj\u0105 wszelkich rodzai sk\u00f3r dekoracyjnych. Sk\u00f3ry kt\u00f3re posiadamy produkowane s\u0105 na naturalnych garbnikach dlatego sk\u00f3ra jest mi\u0119kka, puszysta, o l\u015bni\u0105cym bia\u0142ym w\u0142osie, najlepsze na Podhalu","publisher":{"@id":"https:\/\/tannery-sheepskin.com\/nl\/#organization"},"potentialAction":[{"@type":"SearchAction","target":{"@type":"EntryPoint","urlTemplate":"https:\/\/tannery-sheepskin.com\/nl\/?s={search_term_string}"},"query-input":"required name=search_term_string"}],"inLanguage":"nl-NL"},{"@type":"ImageObject","@id":"https:\/\/tannery-sheepskin.com\/nl\/produkt\/dwustronna-poduszka-ze-skory-owczej\/#primaryimage","inLanguage":"nl-NL","url":"https:\/\/tannery-sheepskin.com\/wp-content\/uploads\/2019\/05\/20200430_101714-removebg-previewhh.png","contentUrl":"https:\/\/tannery-sheepskin.com\/wp-content\/uploads\/2019\/05\/20200430_101714-removebg-previewhh.png","width":460,"height":433},{"@type":"WebPage","@id":"https:\/\/tannery-sheepskin.com\/nl\/produkt\/dwustronna-poduszka-ze-skory-owczej\/#webpage","url":"https:\/\/tannery-sheepskin.com\/nl\/produkt\/dwustronna-poduszka-ze-skory-owczej\/","name":"Dubbelzijdig kussen van schapenvacht - Producent owczych sk\u00f3r dekoracyjnych | Tannery Sheepskin | KalSk\u00f3r","isPartOf":{"@id":"https:\/\/tannery-sheepskin.com\/nl\/#website"},"primaryImageOfPage":{"@id":"https:\/\/tannery-sheepskin.com\/nl\/produkt\/dwustronna-poduszka-ze-skory-owczej\/#primaryimage"},"datePublished":"2019-05-07T12:33:57+00:00","dateModified":"2023-12-19T16:48:57+00:00","breadcrumb":{"@id":"https:\/\/tannery-sheepskin.com\/nl\/produkt\/dwustronna-poduszka-ze-skory-owczej\/#breadcrumb"},"inLanguage":"nl-NL","potentialAction":[{"@type":"ReadAction","target":["https:\/\/tannery-sheepskin.com\/nl\/produkt\/dwustronna-poduszka-ze-skory-owczej\/"]}]},{"@type":"BreadcrumbList","@id":"https:\/\/tannery-sheepskin.com\/nl\/produkt\/dwustronna-poduszka-ze-skory-owczej\/#breadcrumb","itemListElement":[{"@type":"ListItem","position":1,"name":"Strona g\u0142\u00f3wna","item":"https:\/\/tannery-sheepskin.com\/nl\/home\/"},{"@type":"ListItem","position":2,"name":"Sklep","item":"https:\/\/tannery-sheepskin.com\/sklep\/"},{"@type":"ListItem","position":3,"name":"Dubbelzijdig kussen van schapenvacht"}]},{"@type":"PostalAddress","@id":"https:\/\/tannery-sheepskin.com\/nl\/produkt\/dwustronna-poduszka-ze-skory-owczej\/#local-main-place-address","streetAddress":"ul Zakopia\u0144ska 25B, 34-424 Szaflary","addressLocality":"Szaflary","postalCode":"34-424","addressRegion":"Ma\u0142opolska","addressCountry":"PL"},{"@type":"ImageObject","@id":"https:\/\/tannery-sheepskin.com\/nl\/produkt\/dwustronna-poduszka-ze-skory-owczej\/#local-main-organization-logo","inLanguage":"nl-NL","url":"https:\/\/tannery-sheepskin.com\/wp-content\/uploads\/2021\/11\/logo-min-1.png","contentUrl":"https:\/\/tannery-sheepskin.com\/wp-content\/uploads\/2021\/11\/logo-min-1.png","width":265,"height":81,"caption":"Tannery Sheepskin KalSk\u00f3r"}]},"og_availability":"instock","product_availability":"instock","product_retailer_item_id":"046 047","product_condition":"new","geo.placename":"Szaflary","geo.position":{"lat":"49.4412818","long":"20.0215325"},"geo.region":"Polen"},"_links":{"self":[{"href":"https:\/\/tannery-sheepskin.com\/nl\/wp-json\/wp\/v2\/product\/21198"}],"collection":[{"href":"https:\/\/tannery-sheepskin.com\/nl\/wp-json\/wp\/v2\/product"}],"about":[{"href":"https:\/\/tannery-sheepskin.com\/nl\/wp-json\/wp\/v2\/types\/product"}],"replies":[{"embeddable":true,"href":"https:\/\/tannery-sheepskin.com\/nl\/wp-json\/wp\/v2\/comments?post=21198"}],"wp:featuredmedia":[{"embeddable":true,"href":"https:\/\/tannery-sheepskin.com\/nl\/wp-json\/wp\/v2\/media\/16919"}],"wp:attachment":[{"href":"https:\/\/tannery-sheepskin.com\/nl\/wp-json\/wp\/v2\/media?parent=21198"}],"wp:term":[{"taxonomy":"product_cat","embeddable":true,"href":"https:\/\/tannery-sheepskin.com\/nl\/wp-json\/wp\/v2\/product_cat?post=21198"},{"taxonomy":"product_tag","embeddable":true,"href":"https:\/\/tannery-sheepskin.com\/nl\/wp-json\/wp\/v2\/product_tag?post=21198"}],"curies":[{"name":"wp","href":"https:\/\/api.w.org\/{rel}","templated":true}]}}